{"id":14655,"date":"2021-04-20T16:20:26","date_gmt":"2021-04-20T14:20:26","guid":{"rendered":"http:\/\/qblades.nl\/neue-verpackung\/"},"modified":"2022-08-23T09:33:12","modified_gmt":"2022-08-23T07:33:12","slug":"neue-verpackung","status":"publish","type":"page","link":"https:\/\/qblades.nl\/de\/neue-verpackung\/","title":{"rendered":"Neue Verpackung"},"content":{"rendered":"\n<style type=\"text\/css\" data-created_by=\"avia_inline_auto\" id=\"style-css-av-20pbzc-a76f8dbd41a8ac2219d3adfb9f821469\">\n.flex_column.av-20pbzc-a76f8dbd41a8ac2219d3adfb9f821469{\nborder-radius:0px 0px 0px 0px;\npadding:0px 0px 0px 0px;\n}\n<\/style>\n<div  class='flex_column av-20pbzc-a76f8dbd41a8ac2219d3adfb9f821469 av_one_full  avia-builder-el-0  el_before_av_one_half  avia-builder-el-first  first flex_column_div av-zero-column-padding  '     ><section  class='av_textblock_section av-klrrbne6-03e997e4c40c3fca478a66dc2b34c3c0 '   itemscope=\"itemscope\" itemtype=\"https:\/\/schema.org\/CreativeWork\" ><div class='avia_textblock'  itemprop=\"text\" ><h1 style=\"padding-bottom: 30px;\">Neue Verpackung<\/h1>\n<h3>Qblades bietet als erste Multitool Marke eine 100% Plastik-frei Verpackungen f\u00fcr unsere S\u00e4gebl\u00e4tter. Ein Beitrag an eine bessere Umwelt und ein Vorteil f\u00fcr unsere Kunden. Unsere Verpackung ist n\u00e4mlich auch \u00e4usserst nutzerfreundlich, wiederverschliessbar und bietet \u00fcbersichtliche Information.<\/h3>\n<\/div><\/section><\/div><div class='flex_column_table av-20pbzc-3373ea4b66dfa5df38ddfb87b4dc038f sc-av_one_half av-equal-height-column-flextable'>\n<style type=\"text\/css\" data-created_by=\"avia_inline_auto\" id=\"style-css-av-20pbzc-3373ea4b66dfa5df38ddfb87b4dc038f\">\n.flex_column.av-20pbzc-3373ea4b66dfa5df38ddfb87b4dc038f{\nborder-radius:0px 0px 0px 0px;\npadding:0px 0px 0px 0px;\n}\n<\/style>\n<div  class='flex_column av-20pbzc-3373ea4b66dfa5df38ddfb87b4dc038f av_one_half  avia-builder-el-2  el_after_av_one_full  el_before_av_one_half  first flex_column_table_cell av-equal-height-column av-align-middle av-zero-column-padding  column-top-margin'     ><section  class='av_textblock_section av-klrrbne6-03e997e4c40c3fca478a66dc2b34c3c0 '   itemscope=\"itemscope\" itemtype=\"https:\/\/schema.org\/CreativeWork\" ><div class='avia_textblock'  itemprop=\"text\" ><h4>Deutliche Produktinformation<\/h4>\n<p>Die Verpackung mehr Platz f\u00fcr deutliche Produktinformation. Jede Verpackung zeigt ein gro\u00dfes Produktfoto und eine Abbildung der Aufnahme: so finden Sie schnell das richtige S\u00e4geblatt f\u00fcr ihr Multitool. Mit Hilfe der Farbcodierung haben Sie direkt \u00dcbersicht bei der Wahl der ben\u00f6tigten Anwendung.<\/p>\n<\/div><\/section><\/div><\/p>\n<div class='av-flex-placeholder'><\/div>\n<style type=\"text\/css\" data-created_by=\"avia_inline_auto\" id=\"style-css-av-20pbzc-f7f26e1516dd87337638bbeec87d1ad4\">\n.flex_column.av-20pbzc-f7f26e1516dd87337638bbeec87d1ad4{\nborder-radius:0px 0px 0px 0px;\npadding:0px 0px 0px 0px;\n}\n<\/style>\n<div  class='flex_column av-20pbzc-f7f26e1516dd87337638bbeec87d1ad4 av_one_half  avia-builder-el-4  el_after_av_one_half  el_before_av_one_half  flex_column_table_cell av-equal-height-column av-align-middle av-zero-column-padding  column-top-margin'     ><style type=\"text\/css\" data-created_by=\"avia_inline_auto\" id=\"style-css-av-klrrybcx-de93283b220230e1c329748e722d49ba\">\n.avia-image-container.av-klrrybcx-de93283b220230e1c329748e722d49ba img.avia_image{\nbox-shadow:none;\n}\n.avia-image-container.av-klrrybcx-de93283b220230e1c329748e722d49ba .av-image-caption-overlay-center{\ncolor:#ffffff;\n}\n<\/style>\n<div  class='avia-image-container av-klrrybcx-de93283b220230e1c329748e722d49ba av-styling- av-img-linked avia-align-center  avia-builder-el-5  avia-builder-el-no-sibling '   itemprop=\"image\" itemscope=\"itemscope\" itemtype=\"https:\/\/schema.org\/ImageObject\" ><div class=\"avia-image-container-inner\"><div class=\"avia-image-overlay-wrap\"><a href=\"https:\/\/qblades.nl\/wp-content\/uploads\/2021\/03\/duidelijke-productinformatie.jpg\" data-srcset=\"https:\/\/qblades.nl\/wp-content\/uploads\/2021\/03\/duidelijke-productinformatie.jpg 667w, https:\/\/qblades.nl\/wp-content\/uploads\/2021\/03\/duidelijke-productinformatie-300x300.jpg 300w, https:\/\/qblades.nl\/wp-content\/uploads\/2021\/03\/duidelijke-productinformatie-80x80.jpg 80w, https:\/\/qblades.nl\/wp-content\/uploads\/2021\/03\/duidelijke-productinformatie-36x36.jpg 36w, https:\/\/qblades.nl\/wp-content\/uploads\/2021\/03\/duidelijke-productinformatie-180x180.jpg 180w, https:\/\/qblades.nl\/wp-content\/uploads\/2021\/03\/duidelijke-productinformatie-100x100.jpg 100w, https:\/\/qblades.nl\/wp-content\/uploads\/2021\/03\/duidelijke-productinformatie-450x450.jpg 450w\" data-sizes=\"(max-width: 667px) 100vw, 667px\" class='avia_image '  aria-label='Deutliche Produktinformation'><img decoding=\"async\" fetchpriority=\"high\" class='wp-image-14286 avia-img-lazy-loading-not-14286 avia_image ' src=\"https:\/\/qblades.nl\/wp-content\/uploads\/2021\/03\/duidelijke-productinformatie.jpg\" alt='' title='Deutliche Produktinformation'  height=\"667\" width=\"667\"  itemprop=\"thumbnailUrl\" srcset=\"https:\/\/qblades.nl\/wp-content\/uploads\/2021\/03\/duidelijke-productinformatie.jpg 667w, https:\/\/qblades.nl\/wp-content\/uploads\/2021\/03\/duidelijke-productinformatie-300x300.jpg 300w, https:\/\/qblades.nl\/wp-content\/uploads\/2021\/03\/duidelijke-productinformatie-80x80.jpg 80w, https:\/\/qblades.nl\/wp-content\/uploads\/2021\/03\/duidelijke-productinformatie-36x36.jpg 36w, https:\/\/qblades.nl\/wp-content\/uploads\/2021\/03\/duidelijke-productinformatie-180x180.jpg 180w, https:\/\/qblades.nl\/wp-content\/uploads\/2021\/03\/duidelijke-productinformatie-100x100.jpg 100w, https:\/\/qblades.nl\/wp-content\/uploads\/2021\/03\/duidelijke-productinformatie-450x450.jpg 450w\" sizes=\"(max-width: 667px) 100vw, 667px\" \/><\/a><\/div><\/div><\/div><\/div><\/div><!--close column table wrapper. Autoclose: 1 -->\n<div class='flex_column_table av-20pbzc-3373ea4b66dfa5df38ddfb87b4dc038f sc-av_one_half av-equal-height-column-flextable'>\n<style type=\"text\/css\" data-created_by=\"avia_inline_auto\" id=\"style-css-av-20pbzc-3373ea4b66dfa5df38ddfb87b4dc038f\">\n.flex_column.av-20pbzc-3373ea4b66dfa5df38ddfb87b4dc038f{\nborder-radius:0px 0px 0px 0px;\npadding:0px 0px 0px 0px;\n}\n<\/style>\n<div  class='flex_column av-20pbzc-3373ea4b66dfa5df38ddfb87b4dc038f av_one_half  avia-builder-el-6  el_after_av_one_half  el_before_av_one_half  first flex_column_table_cell av-equal-height-column av-align-middle av-zero-column-padding  column-top-margin'     ><style type=\"text\/css\" data-created_by=\"avia_inline_auto\" id=\"style-css-av-klrrybcx-b008a8a867c5f1e7e98c716f1a482a9c\">\n.avia-image-container.av-klrrybcx-b008a8a867c5f1e7e98c716f1a482a9c img.avia_image{\nbox-shadow:none;\n}\n.avia-image-container.av-klrrybcx-b008a8a867c5f1e7e98c716f1a482a9c .av-image-caption-overlay-center{\ncolor:#ffffff;\n}\n<\/style>\n<div  class='avia-image-container av-klrrybcx-b008a8a867c5f1e7e98c716f1a482a9c av-styling- av-img-linked avia-align-center  avia-builder-el-7  avia-builder-el-no-sibling '   itemprop=\"image\" itemscope=\"itemscope\" itemtype=\"https:\/\/schema.org\/ImageObject\" ><div class=\"avia-image-container-inner\"><div class=\"avia-image-overlay-wrap\"><a href=\"https:\/\/qblades.nl\/wp-content\/uploads\/2021\/03\/kleurcodes-1030x1030.jpg\" data-srcset=\"https:\/\/qblades.nl\/wp-content\/uploads\/2021\/03\/kleurcodes-1030x1030.jpg 1030w, https:\/\/qblades.nl\/wp-content\/uploads\/2021\/03\/kleurcodes-300x300.jpg 300w, https:\/\/qblades.nl\/wp-content\/uploads\/2021\/03\/kleurcodes-80x80.jpg 80w, https:\/\/qblades.nl\/wp-content\/uploads\/2021\/03\/kleurcodes-768x768.jpg 768w, https:\/\/qblades.nl\/wp-content\/uploads\/2021\/03\/kleurcodes-36x36.jpg 36w, https:\/\/qblades.nl\/wp-content\/uploads\/2021\/03\/kleurcodes-180x180.jpg 180w, https:\/\/qblades.nl\/wp-content\/uploads\/2021\/03\/kleurcodes-705x705.jpg 705w, https:\/\/qblades.nl\/wp-content\/uploads\/2021\/03\/kleurcodes-100x100.jpg 100w, https:\/\/qblades.nl\/wp-content\/uploads\/2021\/03\/kleurcodes-450x450.jpg 450w, https:\/\/qblades.nl\/wp-content\/uploads\/2021\/03\/kleurcodes.jpg 1200w\" data-sizes=\"(max-width: 1030px) 100vw, 1030px\" class='avia_image '  aria-label='Farbcodierung'><img decoding=\"async\" fetchpriority=\"high\" class='wp-image-14291 avia-img-lazy-loading-not-14291 avia_image ' src=\"https:\/\/qblades.nl\/wp-content\/uploads\/2021\/03\/kleurcodes.jpg\" alt='' title='Farbcodierung'  height=\"1200\" width=\"1200\"  itemprop=\"thumbnailUrl\" srcset=\"https:\/\/qblades.nl\/wp-content\/uploads\/2021\/03\/kleurcodes.jpg 1200w, https:\/\/qblades.nl\/wp-content\/uploads\/2021\/03\/kleurcodes-300x300.jpg 300w, https:\/\/qblades.nl\/wp-content\/uploads\/2021\/03\/kleurcodes-1030x1030.jpg 1030w, https:\/\/qblades.nl\/wp-content\/uploads\/2021\/03\/kleurcodes-80x80.jpg 80w, https:\/\/qblades.nl\/wp-content\/uploads\/2021\/03\/kleurcodes-768x768.jpg 768w, https:\/\/qblades.nl\/wp-content\/uploads\/2021\/03\/kleurcodes-36x36.jpg 36w, https:\/\/qblades.nl\/wp-content\/uploads\/2021\/03\/kleurcodes-180x180.jpg 180w, https:\/\/qblades.nl\/wp-content\/uploads\/2021\/03\/kleurcodes-705x705.jpg 705w, https:\/\/qblades.nl\/wp-content\/uploads\/2021\/03\/kleurcodes-100x100.jpg 100w, https:\/\/qblades.nl\/wp-content\/uploads\/2021\/03\/kleurcodes-450x450.jpg 450w\" sizes=\"(max-width: 1200px) 100vw, 1200px\" \/><\/a><\/div><\/div><\/div><\/div>\n<div class='av-flex-placeholder'><\/div>\n<style type=\"text\/css\" data-created_by=\"avia_inline_auto\" id=\"style-css-av-20pbzc-f7f26e1516dd87337638bbeec87d1ad4\">\n.flex_column.av-20pbzc-f7f26e1516dd87337638bbeec87d1ad4{\nborder-radius:0px 0px 0px 0px;\npadding:0px 0px 0px 0px;\n}\n<\/style>\n<div  class='flex_column av-20pbzc-f7f26e1516dd87337638bbeec87d1ad4 av_one_half  avia-builder-el-8  el_after_av_one_half  el_before_av_one_half  flex_column_table_cell av-equal-height-column av-align-middle av-zero-column-padding  column-top-margin'     ><section  class='av_textblock_section av-klrrbne6-03e997e4c40c3fca478a66dc2b34c3c0 '   itemscope=\"itemscope\" itemtype=\"https:\/\/schema.org\/CreativeWork\" ><div class='avia_textblock'  itemprop=\"text\" ><h4>Farbcodierung<\/h4>\n<p>Das richtige S\u00e4geblatt f\u00fcr jeden Job. Beim S\u00e4gen von Holz und Kunststoff nutzen Sie am Besten ein HCS S\u00e4geblatt (Farbcode Gelb). Wollen Sie au\u00dfer Holz auch Profile, N\u00e4gel oder soger Metallrohre s\u00e4gen, w\u00e4hlen Sie dann ein Bi-Metall S\u00e4geblatt (Farbcode Blau). Zum auswechseln einer Fliese oder bei einer beliebig anderen Bearbeitung von M\u00f6rtel oder Ziegel bieten wir unterschiedliche Diamant- und Hartmetall Zubeh\u00f6re (Farbcode Lila). Unser Sortiment bietet auch Zubeh\u00f6r zum Entfernen von Leim, Kitt und Silikon (Farbcode Gr\u00fcn). Au\u00dferdem bieten wir diverse Sets f\u00fcr unterschiedliche Anwendungen (Farbcode Rot).<\/p>\n<\/div><\/section><\/div><\/div><!--close column table wrapper. Autoclose: 1 -->\n<div class='flex_column_table av-20pbzc-3373ea4b66dfa5df38ddfb87b4dc038f sc-av_one_half av-equal-height-column-flextable'>\n<style type=\"text\/css\" data-created_by=\"avia_inline_auto\" id=\"style-css-av-20pbzc-3373ea4b66dfa5df38ddfb87b4dc038f\">\n.flex_column.av-20pbzc-3373ea4b66dfa5df38ddfb87b4dc038f{\nborder-radius:0px 0px 0px 0px;\npadding:0px 0px 0px 0px;\n}\n<\/style>\n<div  class='flex_column av-20pbzc-3373ea4b66dfa5df38ddfb87b4dc038f av_one_half  avia-builder-el-10  el_after_av_one_half  el_before_av_one_half  first flex_column_table_cell av-equal-height-column av-align-middle av-zero-column-padding  column-top-margin'     ><section  class='av_textblock_section av-klrrbne6-03e997e4c40c3fca478a66dc2b34c3c0 '   itemscope=\"itemscope\" itemtype=\"https:\/\/schema.org\/CreativeWork\" ><div class='avia_textblock'  itemprop=\"text\" ><h4>Gebrauchstips<\/h4>\n<p>Die R\u00fcckseite der Verpackung tr\u00e4gt relevante Produktinformation, wie z.B. Picto\u00b4s, die deutlich die Anwendungsm\u00f6glichkeit zeigen oder n\u00fctzliche Tips: wussten Sie z.B. dass ein HCS S\u00e4geblatt schneller schneidet, wenn weniger Druck auf das S\u00e4geblatt ausge\u00fcbt wird? Oder, da\u00df ein BIM-S\u00e4geblatt bei einer maximalen S\u00e4geschnellheit von &#8220;4&#8221; weniger schnell verbrennt und hierdurch l\u00e4nger h\u00e4lt?<\/p>\n<\/div><\/section><\/div>\n<div class='av-flex-placeholder'><\/div>\n<style type=\"text\/css\" data-created_by=\"avia_inline_auto\" id=\"style-css-av-20pbzc-f7f26e1516dd87337638bbeec87d1ad4\">\n.flex_column.av-20pbzc-f7f26e1516dd87337638bbeec87d1ad4{\nborder-radius:0px 0px 0px 0px;\npadding:0px 0px 0px 0px;\n}\n<\/style>\n<div  class='flex_column av-20pbzc-f7f26e1516dd87337638bbeec87d1ad4 av_one_half  avia-builder-el-12  el_after_av_one_half  el_before_av_one_half  flex_column_table_cell av-equal-height-column av-align-middle av-zero-column-padding  column-top-margin'     ><style type=\"text\/css\" data-created_by=\"avia_inline_auto\" id=\"style-css-av-klrrybcx-e9d07732490f782701ee06e0437baed5\">\n.avia-image-container.av-klrrybcx-e9d07732490f782701ee06e0437baed5 img.avia_image{\nbox-shadow:none;\n}\n.avia-image-container.av-klrrybcx-e9d07732490f782701ee06e0437baed5 .av-image-caption-overlay-center{\ncolor:#ffffff;\n}\n<\/style>\n<div  class='avia-image-container av-klrrybcx-e9d07732490f782701ee06e0437baed5 av-styling- av-img-linked avia-align-center  avia-builder-el-13  avia-builder-el-no-sibling '   itemprop=\"image\" itemscope=\"itemscope\" itemtype=\"https:\/\/schema.org\/ImageObject\" ><div class=\"avia-image-container-inner\"><div class=\"avia-image-overlay-wrap\"><a href=\"https:\/\/qblades.nl\/wp-content\/uploads\/2021\/03\/gebruikerstips.jpg\" data-srcset=\"https:\/\/qblades.nl\/wp-content\/uploads\/2021\/03\/gebruikerstips.jpg 1020w, https:\/\/qblades.nl\/wp-content\/uploads\/2021\/03\/gebruikerstips-300x294.jpg 300w, https:\/\/qblades.nl\/wp-content\/uploads\/2021\/03\/gebruikerstips-768x753.jpg 768w, https:\/\/qblades.nl\/wp-content\/uploads\/2021\/03\/gebruikerstips-36x36.jpg 36w, https:\/\/qblades.nl\/wp-content\/uploads\/2021\/03\/gebruikerstips-705x691.jpg 705w, https:\/\/qblades.nl\/wp-content\/uploads\/2021\/03\/gebruikerstips-450x441.jpg 450w\" data-sizes=\"(max-width: 1020px) 100vw, 1020px\" class='avia_image '  aria-label='Gebrauchstips'><img decoding=\"async\" fetchpriority=\"high\" class='wp-image-14295 avia-img-lazy-loading-not-14295 avia_image ' src=\"https:\/\/qblades.nl\/wp-content\/uploads\/2021\/03\/gebruikerstips.jpg\" alt='' title='Gebrauchstips'  height=\"1000\" width=\"1020\"  itemprop=\"thumbnailUrl\" srcset=\"https:\/\/qblades.nl\/wp-content\/uploads\/2021\/03\/gebruikerstips.jpg 1020w, https:\/\/qblades.nl\/wp-content\/uploads\/2021\/03\/gebruikerstips-300x294.jpg 300w, https:\/\/qblades.nl\/wp-content\/uploads\/2021\/03\/gebruikerstips-768x753.jpg 768w, https:\/\/qblades.nl\/wp-content\/uploads\/2021\/03\/gebruikerstips-36x36.jpg 36w, https:\/\/qblades.nl\/wp-content\/uploads\/2021\/03\/gebruikerstips-705x691.jpg 705w, https:\/\/qblades.nl\/wp-content\/uploads\/2021\/03\/gebruikerstips-450x441.jpg 450w\" sizes=\"(max-width: 1020px) 100vw, 1020px\" \/><\/a><\/div><\/div><\/div><\/div><\/div><!--close column table wrapper. Autoclose: 1 -->\n<div class='flex_column_table av-20pbzc-3373ea4b66dfa5df38ddfb87b4dc038f sc-av_one_half av-equal-height-column-flextable'>\n<style type=\"text\/css\" data-created_by=\"avia_inline_auto\" id=\"style-css-av-20pbzc-3373ea4b66dfa5df38ddfb87b4dc038f\">\n.flex_column.av-20pbzc-3373ea4b66dfa5df38ddfb87b4dc038f{\nborder-radius:0px 0px 0px 0px;\npadding:0px 0px 0px 0px;\n}\n<\/style>\n<div  class='flex_column av-20pbzc-3373ea4b66dfa5df38ddfb87b4dc038f av_one_half  avia-builder-el-14  el_after_av_one_half  el_before_av_one_half  first flex_column_table_cell av-equal-height-column av-align-middle av-zero-column-padding  column-top-margin'     ><style type=\"text\/css\" data-created_by=\"avia_inline_auto\" id=\"style-css-av-klrrybcx-d45c25f2595b3663e100c4e283543788\">\n.avia-image-container.av-klrrybcx-d45c25f2595b3663e100c4e283543788 img.avia_image{\nbox-shadow:none;\n}\n.avia-image-container.av-klrrybcx-d45c25f2595b3663e100c4e283543788 .av-image-caption-overlay-center{\ncolor:#ffffff;\n}\n<\/style>\n<div  class='avia-image-container av-klrrybcx-d45c25f2595b3663e100c4e283543788 av-styling- av-img-linked avia-align-center  avia-builder-el-15  avia-builder-el-no-sibling '   itemprop=\"image\" itemscope=\"itemscope\" itemtype=\"https:\/\/schema.org\/ImageObject\" ><div class=\"avia-image-container-inner\"><div class=\"avia-image-overlay-wrap\"><a href=\"https:\/\/qblades.nl\/wp-content\/uploads\/2021\/03\/display.jpg\" data-srcset=\"https:\/\/qblades.nl\/wp-content\/uploads\/2021\/03\/display.jpg 1000w, https:\/\/qblades.nl\/wp-content\/uploads\/2021\/03\/display-300x300.jpg 300w, https:\/\/qblades.nl\/wp-content\/uploads\/2021\/03\/display-80x80.jpg 80w, https:\/\/qblades.nl\/wp-content\/uploads\/2021\/03\/display-768x768.jpg 768w, https:\/\/qblades.nl\/wp-content\/uploads\/2021\/03\/display-36x36.jpg 36w, https:\/\/qblades.nl\/wp-content\/uploads\/2021\/03\/display-180x180.jpg 180w, https:\/\/qblades.nl\/wp-content\/uploads\/2021\/03\/display-705x705.jpg 705w, https:\/\/qblades.nl\/wp-content\/uploads\/2021\/03\/display-100x100.jpg 100w, https:\/\/qblades.nl\/wp-content\/uploads\/2021\/03\/display-450x450.jpg 450w\" data-sizes=\"(max-width: 1000px) 100vw, 1000px\" class='avia_image '  aria-label='Ladenpr\u00e4sentation'><img decoding=\"async\" fetchpriority=\"high\" class='wp-image-14299 avia-img-lazy-loading-not-14299 avia_image ' src=\"https:\/\/qblades.nl\/wp-content\/uploads\/2021\/03\/display.jpg\" alt='' title='Ladenpr\u00e4sentation'  height=\"1000\" width=\"1000\"  itemprop=\"thumbnailUrl\" srcset=\"https:\/\/qblades.nl\/wp-content\/uploads\/2021\/03\/display.jpg 1000w, https:\/\/qblades.nl\/wp-content\/uploads\/2021\/03\/display-300x300.jpg 300w, https:\/\/qblades.nl\/wp-content\/uploads\/2021\/03\/display-80x80.jpg 80w, https:\/\/qblades.nl\/wp-content\/uploads\/2021\/03\/display-768x768.jpg 768w, https:\/\/qblades.nl\/wp-content\/uploads\/2021\/03\/display-36x36.jpg 36w, https:\/\/qblades.nl\/wp-content\/uploads\/2021\/03\/display-180x180.jpg 180w, https:\/\/qblades.nl\/wp-content\/uploads\/2021\/03\/display-705x705.jpg 705w, https:\/\/qblades.nl\/wp-content\/uploads\/2021\/03\/display-100x100.jpg 100w, https:\/\/qblades.nl\/wp-content\/uploads\/2021\/03\/display-450x450.jpg 450w\" sizes=\"(max-width: 1000px) 100vw, 1000px\" \/><\/a><\/div><\/div><\/div><\/div>\n<div class='av-flex-placeholder'><\/div>\n<style type=\"text\/css\" data-created_by=\"avia_inline_auto\" id=\"style-css-av-20pbzc-f7f26e1516dd87337638bbeec87d1ad4\">\n.flex_column.av-20pbzc-f7f26e1516dd87337638bbeec87d1ad4{\nborder-radius:0px 0px 0px 0px;\npadding:0px 0px 0px 0px;\n}\n<\/style>\n<div  class='flex_column av-20pbzc-f7f26e1516dd87337638bbeec87d1ad4 av_one_half  avia-builder-el-16  el_after_av_one_half  avia-builder-el-last  flex_column_table_cell av-equal-height-column av-align-middle av-zero-column-padding  column-top-margin'     ><section  class='av_textblock_section av-klrrbne6-03e997e4c40c3fca478a66dc2b34c3c0 '   itemscope=\"itemscope\" itemtype=\"https:\/\/schema.org\/CreativeWork\" ><div class='avia_textblock'  itemprop=\"text\" ><h4>Ladenpr\u00e4sentation<\/h4>\n<p>Per April dieses Jahres beliefern wir unsere Kunden ausschliesslich mit unserer neuen Verpackung und werden die kommenden Monate bei allen Kunden die Auslage und Ladenpr\u00e4sentation anpassen. Durch die neue Verpackung entsteht mehr Platz in der Auslage, dadurch kann das Angebot auf gleichbleibender Fl\u00e4che erweitert werden und entsteht auch genug Platz, um Produkt-und Anwendungsinformation in der Auslage zu verarbeiten. <\/p>\n<p>Sollten Sie Fragen haben \u00fcber die neue Verpackung, Anwendungsm\u00f6glichkeiten oder eine technische Frage? Wir stehen ihnen gerne zu Wort. <\/p>\n<p>Ihr Qblades Team.<\/p>\n<\/div><\/section><\/div><\/div><!--close column table wrapper. Autoclose: 1 -->\n","protected":false},"excerpt":{"rendered":"","protected":false},"author":1,"featured_media":0,"parent":0,"menu_order":0,"comment_status":"closed","ping_status":"closed","template":"","meta":{"_monsterinsights_skip_tracking":false,"_monsterinsights_sitenote_active":false,"_monsterinsights_sitenote_note":"","_monsterinsights_sitenote_category":0,"footnotes":""},"class_list":["post-14655","page","type-page","status-publish","hentry"],"yoast_head":"<!-- This site is optimized with the Yoast SEO plugin v27.1.1 - https:\/\/yoast.com\/product\/yoast-seo-wordpress\/ -->\n<title>Neue Verpackung - Qblades<\/title>\n<meta name=\"robots\" content=\"index, follow, max-snippet:-1, max-image-preview:large, max-video-preview:-1\" \/>\n<link rel=\"canonical\" href=\"https:\/\/qblades.nl\/de\/neue-verpackung\/\" \/>\n<meta property=\"og:locale\" content=\"de_DE\" \/>\n<meta property=\"og:type\" content=\"article\" \/>\n<meta property=\"og:title\" content=\"Neue Verpackung - Qblades\" \/>\n<meta property=\"og:url\" content=\"https:\/\/qblades.nl\/de\/neue-verpackung\/\" \/>\n<meta property=\"og:site_name\" content=\"Qblades\" \/>\n<meta property=\"article:publisher\" content=\"https:\/\/www.facebook.com\/qbladescom\/\" \/>\n<meta property=\"article:modified_time\" content=\"2022-08-23T07:33:12+00:00\" \/>\n<meta name=\"twitter:card\" content=\"summary_large_image\" \/>\n<meta name=\"twitter:label1\" content=\"Gesch\u00e4tzte Lesezeit\" \/>\n\t<meta name=\"twitter:data1\" content=\"10\u00a0Minuten\" \/>\n<script type=\"application\/ld+json\" class=\"yoast-schema-graph\">{\"@context\":\"https:\/\/schema.org\",\"@graph\":[{\"@type\":\"WebPage\",\"@id\":\"https:\/\/qblades.nl\/de\/neue-verpackung\/\",\"url\":\"https:\/\/qblades.nl\/de\/neue-verpackung\/\",\"name\":\"Neue Verpackung - Qblades\",\"isPartOf\":{\"@id\":\"https:\/\/qblades.nl\/#website\"},\"datePublished\":\"2021-04-20T14:20:26+00:00\",\"dateModified\":\"2022-08-23T07:33:12+00:00\",\"breadcrumb\":{\"@id\":\"https:\/\/qblades.nl\/de\/neue-verpackung\/#breadcrumb\"},\"inLanguage\":\"de\",\"potentialAction\":[{\"@type\":\"ReadAction\",\"target\":[\"https:\/\/qblades.nl\/de\/neue-verpackung\/\"]}]},{\"@type\":\"BreadcrumbList\",\"@id\":\"https:\/\/qblades.nl\/de\/neue-verpackung\/#breadcrumb\",\"itemListElement\":[{\"@type\":\"ListItem\",\"position\":1,\"name\":\"Home\",\"item\":\"https:\/\/qblades.nl\/de\/homepage\/\"},{\"@type\":\"ListItem\",\"position\":2,\"name\":\"Neue Verpackung\"}]},{\"@type\":\"WebSite\",\"@id\":\"https:\/\/qblades.nl\/#website\",\"url\":\"https:\/\/qblades.nl\/\",\"name\":\"Qblades\",\"description\":\"importeur en distributeur van Multitool zaagbladen en accessoires\",\"publisher\":{\"@id\":\"https:\/\/qblades.nl\/#organization\"},\"potentialAction\":[{\"@type\":\"SearchAction\",\"target\":{\"@type\":\"EntryPoint\",\"urlTemplate\":\"https:\/\/qblades.nl\/?s={search_term_string}\"},\"query-input\":{\"@type\":\"PropertyValueSpecification\",\"valueRequired\":true,\"valueName\":\"search_term_string\"}}],\"inLanguage\":\"de\"},{\"@type\":\"Organization\",\"@id\":\"https:\/\/qblades.nl\/#organization\",\"name\":\"Qblades\",\"url\":\"https:\/\/qblades.nl\/\",\"logo\":{\"@type\":\"ImageObject\",\"inLanguage\":\"de\",\"@id\":\"https:\/\/qblades.nl\/#\/schema\/logo\/image\/\",\"url\":\"http:\/\/qblades.nl\/wp-content\/uploads\/2022\/08\/logo-qblades.png\",\"contentUrl\":\"http:\/\/qblades.nl\/wp-content\/uploads\/2022\/08\/logo-qblades.png\",\"width\":2840,\"height\":1420,\"caption\":\"Qblades\"},\"image\":{\"@id\":\"https:\/\/qblades.nl\/#\/schema\/logo\/image\/\"},\"sameAs\":[\"https:\/\/www.facebook.com\/qbladescom\/\",\"https:\/\/www.linkedin.com\/company\/qblades\"]}]}<\/script>\n<!-- \/ Yoast SEO plugin. -->","yoast_head_json":{"title":"Neue Verpackung - Qblades","robots":{"index":"index","follow":"follow","max-snippet":"max-snippet:-1","max-image-preview":"max-image-preview:large","max-video-preview":"max-video-preview:-1"},"canonical":"https:\/\/qblades.nl\/de\/neue-verpackung\/","og_locale":"de_DE","og_type":"article","og_title":"Neue Verpackung - Qblades","og_url":"https:\/\/qblades.nl\/de\/neue-verpackung\/","og_site_name":"Qblades","article_publisher":"https:\/\/www.facebook.com\/qbladescom\/","article_modified_time":"2022-08-23T07:33:12+00:00","twitter_card":"summary_large_image","twitter_misc":{"Gesch\u00e4tzte Lesezeit":"10\u00a0Minuten"},"schema":{"@context":"https:\/\/schema.org","@graph":[{"@type":"WebPage","@id":"https:\/\/qblades.nl\/de\/neue-verpackung\/","url":"https:\/\/qblades.nl\/de\/neue-verpackung\/","name":"Neue Verpackung - Qblades","isPartOf":{"@id":"https:\/\/qblades.nl\/#website"},"datePublished":"2021-04-20T14:20:26+00:00","dateModified":"2022-08-23T07:33:12+00:00","breadcrumb":{"@id":"https:\/\/qblades.nl\/de\/neue-verpackung\/#breadcrumb"},"inLanguage":"de","potentialAction":[{"@type":"ReadAction","target":["https:\/\/qblades.nl\/de\/neue-verpackung\/"]}]},{"@type":"BreadcrumbList","@id":"https:\/\/qblades.nl\/de\/neue-verpackung\/#breadcrumb","itemListElement":[{"@type":"ListItem","position":1,"name":"Home","item":"https:\/\/qblades.nl\/de\/homepage\/"},{"@type":"ListItem","position":2,"name":"Neue Verpackung"}]},{"@type":"WebSite","@id":"https:\/\/qblades.nl\/#website","url":"https:\/\/qblades.nl\/","name":"Qblades","description":"importeur en distributeur van Multitool zaagbladen en accessoires","publisher":{"@id":"https:\/\/qblades.nl\/#organization"},"potentialAction":[{"@type":"SearchAction","target":{"@type":"EntryPoint","urlTemplate":"https:\/\/qblades.nl\/?s={search_term_string}"},"query-input":{"@type":"PropertyValueSpecification","valueRequired":true,"valueName":"search_term_string"}}],"inLanguage":"de"},{"@type":"Organization","@id":"https:\/\/qblades.nl\/#organization","name":"Qblades","url":"https:\/\/qblades.nl\/","logo":{"@type":"ImageObject","inLanguage":"de","@id":"https:\/\/qblades.nl\/#\/schema\/logo\/image\/","url":"http:\/\/qblades.nl\/wp-content\/uploads\/2022\/08\/logo-qblades.png","contentUrl":"http:\/\/qblades.nl\/wp-content\/uploads\/2022\/08\/logo-qblades.png","width":2840,"height":1420,"caption":"Qblades"},"image":{"@id":"https:\/\/qblades.nl\/#\/schema\/logo\/image\/"},"sameAs":["https:\/\/www.facebook.com\/qbladescom\/","https:\/\/www.linkedin.com\/company\/qblades"]}]}},"_links":{"self":[{"href":"https:\/\/qblades.nl\/de\/wp-json\/wp\/v2\/pages\/14655","targetHints":{"allow":["GET"]}}],"collection":[{"href":"https:\/\/qblades.nl\/de\/wp-json\/wp\/v2\/pages"}],"about":[{"href":"https:\/\/qblades.nl\/de\/wp-json\/wp\/v2\/types\/page"}],"author":[{"embeddable":true,"href":"https:\/\/qblades.nl\/de\/wp-json\/wp\/v2\/users\/1"}],"replies":[{"embeddable":true,"href":"https:\/\/qblades.nl\/de\/wp-json\/wp\/v2\/comments?post=14655"}],"version-history":[{"count":4,"href":"https:\/\/qblades.nl\/de\/wp-json\/wp\/v2\/pages\/14655\/revisions"}],"predecessor-version":[{"id":15990,"href":"https:\/\/qblades.nl\/de\/wp-json\/wp\/v2\/pages\/14655\/revisions\/15990"}],"wp:attachment":[{"href":"https:\/\/qblades.nl\/de\/wp-json\/wp\/v2\/media?parent=14655"}],"curies":[{"name":"wp","href":"https:\/\/api.w.org\/{rel}","templated":true}]}}