{"id":14695,"date":"2021-04-22T14:23:49","date_gmt":"2021-04-22T12:23:49","guid":{"rendered":"http:\/\/qblades.nl\/?page_id=14695"},"modified":"2026-02-18T13:30:16","modified_gmt":"2026-02-18T12:30:16","slug":"privatelabel","status":"publish","type":"page","link":"https:\/\/qblades.nl\/de\/privatelabel\/","title":{"rendered":"Private Label"},"content":{"rendered":"\n<style type=\"text\/css\" data-created_by=\"avia_inline_auto\" id=\"style-css-av-mizqzxxe-51a1a2f89328ce6c8782c539b63ef15b\">\n#top .hr.hr-invisible.av-mizqzxxe-51a1a2f89328ce6c8782c539b63ef15b{\nheight:40px;\n}\n<\/style>\n<div  class='hr av-mizqzxxe-51a1a2f89328ce6c8782c539b63ef15b hr-invisible  avia-builder-el-0  el_before_av_one_fifth  avia-builder-el-first '><span class='hr-inner '><span class=\"hr-inner-style\"><\/span><\/span><\/div>\n<div  class='flex_column av-9c22kuf-353d92b3e74176abfd22de1950a568c5 av_one_fifth  avia-builder-el-1  el_after_av_hr  el_before_av_three_fifth  first flex_column_div  '     ><\/div>\n\n<style type=\"text\/css\" data-created_by=\"avia_inline_auto\" id=\"style-css-av-8ux7cyv-58cae3509c1505885372729ff514851d\">\n.flex_column.av-8ux7cyv-58cae3509c1505885372729ff514851d{\nborder-radius:0px 0px 0px 0px;\npadding:0px 0px 0px 0px;\n}\n<\/style>\n<div  class='flex_column av-8ux7cyv-58cae3509c1505885372729ff514851d av_three_fifth  avia-builder-el-2  el_after_av_one_fifth  el_before_av_one_fifth  flex_column_div av-zero-column-padding  '     ><section  class='av_textblock_section av-miyogyg6-38368ed3de10e2f7e00f6346c6bf0c96 '   itemscope=\"itemscope\" itemtype=\"https:\/\/schema.org\/CreativeWork\" ><div class='avia_textblock'  itemprop=\"text\" ><h1 style=\"padding-bottom: 10px;\">Private label<\/h1>\n<h3 style=\"padding-bottom: 0px; text-transform: uppercase;\">Multitool &#8211; S\u00e4bels\u00e4geblatter &#8211; Stichs\u00e4geblatter<\/h3>\n<\/div><\/section><\/div><div  class='flex_column av-8m3ow1z-d50e2df5b20aa30fc999e521ae48c59d av_one_fifth  avia-builder-el-4  el_after_av_three_fifth  el_before_av_one_full  flex_column_div  '     ><\/div><\/p>\n<div  class='flex_column av-86t9naf-c4f656538507c2cfc4667c5ad8f994f6 av_one_full  avia-builder-el-5  el_after_av_one_fifth  el_before_av_one_fifth  first flex_column_div  column-top-margin'     ><style type=\"text\/css\" data-created_by=\"avia_inline_auto\" id=\"style-css-av-7orcvc7-20745d16597a5f26345bf6f28efdcecd\">\n.avia-image-container.av-7orcvc7-20745d16597a5f26345bf6f28efdcecd img.avia_image{\nbox-shadow:none;\n}\n.avia-image-container.av-7orcvc7-20745d16597a5f26345bf6f28efdcecd .av-image-caption-overlay-center{\ncolor:#ffffff;\n}\n<\/style>\n<div  class='avia-image-container av-7orcvc7-20745d16597a5f26345bf6f28efdcecd av-styling- avia-align-center  avia-builder-el-6  avia-builder-el-no-sibling '   itemprop=\"image\" itemscope=\"itemscope\" itemtype=\"https:\/\/schema.org\/ImageObject\" ><div class=\"avia-image-container-inner\"><div class=\"avia-image-overlay-wrap\"><img decoding=\"async\" fetchpriority=\"high\" class='wp-image-22270 avia-img-lazy-loading-not-22270 avia_image ' src=\"https:\/\/qblades.nl\/wp-content\/uploads\/2026\/02\/privatelabel-header.jpg\" alt='' title='privatelabel-header'  height=\"889\" width=\"1920\"  itemprop=\"thumbnailUrl\" srcset=\"https:\/\/qblades.nl\/wp-content\/uploads\/2026\/02\/privatelabel-header.jpg 1920w, https:\/\/qblades.nl\/wp-content\/uploads\/2026\/02\/privatelabel-header-300x139.jpg 300w, https:\/\/qblades.nl\/wp-content\/uploads\/2026\/02\/privatelabel-header-1030x477.jpg 1030w, https:\/\/qblades.nl\/wp-content\/uploads\/2026\/02\/privatelabel-header-768x356.jpg 768w, https:\/\/qblades.nl\/wp-content\/uploads\/2026\/02\/privatelabel-header-1536x711.jpg 1536w, https:\/\/qblades.nl\/wp-content\/uploads\/2026\/02\/privatelabel-header-1500x695.jpg 1500w, https:\/\/qblades.nl\/wp-content\/uploads\/2026\/02\/privatelabel-header-705x326.jpg 705w, https:\/\/qblades.nl\/wp-content\/uploads\/2026\/02\/privatelabel-header-450x208.jpg 450w\" sizes=\"(max-width: 1920px) 100vw, 1920px\" \/><\/div><\/div><\/div><\/div>\n<div  class='flex_column av-7ahlxfr-9432e7332320ada2d84f3a50483ff2aa av_one_fifth  avia-builder-el-7  el_after_av_one_full  el_before_av_three_fifth  first flex_column_div  column-top-margin'     ><\/div>\n\n<style type=\"text\/css\" data-created_by=\"avia_inline_auto\" id=\"style-css-av-6pg1zbb-42b9d18e9e99e29922299567e1751d7a\">\n.flex_column.av-6pg1zbb-42b9d18e9e99e29922299567e1751d7a{\nborder-radius:0px 0px 0px 0px;\npadding:0px 20px 0px 0px;\n}\n<\/style>\n<div  class='flex_column av-6pg1zbb-42b9d18e9e99e29922299567e1751d7a av_three_fifth  avia-builder-el-8  el_after_av_one_fifth  el_before_av_one_fifth  flex_column_div  column-top-margin'     ><section  class='av_textblock_section av-miyohj06-d321deeaac66a81ac749bcf1b1610c59 '   itemscope=\"itemscope\" itemtype=\"https:\/\/schema.org\/CreativeWork\" ><div class='avia_textblock'  itemprop=\"text\" ><h3>Warum Private Label?<\/h3>\n<p>Die Gr\u00fcnde einer Ausbreitung ihrer Produktpalette unter eigener Marke k\u00f6nnen vielf\u00e4ltig sein; Umsatzsteigerung, Positionierung gegen\u00fcber den Mitbewerbern oder eine st\u00e4rkere Positionierung ihrer A-Marken. In jedem Fall ben\u00f6tigen Sie einen Partner der ihnen professionelle Qualit\u00e4t in Produkt und Prozess bietet, an ihrer Seite steht mit pers\u00f6nlichem Kontakt und Erfahrung und mit einem Angebot mit niedrigem Investierungsrisiko und Raum f\u00fcr Flexibilt\u00e4t.<\/p>\n<p>Als Eigenmarke sind Sie sicherlich stets auf der Suche nach Erweiterungsm\u00f6glichkeiten ihres Angebots. Hierbei wollen Sie jedoch das Investierungsrisiko niedrig halten und dennoch alle Vorteile eines Private Labels mit h\u00f6heren Ums\u00e4tzen und bewiesener Kompatibilit\u00e4t mit ihrem Kundensegment.<\/p>\n<p>Wir bieten ein bew\u00e4hrtes Private-Label-Konzept f\u00fcr S\u00e4gebl\u00e4tter f\u00fcr Multifunktionswerkzeuge, Stichs\u00e4gen und S\u00e4bels\u00e4gen an und gew\u00e4hrleisten durch die Nutzung unserer Erfahrung und unseres Know-hows in den folgenden Kernbereichen eine gleichbleibende Qualit\u00e4t von Anfang bis Ende:<\/p>\n<\/div><\/section><\/div>\n<div  class='flex_column av-mur87b-d5de2c371d5a87be96af4e03e2e6c0b3 av_one_fifth  avia-builder-el-10  el_after_av_three_fifth  el_before_av_hr  flex_column_div  column-top-margin'     ><\/div>\n\n<style type=\"text\/css\" data-created_by=\"avia_inline_auto\" id=\"style-css-av-5xt6ngn-8896b3aa64e96c30f27ef2f137ba63de\">\n#top .hr.hr-invisible.av-5xt6ngn-8896b3aa64e96c30f27ef2f137ba63de{\nheight:75px;\n}\n<\/style>\n<div  class='hr av-5xt6ngn-8896b3aa64e96c30f27ef2f137ba63de hr-invisible  avia-builder-el-11  el_after_av_one_fifth  el_before_av_one_fifth '><span class='hr-inner '><span class=\"hr-inner-style\"><\/span><\/span><\/div>\n<div  class='flex_column av-569nclj-89af2d1b74f7153c21f95e5e19f77f14 av_one_fifth  avia-builder-el-12  el_after_av_hr  el_before_av_three_fifth  first flex_column_div  '     ><\/div>\n\n<style type=\"text\/css\" data-created_by=\"avia_inline_auto\" id=\"style-css-av-4rf28iv-0b8b7369bd0e7c764cf62dead0837238\">\n.flex_column.av-4rf28iv-0b8b7369bd0e7c764cf62dead0837238{\nborder-radius:0px 0px 0px 0px;\npadding:0px 0px 0px 0px;\n}\n<\/style>\n<div  class='flex_column av-4rf28iv-0b8b7369bd0e7c764cf62dead0837238 av_three_fifth  avia-builder-el-13  el_after_av_one_fifth  el_before_av_one_fifth  flex_column_div av-zero-column-padding  '     ><section  class='av_textblock_section av-miyohusl-d4571e531245cb1adf27343fbca37a52 '   itemscope=\"itemscope\" itemtype=\"https:\/\/schema.org\/CreativeWork\" ><div class='avia_textblock'  itemprop=\"text\" ><h4>Produkt<\/h4>\n<p>Die Qualit\u00e4t unserer S\u00e4gebl\u00e4tter stammt von der sorgf\u00e4ltigen Durchf\u00fchrung unserer Prozesse: dies beginnt bei der Wahl des richtigen Ausgangsmaterials , den Qualit\u00e4tskontrollen vor und nach der Produktion, den durchgehenden Performancetests und wird abgerundet indem jedes S\u00e4geblatt manuell sortiert und verpackt wird, bevor es unseren Betrieb verl\u00e4sst. Wir gew\u00e4hrleisten eine hohe Konsistenz an Qualit\u00e4t. Unser Sortiment umfasst eine effiziente Auswahl an Bestseller-S\u00e4gebl\u00e4ttern und Zubeh\u00f6r f\u00fcr Multifunktionswerkzeuge, Stichs\u00e4gen und S\u00e4bels\u00e4gen. Unsere Multifunktionswerkzeug-Produkte sind f\u00fcr alle g\u00e4ngigen Anschl\u00fcsse erh\u00e4ltlich. Stichs\u00e4gen und S\u00e4bels\u00e4gen verf\u00fcgen \u00fcber einen Universalanschluss.<\/p>\n<\/div><\/section><br \/>\n\n<style type=\"text\/css\" data-created_by=\"avia_inline_auto\" id=\"style-css-av-4e6gqrr-5acd0662f2f686208696de257bf28d43\">\n.avia-image-container.av-4e6gqrr-5acd0662f2f686208696de257bf28d43 img.avia_image{\nbox-shadow:none;\n}\n.avia-image-container.av-4e6gqrr-5acd0662f2f686208696de257bf28d43 .av-image-caption-overlay-center{\ncolor:#ffffff;\n}\n<\/style>\n<div  class='avia-image-container av-4e6gqrr-5acd0662f2f686208696de257bf28d43 av-styling- av-img-linked avia-align-center  avia-builder-el-15  el_after_av_textblock  el_before_av_textblock '   itemprop=\"image\" itemscope=\"itemscope\" itemtype=\"https:\/\/schema.org\/ImageObject\" ><div class=\"avia-image-container-inner\"><div class=\"avia-image-overlay-wrap\"><a href=\"https:\/\/qblades.nl\/wp-content\/uploads\/2021\/04\/Qblades_Banner_Nieuwe-verpakking3-1030x415.jpg\" data-srcset=\"https:\/\/qblades.nl\/wp-content\/uploads\/2021\/04\/Qblades_Banner_Nieuwe-verpakking3-1030x415.jpg 1030w, https:\/\/qblades.nl\/wp-content\/uploads\/2021\/04\/Qblades_Banner_Nieuwe-verpakking3-300x121.jpg 300w, https:\/\/qblades.nl\/wp-content\/uploads\/2021\/04\/Qblades_Banner_Nieuwe-verpakking3-768x309.jpg 768w, https:\/\/qblades.nl\/wp-content\/uploads\/2021\/04\/Qblades_Banner_Nieuwe-verpakking3-705x284.jpg 705w, https:\/\/qblades.nl\/wp-content\/uploads\/2021\/04\/Qblades_Banner_Nieuwe-verpakking3-450x181.jpg 450w, https:\/\/qblades.nl\/wp-content\/uploads\/2021\/04\/Qblades_Banner_Nieuwe-verpakking3.jpg 1500w\" data-sizes=\"(max-width: 1030px) 100vw, 1030px\" class='avia_image '  aria-label='Qblades_Banner_Nieuwe-verpakking3'><img decoding=\"async\" fetchpriority=\"high\" class='wp-image-14735 avia-img-lazy-loading-not-14735 avia_image ' src=\"https:\/\/qblades.nl\/wp-content\/uploads\/2021\/04\/Qblades_Banner_Nieuwe-verpakking3.jpg\" alt='' title='Qblades_Banner_Nieuwe-verpakking3'  height=\"604\" width=\"1500\"  itemprop=\"thumbnailUrl\" srcset=\"https:\/\/qblades.nl\/wp-content\/uploads\/2021\/04\/Qblades_Banner_Nieuwe-verpakking3.jpg 1500w, https:\/\/qblades.nl\/wp-content\/uploads\/2021\/04\/Qblades_Banner_Nieuwe-verpakking3-300x121.jpg 300w, https:\/\/qblades.nl\/wp-content\/uploads\/2021\/04\/Qblades_Banner_Nieuwe-verpakking3-1030x415.jpg 1030w, https:\/\/qblades.nl\/wp-content\/uploads\/2021\/04\/Qblades_Banner_Nieuwe-verpakking3-768x309.jpg 768w, https:\/\/qblades.nl\/wp-content\/uploads\/2021\/04\/Qblades_Banner_Nieuwe-verpakking3-705x284.jpg 705w, https:\/\/qblades.nl\/wp-content\/uploads\/2021\/04\/Qblades_Banner_Nieuwe-verpakking3-450x181.jpg 450w\" sizes=\"(max-width: 1500px) 100vw, 1500px\" \/><\/a><\/div><\/div><\/div><br \/>\n<section  class='av_textblock_section av-miyoicb2-19ac6e32f133c5fa68de1aa18aae1b35 '   itemscope=\"itemscope\" itemtype=\"https:\/\/schema.org\/CreativeWork\" ><div class='avia_textblock'  itemprop=\"text\" ><h4>Verpackung<\/h4>\n<p>Ein Hauptanliegen f\u00fcr jede Marke ist die Differenzierung zum Mitbewerber. Die richtige Verpackung soielt dabei eine nicht zu untersch\u00e4tzende Schl\u00fcsselrolle. Wir haben die erste indidualisierbare, 100% Plastik-freie Verpackung f\u00fcr Multitool-S\u00e4gebl\u00e4tter und Zubeh\u00f6r entwickelt, die ihnen und ihrer marke die M\u00f6glcihkeit gibt, sich durch Nachhaltigkeit, einzigartigem Design und produkt-spezifischer Information zu unterscheiden.<\/p>\n<\/div><\/section><br \/>\n\n<style type=\"text\/css\" data-created_by=\"avia_inline_auto\" id=\"style-css-av-42veoh3-9c19b71c8d10a12d8e16edf61fa1118d\">\n#top .hr.hr-invisible.av-42veoh3-9c19b71c8d10a12d8e16edf61fa1118d{\nheight:30px;\n}\n<\/style>\n<div  class='hr av-42veoh3-9c19b71c8d10a12d8e16edf61fa1118d hr-invisible  avia-builder-el-17  el_after_av_textblock  el_before_av_textblock '><span class='hr-inner '><span class=\"hr-inner-style\"><\/span><\/span><\/div><br \/>\n<section  class='av_textblock_section av-miyoiud1-42b0a6c56f8c1688f6457e405b724b78 '   itemscope=\"itemscope\" itemtype=\"https:\/\/schema.org\/CreativeWork\" ><div class='avia_textblock'  itemprop=\"text\" ><h4>Logistik<\/h4>\n<p>Wir verstehen wie wichtig Flexibilit\u00e4t f\u00fcr sie ist: daher bieten wir ihnen niedrige MOQ\u00b4s und kurze Lieferzeiten f\u00fcr ein niedriges Risiko. Unser ma\u00dfgeschneidertes Vorratssystem erm\u00f6glicht einen Risiko-freien Start f\u00fcr ihre Marke und hilft ihnen von den Vorteilen eines Private Labels zu profitieren ohne anf\u00e4ngliche, hohe Kapitalbindung in Vorrat. Sobald ihre Marke in dem neuen Segment unter ihren Mitgleidern einmal Fu\u00df gefasst hat, k\u00f6nnen wir ihnen die Erf\u00fcllung der wachsenden Nachfrage ohne Verz\u00f6gerungen oder Engp\u00e4ssen zusagen.<\/p>\n<\/div><\/section><br \/>\n\n<style type=\"text\/css\" data-created_by=\"avia_inline_auto\" id=\"style-css-av-3gjrs4n-bca6c22854624cb63d0f1ba81798a2db\">\n#top .hr.hr-invisible.av-3gjrs4n-bca6c22854624cb63d0f1ba81798a2db{\nheight:30px;\n}\n<\/style>\n<div  class='hr av-3gjrs4n-bca6c22854624cb63d0f1ba81798a2db hr-invisible  avia-builder-el-19  el_after_av_textblock  el_before_av_textblock '><span class='hr-inner '><span class=\"hr-inner-style\"><\/span><\/span><\/div><br \/>\n<section  class='av_textblock_section av-miyoj4h3-5ad8aae1aac29f082161a178b8057cb3 '   itemscope=\"itemscope\" itemtype=\"https:\/\/schema.org\/CreativeWork\" ><div class='avia_textblock'  itemprop=\"text\" ><h4>Service<\/h4>\n<p>F\u00fcr eine erfolgreiche Projektdurchf\u00fchrung sind vor allem pers\u00f6nlicher Kontakt und gegenseitiges Verst\u00e4ndnis essenziell. Wir kommittieren uns an ihren Erfolg indem wir akitve Unterst\u00fctzung bieten: bei der Wahl des richtigen Start-Sortiments, ihrer Marketing-Strategie und dem notwendigen Material. Unsere Erfahrung vom vermarkten mehrerer internationaler Private Labels und unserer eigenen Marke Qblades, teilen wir gerne mit ihnen. Nach Wunsch assistieren wir ihnen sogar beim Entwurf ihrer Verpackung und helfen ihnen unterwegs die richtigen Entscheidungen zu treffen, Schritt f\u00fcr Schritt auf dem Weg hin zu ihrer eigenen Marke in Multitool-S\u00e4gebl\u00e4ttern und Zubeh\u00f6r.<\/p>\n<\/div><\/section><\/p><\/div>\n<div  class='flex_column av-370no7b-db6b8f1d1d72e0758af08517f6e539d1 av_one_fifth  avia-builder-el-21  el_after_av_three_fifth  el_before_av_one_fifth  flex_column_div  '     ><\/div>\n<div  class='flex_column av-2pud0h3-825bee4e78ebeb205b304ee2310dfdf8 av_one_fifth  avia-builder-el-22  el_after_av_one_fifth  el_before_av_three_fifth  first flex_column_div  column-top-margin'     ><\/div>\n<div  class='flex_column av-1wr9yvb-1fc028f110b78051ae6b6db3e94b9a32 av_three_fifth  avia-builder-el-23  el_after_av_one_fifth  el_before_av_one_fifth  flex_column_div  column-top-margin'     ><section  class='av_textblock_section av-1l8pucn-7cc2f07090acb4f4fb3a3dc5d14c5d16 '   itemscope=\"itemscope\" itemtype=\"https:\/\/schema.org\/CreativeWork\" ><div class='avia_textblock'  itemprop=\"text\" ><h2 style=\"text-align: center;\">Interesse?<\/h2>\n<\/div><\/section><br \/>\n<div  class='avia-button-wrap av-miyojsi0-62c92b1d3e2fcc8cf4fc5c08c6c478c4-wrap avia-button-center  avia-builder-el-25  el_after_av_textblock  el_before_av_image '><a href='\/de\/contact'  class='avia-button av-miyojsi0-62c92b1d3e2fcc8cf4fc5c08c6c478c4 av-link-btn avia-icon_select-no avia-size-x-large avia-position-center avia-color-theme-color'  ><span class='avia_iconbox_title' >Nehmen Sie Kontakt mit uns!<\/span><\/a><\/div><br \/>\n\n<style type=\"text\/css\" data-created_by=\"avia_inline_auto\" id=\"style-css-av-137ei07-d8dd2c81cb20fe02edb3bbaf7809fc6d\">\n.avia-image-container.av-137ei07-d8dd2c81cb20fe02edb3bbaf7809fc6d img.avia_image{\nbox-shadow:none;\n}\n.avia-image-container.av-137ei07-d8dd2c81cb20fe02edb3bbaf7809fc6d .av-image-caption-overlay-center{\ncolor:#ffffff;\n}\n<\/style>\n<div  class='avia-image-container av-137ei07-d8dd2c81cb20fe02edb3bbaf7809fc6d av-styling- avia-align-center  avia-builder-el-26  el_after_av_button  avia-builder-el-last '   itemprop=\"image\" itemscope=\"itemscope\" itemtype=\"https:\/\/schema.org\/ImageObject\" ><div class=\"avia-image-container-inner\"><div class=\"avia-image-overlay-wrap\"><img decoding=\"async\" fetchpriority=\"high\" class='wp-image-14741 avia-img-lazy-loading-not-14741 avia_image ' src=\"https:\/\/qblades.nl\/wp-content\/uploads\/2021\/04\/QBLADES_MAP_EUROPE.jpg\" alt='' title='QBLADES_MAP_EUROPE'  height=\"1148\" width=\"1500\"  itemprop=\"thumbnailUrl\" srcset=\"https:\/\/qblades.nl\/wp-content\/uploads\/2021\/04\/QBLADES_MAP_EUROPE.jpg 1500w, https:\/\/qblades.nl\/wp-content\/uploads\/2021\/04\/QBLADES_MAP_EUROPE-300x230.jpg 300w, https:\/\/qblades.nl\/wp-content\/uploads\/2021\/04\/QBLADES_MAP_EUROPE-1030x788.jpg 1030w, https:\/\/qblades.nl\/wp-content\/uploads\/2021\/04\/QBLADES_MAP_EUROPE-768x588.jpg 768w, https:\/\/qblades.nl\/wp-content\/uploads\/2021\/04\/QBLADES_MAP_EUROPE-705x540.jpg 705w, https:\/\/qblades.nl\/wp-content\/uploads\/2021\/04\/QBLADES_MAP_EUROPE-450x344.jpg 450w\" sizes=\"(max-width: 1500px) 100vw, 1500px\" \/><\/div><\/div><\/div><\/p><\/div>\n<div  class='flex_column av-iyhi2v-01d45487f7c3fbb6bc629478a701755d av_one_fifth  avia-builder-el-27  el_after_av_three_fifth  avia-builder-el-last  flex_column_div  column-top-margin'     ><\/div>\n","protected":false},"excerpt":{"rendered":"","protected":false},"author":1,"featured_media":0,"parent":0,"menu_order":0,"comment_status":"closed","ping_status":"closed","template":"","meta":{"_monsterinsights_skip_tracking":false,"_monsterinsights_sitenote_active":false,"_monsterinsights_sitenote_note":"","_monsterinsights_sitenote_category":0,"footnotes":""},"class_list":["post-14695","page","type-page","status-publish","hentry"],"yoast_head":"<!-- This site is optimized with the Yoast SEO plugin v27.3 - https:\/\/yoast.com\/product\/yoast-seo-wordpress\/ -->\n<title>Private Label - Qblades<\/title>\n<meta name=\"robots\" content=\"index, follow, max-snippet:-1, max-image-preview:large, max-video-preview:-1\" \/>\n<link rel=\"canonical\" href=\"https:\/\/qblades.nl\/de\/privatelabel\/\" \/>\n<meta property=\"og:locale\" content=\"de_DE\" \/>\n<meta property=\"og:type\" content=\"article\" \/>\n<meta property=\"og:title\" content=\"Private Label - Qblades\" \/>\n<meta property=\"og:url\" content=\"https:\/\/qblades.nl\/de\/privatelabel\/\" \/>\n<meta property=\"og:site_name\" content=\"Qblades\" \/>\n<meta property=\"article:publisher\" content=\"https:\/\/www.facebook.com\/qbladescom\/\" \/>\n<meta property=\"article:modified_time\" content=\"2026-02-18T12:30:16+00:00\" \/>\n<meta name=\"twitter:card\" content=\"summary_large_image\" \/>\n<script type=\"application\/ld+json\" class=\"yoast-schema-graph\">{\"@context\":\"https:\\\/\\\/schema.org\",\"@graph\":[{\"@type\":\"WebPage\",\"@id\":\"https:\\\/\\\/qblades.nl\\\/de\\\/privatelabel\\\/\",\"url\":\"https:\\\/\\\/qblades.nl\\\/de\\\/privatelabel\\\/\",\"name\":\"Private Label - Qblades\",\"isPartOf\":{\"@id\":\"https:\\\/\\\/qblades.nl\\\/#website\"},\"datePublished\":\"2021-04-22T12:23:49+00:00\",\"dateModified\":\"2026-02-18T12:30:16+00:00\",\"breadcrumb\":{\"@id\":\"https:\\\/\\\/qblades.nl\\\/de\\\/privatelabel\\\/#breadcrumb\"},\"inLanguage\":\"de\",\"potentialAction\":[{\"@type\":\"ReadAction\",\"target\":[\"https:\\\/\\\/qblades.nl\\\/de\\\/privatelabel\\\/\"]}]},{\"@type\":\"BreadcrumbList\",\"@id\":\"https:\\\/\\\/qblades.nl\\\/de\\\/privatelabel\\\/#breadcrumb\",\"itemListElement\":[{\"@type\":\"ListItem\",\"position\":1,\"name\":\"Home\",\"item\":\"https:\\\/\\\/qblades.nl\\\/de\\\/homepage\\\/\"},{\"@type\":\"ListItem\",\"position\":2,\"name\":\"Private Label\"}]},{\"@type\":\"WebSite\",\"@id\":\"https:\\\/\\\/qblades.nl\\\/#website\",\"url\":\"https:\\\/\\\/qblades.nl\\\/\",\"name\":\"Qblades\",\"description\":\"importeur en distributeur van Multitool zaagbladen en accessoires\",\"publisher\":{\"@id\":\"https:\\\/\\\/qblades.nl\\\/#organization\"},\"potentialAction\":[{\"@type\":\"SearchAction\",\"target\":{\"@type\":\"EntryPoint\",\"urlTemplate\":\"https:\\\/\\\/qblades.nl\\\/?s={search_term_string}\"},\"query-input\":{\"@type\":\"PropertyValueSpecification\",\"valueRequired\":true,\"valueName\":\"search_term_string\"}}],\"inLanguage\":\"de\"},{\"@type\":\"Organization\",\"@id\":\"https:\\\/\\\/qblades.nl\\\/#organization\",\"name\":\"Qblades\",\"url\":\"https:\\\/\\\/qblades.nl\\\/\",\"logo\":{\"@type\":\"ImageObject\",\"inLanguage\":\"de\",\"@id\":\"https:\\\/\\\/qblades.nl\\\/#\\\/schema\\\/logo\\\/image\\\/\",\"url\":\"http:\\\/\\\/qblades.nl\\\/wp-content\\\/uploads\\\/2022\\\/08\\\/logo-qblades.png\",\"contentUrl\":\"http:\\\/\\\/qblades.nl\\\/wp-content\\\/uploads\\\/2022\\\/08\\\/logo-qblades.png\",\"width\":2840,\"height\":1420,\"caption\":\"Qblades\"},\"image\":{\"@id\":\"https:\\\/\\\/qblades.nl\\\/#\\\/schema\\\/logo\\\/image\\\/\"},\"sameAs\":[\"https:\\\/\\\/www.facebook.com\\\/qbladescom\\\/\",\"https:\\\/\\\/www.linkedin.com\\\/company\\\/qblades\"]}]}<\/script>\n<!-- \/ Yoast SEO plugin. -->","yoast_head_json":{"title":"Private Label - Qblades","robots":{"index":"index","follow":"follow","max-snippet":"max-snippet:-1","max-image-preview":"max-image-preview:large","max-video-preview":"max-video-preview:-1"},"canonical":"https:\/\/qblades.nl\/de\/privatelabel\/","og_locale":"de_DE","og_type":"article","og_title":"Private Label - Qblades","og_url":"https:\/\/qblades.nl\/de\/privatelabel\/","og_site_name":"Qblades","article_publisher":"https:\/\/www.facebook.com\/qbladescom\/","article_modified_time":"2026-02-18T12:30:16+00:00","twitter_card":"summary_large_image","schema":{"@context":"https:\/\/schema.org","@graph":[{"@type":"WebPage","@id":"https:\/\/qblades.nl\/de\/privatelabel\/","url":"https:\/\/qblades.nl\/de\/privatelabel\/","name":"Private Label - Qblades","isPartOf":{"@id":"https:\/\/qblades.nl\/#website"},"datePublished":"2021-04-22T12:23:49+00:00","dateModified":"2026-02-18T12:30:16+00:00","breadcrumb":{"@id":"https:\/\/qblades.nl\/de\/privatelabel\/#breadcrumb"},"inLanguage":"de","potentialAction":[{"@type":"ReadAction","target":["https:\/\/qblades.nl\/de\/privatelabel\/"]}]},{"@type":"BreadcrumbList","@id":"https:\/\/qblades.nl\/de\/privatelabel\/#breadcrumb","itemListElement":[{"@type":"ListItem","position":1,"name":"Home","item":"https:\/\/qblades.nl\/de\/homepage\/"},{"@type":"ListItem","position":2,"name":"Private Label"}]},{"@type":"WebSite","@id":"https:\/\/qblades.nl\/#website","url":"https:\/\/qblades.nl\/","name":"Qblades","description":"importeur en distributeur van Multitool zaagbladen en accessoires","publisher":{"@id":"https:\/\/qblades.nl\/#organization"},"potentialAction":[{"@type":"SearchAction","target":{"@type":"EntryPoint","urlTemplate":"https:\/\/qblades.nl\/?s={search_term_string}"},"query-input":{"@type":"PropertyValueSpecification","valueRequired":true,"valueName":"search_term_string"}}],"inLanguage":"de"},{"@type":"Organization","@id":"https:\/\/qblades.nl\/#organization","name":"Qblades","url":"https:\/\/qblades.nl\/","logo":{"@type":"ImageObject","inLanguage":"de","@id":"https:\/\/qblades.nl\/#\/schema\/logo\/image\/","url":"http:\/\/qblades.nl\/wp-content\/uploads\/2022\/08\/logo-qblades.png","contentUrl":"http:\/\/qblades.nl\/wp-content\/uploads\/2022\/08\/logo-qblades.png","width":2840,"height":1420,"caption":"Qblades"},"image":{"@id":"https:\/\/qblades.nl\/#\/schema\/logo\/image\/"},"sameAs":["https:\/\/www.facebook.com\/qbladescom\/","https:\/\/www.linkedin.com\/company\/qblades"]}]}},"_links":{"self":[{"href":"https:\/\/qblades.nl\/de\/wp-json\/wp\/v2\/pages\/14695","targetHints":{"allow":["GET"]}}],"collection":[{"href":"https:\/\/qblades.nl\/de\/wp-json\/wp\/v2\/pages"}],"about":[{"href":"https:\/\/qblades.nl\/de\/wp-json\/wp\/v2\/types\/page"}],"author":[{"embeddable":true,"href":"https:\/\/qblades.nl\/de\/wp-json\/wp\/v2\/users\/1"}],"replies":[{"embeddable":true,"href":"https:\/\/qblades.nl\/de\/wp-json\/wp\/v2\/comments?post=14695"}],"version-history":[{"count":50,"href":"https:\/\/qblades.nl\/de\/wp-json\/wp\/v2\/pages\/14695\/revisions"}],"predecessor-version":[{"id":22322,"href":"https:\/\/qblades.nl\/de\/wp-json\/wp\/v2\/pages\/14695\/revisions\/22322"}],"wp:attachment":[{"href":"https:\/\/qblades.nl\/de\/wp-json\/wp\/v2\/media?parent=14695"}],"curies":[{"name":"wp","href":"https:\/\/api.w.org\/{rel}","templated":true}]}}