{"id":4794,"date":"2015-05-01T15:34:34","date_gmt":"2015-05-01T13:34:34","guid":{"rendered":"http:\/\/qblades.nl\/dealers\/?lang=de"},"modified":"2019-01-11T12:18:16","modified_gmt":"2019-01-11T11:18:16","slug":"dealers-old","status":"publish","type":"page","link":"https:\/\/qblades.nl\/de\/dealers-old\/","title":{"rendered":"H\u00e4ndler"},"content":{"rendered":"\n<div  class='flex_column av-av_one_half-2a9015ff38129c418a3f2eafba3e9512 av_one_half  avia-builder-el-1  el_after_av_google_map  el_before_av_one_half  avia-builder-el-first  first flex_column_div  '     ><section  class='av_textblock_section av-av_textblock-0366cc7376be6c9e82a3e9cc8987b64f '   itemscope=\"itemscope\" itemtype=\"https:\/\/schema.org\/CreativeWork\" ><div class='avia_textblock'  itemprop=\"text\" ><p>Mit mehr als 350 H\u00e4ndlern ist immer ein H\u00e4ndler in Ihrer N\u00e4he; unsere H\u00e4ndler sind <strong>in den ganzen Niederlanden<\/strong> verteilt.<\/p>\n<h3>Rufen Sie mich zur\u00fcck<\/h3>\n<p>Haben Sie eine Frage? Bitte hinterlassen Sie Namen und Telefonnummer und wir rufen Sie innerhalb von 24 Stunden zur\u00fcck.<\/p>\n\n<div class=\"wpcf7 no-js\" id=\"wpcf7-f5197-o1\" lang=\"nl-NL\" dir=\"ltr\" data-wpcf7-id=\"5197\">\n<div class=\"screen-reader-response\"><p role=\"status\" aria-live=\"polite\" aria-atomic=\"true\"><\/p> <ul><\/ul><\/div>\n<form action=\"\/de\/wp-json\/wp\/v2\/pages\/4794#wpcf7-f5197-o1\" method=\"post\" class=\"wpcf7-form init\" aria-label=\"Contactformulier\" novalidate=\"novalidate\" data-status=\"init\">\n<fieldset class=\"hidden-fields-container\"><input type=\"hidden\" name=\"_wpcf7\" value=\"5197\" \/><input type=\"hidden\" name=\"_wpcf7_version\" value=\"6.1.5\" \/><input type=\"hidden\" name=\"_wpcf7_locale\" value=\"nl_NL\" \/><input type=\"hidden\" name=\"_wpcf7_unit_tag\" value=\"wpcf7-f5197-o1\" \/><input type=\"hidden\" name=\"_wpcf7_container_post\" value=\"0\" \/><input type=\"hidden\" name=\"_wpcf7_posted_data_hash\" value=\"\" \/><input type=\"hidden\" name=\"_wpcf7_recaptcha_response\" value=\"\" \/>\n<\/fieldset>\n<p>Ihr Name (Pflichtfeld)\n<\/p>\n<p><span class=\"wpcf7-form-control-wrap\" data-name=\"your-name\"><input size=\"40\" maxlength=\"400\" class=\"wpcf7-form-control wpcf7-text wpcf7-validates-as-required\" aria-required=\"true\" aria-invalid=\"false\" value=\"\" type=\"text\" name=\"your-name\" \/><\/span>\n<\/p>\n<p>Ihre Telefonnummer\n<\/p>\n<p><span class=\"wpcf7-form-control-wrap\" data-name=\"Telefoonnummer\"><input size=\"40\" maxlength=\"400\" class=\"wpcf7-form-control wpcf7-tel wpcf7-validates-as-required wpcf7-text wpcf7-validates-as-tel\" aria-required=\"true\" aria-invalid=\"false\" value=\"\" type=\"tel\" name=\"Telefoonnummer\" \/><\/span>\n<\/p>\n\n<p><input class=\"wpcf7-form-control wpcf7-submit has-spinner\" type=\"submit\" value=\"Absenden\" \/>\n<\/p><div class=\"wpcf7-response-output\" aria-hidden=\"true\"><\/div>\n<\/form>\n<\/div>\n\n<\/div><\/section><\/div><div  class='flex_column av-av_one_half-5c3bdd854542bbc70d067b1f6b1f9883 av_one_half  avia-builder-el-3  el_after_av_one_half  avia-builder-el-last  flex_column_div  '     ><style type=\"text\/css\" data-created_by=\"avia_inline_auto\" id=\"style-css-av-av_image-371c6615b69218e3957772094b875fa3\">\n.avia-image-container.av-av_image-371c6615b69218e3957772094b875fa3 img.avia_image{\nbox-shadow:none;\n}\n.avia-image-container.av-av_image-371c6615b69218e3957772094b875fa3 .av-image-caption-overlay-center{\ncolor:#ffffff;\n}\n<\/style>\n<div  class='avia-image-container av-av_image-371c6615b69218e3957772094b875fa3 av-styling- avia-align-center  avia-builder-el-4  avia-builder-el-no-sibling '   itemprop=\"image\" itemscope=\"itemscope\" itemtype=\"https:\/\/schema.org\/ImageObject\" ><div class=\"avia-image-container-inner\"><div class=\"avia-image-overlay-wrap\"><img decoding=\"async\" fetchpriority=\"high\" class='wp-image-5241 avia-img-lazy-loading-not-5241 avia_image ' src=\"https:\/\/qblades.nl\/wp-content\/uploads\/2015\/05\/dealerfoto.jpg\" alt='' title='dealerfoto'  height=\"321\" width=\"845\"  itemprop=\"thumbnailUrl\" srcset=\"https:\/\/qblades.nl\/wp-content\/uploads\/2015\/05\/dealerfoto.jpg 845w, https:\/\/qblades.nl\/wp-content\/uploads\/2015\/05\/dealerfoto-450x171.jpg 450w, https:\/\/qblades.nl\/wp-content\/uploads\/2015\/05\/dealerfoto-300x114.jpg 300w, https:\/\/qblades.nl\/wp-content\/uploads\/2015\/05\/dealerfoto-705x268.jpg 705w\" sizes=\"(max-width: 845px) 100vw, 845px\" \/><\/div><\/div><\/div><\/div><\/p>\n","protected":false},"excerpt":{"rendered":"","protected":false},"author":1,"featured_media":0,"parent":0,"menu_order":0,"comment_status":"open","ping_status":"closed","template":"","meta":{"_monsterinsights_skip_tracking":false,"_monsterinsights_sitenote_active":false,"_monsterinsights_sitenote_note":"","_monsterinsights_sitenote_category":0,"footnotes":""},"class_list":["post-4794","page","type-page","status-publish","hentry"],"yoast_head":"<!-- This site is optimized with the Yoast SEO plugin v27.1.1 - https:\/\/yoast.com\/product\/yoast-seo-wordpress\/ -->\n<title>H\u00e4ndler - Qblades<\/title>\n<meta name=\"robots\" content=\"index, follow, max-snippet:-1, max-image-preview:large, max-video-preview:-1\" \/>\n<link rel=\"canonical\" href=\"https:\/\/qblades.nl\/de\/dealers-old\/\" \/>\n<meta property=\"og:locale\" content=\"de_DE\" \/>\n<meta property=\"og:type\" content=\"article\" \/>\n<meta property=\"og:title\" content=\"H\u00e4ndler - Qblades\" \/>\n<meta property=\"og:url\" content=\"https:\/\/qblades.nl\/de\/dealers-old\/\" \/>\n<meta property=\"og:site_name\" content=\"Qblades\" \/>\n<meta property=\"article:publisher\" content=\"https:\/\/www.facebook.com\/qbladescom\/\" \/>\n<meta property=\"article:modified_time\" content=\"2019-01-11T11:18:16+00:00\" \/>\n<meta name=\"twitter:card\" content=\"summary_large_image\" \/>\n<meta name=\"twitter:label1\" content=\"Gesch\u00e4tzte Lesezeit\" \/>\n\t<meta name=\"twitter:data1\" content=\"68\u00a0Minuten\" \/>\n<script type=\"application\/ld+json\" class=\"yoast-schema-graph\">{\"@context\":\"https:\/\/schema.org\",\"@graph\":[{\"@type\":\"WebPage\",\"@id\":\"https:\/\/qblades.nl\/de\/dealers-old\/\",\"url\":\"https:\/\/qblades.nl\/de\/dealers-old\/\",\"name\":\"H\u00e4ndler - Qblades\",\"isPartOf\":{\"@id\":\"https:\/\/qblades.nl\/#website\"},\"datePublished\":\"2015-05-01T13:34:34+00:00\",\"dateModified\":\"2019-01-11T11:18:16+00:00\",\"breadcrumb\":{\"@id\":\"https:\/\/qblades.nl\/de\/dealers-old\/#breadcrumb\"},\"inLanguage\":\"de\",\"potentialAction\":[{\"@type\":\"ReadAction\",\"target\":[\"https:\/\/qblades.nl\/de\/dealers-old\/\"]}]},{\"@type\":\"BreadcrumbList\",\"@id\":\"https:\/\/qblades.nl\/de\/dealers-old\/#breadcrumb\",\"itemListElement\":[{\"@type\":\"ListItem\",\"position\":1,\"name\":\"Home\",\"item\":\"https:\/\/qblades.nl\/de\/homepage\/\"},{\"@type\":\"ListItem\",\"position\":2,\"name\":\"H\u00e4ndler\"}]},{\"@type\":\"WebSite\",\"@id\":\"https:\/\/qblades.nl\/#website\",\"url\":\"https:\/\/qblades.nl\/\",\"name\":\"Qblades\",\"description\":\"importeur en distributeur van Multitool zaagbladen en accessoires\",\"publisher\":{\"@id\":\"https:\/\/qblades.nl\/#organization\"},\"potentialAction\":[{\"@type\":\"SearchAction\",\"target\":{\"@type\":\"EntryPoint\",\"urlTemplate\":\"https:\/\/qblades.nl\/?s={search_term_string}\"},\"query-input\":{\"@type\":\"PropertyValueSpecification\",\"valueRequired\":true,\"valueName\":\"search_term_string\"}}],\"inLanguage\":\"de\"},{\"@type\":\"Organization\",\"@id\":\"https:\/\/qblades.nl\/#organization\",\"name\":\"Qblades\",\"url\":\"https:\/\/qblades.nl\/\",\"logo\":{\"@type\":\"ImageObject\",\"inLanguage\":\"de\",\"@id\":\"https:\/\/qblades.nl\/#\/schema\/logo\/image\/\",\"url\":\"http:\/\/qblades.nl\/wp-content\/uploads\/2022\/08\/logo-qblades.png\",\"contentUrl\":\"http:\/\/qblades.nl\/wp-content\/uploads\/2022\/08\/logo-qblades.png\",\"width\":2840,\"height\":1420,\"caption\":\"Qblades\"},\"image\":{\"@id\":\"https:\/\/qblades.nl\/#\/schema\/logo\/image\/\"},\"sameAs\":[\"https:\/\/www.facebook.com\/qbladescom\/\",\"https:\/\/www.linkedin.com\/company\/qblades\"]}]}<\/script>\n<!-- \/ Yoast SEO plugin. -->","yoast_head_json":{"title":"H\u00e4ndler - Qblades","robots":{"index":"index","follow":"follow","max-snippet":"max-snippet:-1","max-image-preview":"max-image-preview:large","max-video-preview":"max-video-preview:-1"},"canonical":"https:\/\/qblades.nl\/de\/dealers-old\/","og_locale":"de_DE","og_type":"article","og_title":"H\u00e4ndler - Qblades","og_url":"https:\/\/qblades.nl\/de\/dealers-old\/","og_site_name":"Qblades","article_publisher":"https:\/\/www.facebook.com\/qbladescom\/","article_modified_time":"2019-01-11T11:18:16+00:00","twitter_card":"summary_large_image","twitter_misc":{"Gesch\u00e4tzte Lesezeit":"68\u00a0Minuten"},"schema":{"@context":"https:\/\/schema.org","@graph":[{"@type":"WebPage","@id":"https:\/\/qblades.nl\/de\/dealers-old\/","url":"https:\/\/qblades.nl\/de\/dealers-old\/","name":"H\u00e4ndler - Qblades","isPartOf":{"@id":"https:\/\/qblades.nl\/#website"},"datePublished":"2015-05-01T13:34:34+00:00","dateModified":"2019-01-11T11:18:16+00:00","breadcrumb":{"@id":"https:\/\/qblades.nl\/de\/dealers-old\/#breadcrumb"},"inLanguage":"de","potentialAction":[{"@type":"ReadAction","target":["https:\/\/qblades.nl\/de\/dealers-old\/"]}]},{"@type":"BreadcrumbList","@id":"https:\/\/qblades.nl\/de\/dealers-old\/#breadcrumb","itemListElement":[{"@type":"ListItem","position":1,"name":"Home","item":"https:\/\/qblades.nl\/de\/homepage\/"},{"@type":"ListItem","position":2,"name":"H\u00e4ndler"}]},{"@type":"WebSite","@id":"https:\/\/qblades.nl\/#website","url":"https:\/\/qblades.nl\/","name":"Qblades","description":"importeur en distributeur van Multitool zaagbladen en accessoires","publisher":{"@id":"https:\/\/qblades.nl\/#organization"},"potentialAction":[{"@type":"SearchAction","target":{"@type":"EntryPoint","urlTemplate":"https:\/\/qblades.nl\/?s={search_term_string}"},"query-input":{"@type":"PropertyValueSpecification","valueRequired":true,"valueName":"search_term_string"}}],"inLanguage":"de"},{"@type":"Organization","@id":"https:\/\/qblades.nl\/#organization","name":"Qblades","url":"https:\/\/qblades.nl\/","logo":{"@type":"ImageObject","inLanguage":"de","@id":"https:\/\/qblades.nl\/#\/schema\/logo\/image\/","url":"http:\/\/qblades.nl\/wp-content\/uploads\/2022\/08\/logo-qblades.png","contentUrl":"http:\/\/qblades.nl\/wp-content\/uploads\/2022\/08\/logo-qblades.png","width":2840,"height":1420,"caption":"Qblades"},"image":{"@id":"https:\/\/qblades.nl\/#\/schema\/logo\/image\/"},"sameAs":["https:\/\/www.facebook.com\/qbladescom\/","https:\/\/www.linkedin.com\/company\/qblades"]}]}},"_links":{"self":[{"href":"https:\/\/qblades.nl\/de\/wp-json\/wp\/v2\/pages\/4794","targetHints":{"allow":["GET"]}}],"collection":[{"href":"https:\/\/qblades.nl\/de\/wp-json\/wp\/v2\/pages"}],"about":[{"href":"https:\/\/qblades.nl\/de\/wp-json\/wp\/v2\/types\/page"}],"author":[{"embeddable":true,"href":"https:\/\/qblades.nl\/de\/wp-json\/wp\/v2\/users\/1"}],"replies":[{"embeddable":true,"href":"https:\/\/qblades.nl\/de\/wp-json\/wp\/v2\/comments?post=4794"}],"version-history":[{"count":56,"href":"https:\/\/qblades.nl\/de\/wp-json\/wp\/v2\/pages\/4794\/revisions"}],"predecessor-version":[{"id":6738,"href":"https:\/\/qblades.nl\/de\/wp-json\/wp\/v2\/pages\/4794\/revisions\/6738"}],"wp:attachment":[{"href":"https:\/\/qblades.nl\/de\/wp-json\/wp\/v2\/media?parent=4794"}],"curies":[{"name":"wp","href":"https:\/\/api.w.org\/{rel}","templated":true}]}}