{"id":6294,"date":"2017-05-10T09:03:18","date_gmt":"2017-05-10T07:03:18","guid":{"rendered":"http:\/\/qblades.nl\/about-us\/"},"modified":"2025-11-11T12:48:06","modified_gmt":"2025-11-11T11:48:06","slug":"about-us","status":"publish","type":"page","link":"https:\/\/qblades.nl\/de\/about-us\/","title":{"rendered":"\u00dcber uns"},"content":{"rendered":"\n<style type=\"text\/css\" data-created_by=\"avia_inline_auto\" id=\"style-css-av-klulcu27-58f8cfd09199ab3eaeed592a0a9c3f7c\">\n#top .hr.hr-invisible.av-klulcu27-58f8cfd09199ab3eaeed592a0a9c3f7c{\nheight:40px;\n}\n<\/style>\n<div  class='hr av-klulcu27-58f8cfd09199ab3eaeed592a0a9c3f7c hr-invisible  avia-builder-el-0  el_before_av_one_fifth  avia-builder-el-first '><span class='hr-inner '><span class=\"hr-inner-style\"><\/span><\/span><\/div>\n<div  class='flex_column av-av_one_fifth-bea2f9001043b2450f2ac894d1b6393b av_one_fifth  avia-builder-el-1  el_after_av_hr  el_before_av_three_fifth  first flex_column_div  '     ><\/div>\n\n<style type=\"text\/css\" data-created_by=\"avia_inline_auto\" id=\"style-css-av-4fxldd-a1eac906c46ccde33c6264f74fff757f\">\n.flex_column.av-4fxldd-a1eac906c46ccde33c6264f74fff757f{\nborder-radius:0px 0px 0px 0px;\npadding:0px 0px 0px 0px;\n}\n<\/style>\n<div  class='flex_column av-4fxldd-a1eac906c46ccde33c6264f74fff757f av_three_fifth  avia-builder-el-2  el_after_av_one_fifth  el_before_av_one_fifth  flex_column_div av-zero-column-padding  '     ><section  class='av_textblock_section av-klularjz-b424bdd2b672fc42a98c858db1685c0a '   itemscope=\"itemscope\" itemtype=\"https:\/\/schema.org\/CreativeWork\" ><div class='avia_textblock'  itemprop=\"text\" ><h1>\u00dcber uns<\/h1>\n<\/div><\/section><br \/>\n<section  class='av_textblock_section av-k7x6deis-4a7b4af8fc4a49702219574e1f94c7fa '   itemscope=\"itemscope\" itemtype=\"https:\/\/schema.org\/CreativeWork\" ><div class='avia_textblock'  itemprop=\"text\" ><h3>Die Entstehung von Qblades<\/h3>\n<p>Qblades besteht seit 2013 und wurde durch 2 Fachm\u00e4nner aus dem Bau gegr\u00fcndet. Mittlerweile werden ihre S\u00e4gebl\u00e4tter auf jeder Baustelle in den BENELUX benutzt. Daan Broersen und George van Haaster, beides selbsst\u00e4ndige Bauunternehmer, \u00e4rgerten sich \u00fcber die Qualit\u00e4t von einem S\u00e4geblatt f\u00fcr 16 Euro. Trotzdem sich das Multitool in vielen Fachbereichen wie Zimmerer, Schreiner, Elektriker, Spengler, Installateure usw bereits als unentbehrlich bewiesen hatte, gab es f\u00fcr S\u00e4gebl\u00e4tter eigentlich keine guten Alternativen. Die 2 Unternehmer gingen damals auf die Suche nach einem guten Fabrikanten, legten Qualit\u00e4tsstandards und Kontrollen fest und gingen von Baustelle zu Baustelle mit ihren QBlades. Auf diese Weise wuchs die Nachfrage im Eisenwarengesch\u00e4ft und beim Baugro\u00dfhandel: Qblades kam so in stets mehr Fachgesch\u00e4ften und Filialen zurecht. Dank des optimalen Preis-Leistungs-Verh\u00e4ltnisses, dem vollst\u00e4ndigen Sortiment und viel Enthusiasmus f\u00fcr ein gut durchdachtes Konzept werden Qblades mittlerweile in \u00fcber 500 Fachgesch\u00e4ften durch ganz BENELUX verkauft. Dar\u00fcber hinaus arbeitet Qblades in ganz Europa zusammen mit Importeuren und diversen professionellen Unternehmen, die das Qblades-Konzept unter eigener Marke vermarkten.<\/p>\n<\/div><\/section><br \/>\n<div  class='avia-video av-2zpvm9-75c4937a633d0f05f7ea6fc9892e0b3a avia-video-16-9 av-no-preview-image avia-video-load-always av-lazyload-immediate av-lazyload-video-embed'  itemprop=\"video\" itemtype=\"https:\/\/schema.org\/VideoObject\"  data-original_url='https:\/\/www.youtube.com\/watch?v=wxQ0-WhBsUk'><script type='text\/html' class='av-video-tmpl'><div class='avia-iframe-wrap'><iframe loading=\"lazy\" width=\"1500\" height=\"844\" src=\"https:\/\/www.youtube.com\/embed\/wxQ0-WhBsUk?feature=oembed&autoplay=0&loop=0&controls=1&mute=0\" frameborder=\"0\" allowfullscreen><\/iframe><\/div><\/script><div class='av-click-to-play-overlay'><div class=\"avia_playpause_icon\"><\/div><\/div><\/div><br \/>\n<section  class='av_textblock_section av-k7x6deis-4a7b4af8fc4a49702219574e1f94c7fa '   itemscope=\"itemscope\" itemtype=\"https:\/\/schema.org\/CreativeWork\" ><div class='avia_textblock'  itemprop=\"text\" ><h3>Die Wahl f\u00fcr den Fachmann<\/h3>\n<p>Das Multitool ist gegenw\u00e4rtig bei der t\u00e4glichen Arbeit eines Fachmannes\/einer Fachfrau nicht mehr weg zu denken. Qblades liefert S\u00e4gebl\u00e4tter f\u00fcr alle Multitool-Marken und bietet ein optimales Preis-Leistungs-Verh\u00e4ltnis. Multitool S\u00e4gebl\u00e4tter von Qblades sind erh\u00e4ltlich in 4 verschiedenen Aufnahmen: Nutzen sie das neue Starlock-System, dann sind unsere SL-Bl\u00e4tter die richtige Wahl. Unsere UN-Bl\u00e4tter passen auf die meisten klassischen Aufnahme-Systeme. Au\u00dferdem bieten wir SC-Bl\u00e4tter f\u00fcr SuperCut und DW-Bl\u00e4tter f\u00fcr die DeWalt Aufnahme. Alle Qblades S\u00e4gebl\u00e4tter werden aus den besten Rohmaterialien hergestellt. Professionelle Qualit\u00e4t zum rellen Preis, einfach mehr Schnittmeter f\u00fcr\u00b4s Geld.<\/p>\n<h3>Das richtige S\u00e4geblatt f\u00fcr jeden Job<\/h3>\n<p>Beim S\u00e4gen von Holz und Kunststoff nutzen Sie am Besten ein HCS S\u00e4geblatt. Wollen Sie au\u00dfer Holz auch Profile, N\u00e4gel oder soger Metallrohre s\u00e4gen, w\u00e4hlen Sie dann ein Bi-Metall S\u00e4geblatt. Die extra robusten S\u00e4gebl\u00e4tter von Qblades stehen den t\u00e4glichen Anforderungen des Fachmanns stand. Zum auswechseln von Fliesen oder bei einer beliebig anderen Bearbeitung von M\u00f6rtel oder Ziegel bieten wir unterschiedliche Diamant- und Hartmetall Zubeh\u00f6re. Unser Sortiment bietet auch Zubeh\u00f6r zum Entfernen von Leim, Kitt und Silikon. Wir w\u00fcnschen ihnen viel Erfolg bei ihrem n\u00e4chsten Projekt! F\u00fcr unser gesamtes Sortiment gilt immer: 10+1 gratis! Erh\u00e4ltlich im Fachhandel.<\/p>\n<p>Ihr Qblades-Team<\/p>\n<\/div><\/section><\/p><\/div><div  class='flex_column av-av_one_fifth-4b43c9b03dde107542944c23c0a53a7c av_one_fifth  avia-builder-el-7  el_after_av_three_fifth  avia-builder-el-last  flex_column_div  '     ><\/div><\/p>\n","protected":false},"excerpt":{"rendered":"","protected":false},"author":1,"featured_media":0,"parent":0,"menu_order":0,"comment_status":"closed","ping_status":"closed","template":"","meta":{"_monsterinsights_skip_tracking":false,"_monsterinsights_sitenote_active":false,"_monsterinsights_sitenote_note":"","_monsterinsights_sitenote_category":0,"footnotes":""},"class_list":["post-6294","page","type-page","status-publish","hentry"],"yoast_head":"<!-- This site is optimized with the Yoast SEO plugin v27.1.1 - https:\/\/yoast.com\/product\/yoast-seo-wordpress\/ -->\n<title>\u00dcber uns - Qblades<\/title>\n<meta name=\"robots\" content=\"index, follow, max-snippet:-1, max-image-preview:large, max-video-preview:-1\" \/>\n<link rel=\"canonical\" href=\"https:\/\/qblades.nl\/de\/about-us\/\" \/>\n<meta property=\"og:locale\" content=\"de_DE\" \/>\n<meta property=\"og:type\" content=\"article\" \/>\n<meta property=\"og:title\" content=\"\u00dcber uns - Qblades\" \/>\n<meta property=\"og:url\" content=\"https:\/\/qblades.nl\/de\/about-us\/\" \/>\n<meta property=\"og:site_name\" content=\"Qblades\" \/>\n<meta property=\"article:publisher\" content=\"https:\/\/www.facebook.com\/qbladescom\/\" \/>\n<meta property=\"article:modified_time\" content=\"2025-11-11T11:48:06+00:00\" \/>\n<meta name=\"twitter:card\" content=\"summary_large_image\" \/>\n<meta name=\"twitter:label1\" content=\"Gesch\u00e4tzte Lesezeit\" \/>\n\t<meta name=\"twitter:data1\" content=\"2\u00a0Minuten\" \/>\n<script type=\"application\/ld+json\" class=\"yoast-schema-graph\">{\"@context\":\"https:\/\/schema.org\",\"@graph\":[{\"@type\":\"WebPage\",\"@id\":\"https:\/\/qblades.nl\/de\/about-us\/\",\"url\":\"https:\/\/qblades.nl\/de\/about-us\/\",\"name\":\"\u00dcber uns - Qblades\",\"isPartOf\":{\"@id\":\"https:\/\/qblades.nl\/#website\"},\"datePublished\":\"2017-05-10T07:03:18+00:00\",\"dateModified\":\"2025-11-11T11:48:06+00:00\",\"breadcrumb\":{\"@id\":\"https:\/\/qblades.nl\/de\/about-us\/#breadcrumb\"},\"inLanguage\":\"de\",\"potentialAction\":[{\"@type\":\"ReadAction\",\"target\":[\"https:\/\/qblades.nl\/de\/about-us\/\"]}]},{\"@type\":\"BreadcrumbList\",\"@id\":\"https:\/\/qblades.nl\/de\/about-us\/#breadcrumb\",\"itemListElement\":[{\"@type\":\"ListItem\",\"position\":1,\"name\":\"Home\",\"item\":\"https:\/\/qblades.nl\/de\/homepage\/\"},{\"@type\":\"ListItem\",\"position\":2,\"name\":\"\u00dcber uns\"}]},{\"@type\":\"WebSite\",\"@id\":\"https:\/\/qblades.nl\/#website\",\"url\":\"https:\/\/qblades.nl\/\",\"name\":\"Qblades\",\"description\":\"importeur en distributeur van Multitool zaagbladen en accessoires\",\"publisher\":{\"@id\":\"https:\/\/qblades.nl\/#organization\"},\"potentialAction\":[{\"@type\":\"SearchAction\",\"target\":{\"@type\":\"EntryPoint\",\"urlTemplate\":\"https:\/\/qblades.nl\/?s={search_term_string}\"},\"query-input\":{\"@type\":\"PropertyValueSpecification\",\"valueRequired\":true,\"valueName\":\"search_term_string\"}}],\"inLanguage\":\"de\"},{\"@type\":\"Organization\",\"@id\":\"https:\/\/qblades.nl\/#organization\",\"name\":\"Qblades\",\"url\":\"https:\/\/qblades.nl\/\",\"logo\":{\"@type\":\"ImageObject\",\"inLanguage\":\"de\",\"@id\":\"https:\/\/qblades.nl\/#\/schema\/logo\/image\/\",\"url\":\"http:\/\/qblades.nl\/wp-content\/uploads\/2022\/08\/logo-qblades.png\",\"contentUrl\":\"http:\/\/qblades.nl\/wp-content\/uploads\/2022\/08\/logo-qblades.png\",\"width\":2840,\"height\":1420,\"caption\":\"Qblades\"},\"image\":{\"@id\":\"https:\/\/qblades.nl\/#\/schema\/logo\/image\/\"},\"sameAs\":[\"https:\/\/www.facebook.com\/qbladescom\/\",\"https:\/\/www.linkedin.com\/company\/qblades\"]}]}<\/script>\n<!-- \/ Yoast SEO plugin. -->","yoast_head_json":{"title":"\u00dcber uns - Qblades","robots":{"index":"index","follow":"follow","max-snippet":"max-snippet:-1","max-image-preview":"max-image-preview:large","max-video-preview":"max-video-preview:-1"},"canonical":"https:\/\/qblades.nl\/de\/about-us\/","og_locale":"de_DE","og_type":"article","og_title":"\u00dcber uns - Qblades","og_url":"https:\/\/qblades.nl\/de\/about-us\/","og_site_name":"Qblades","article_publisher":"https:\/\/www.facebook.com\/qbladescom\/","article_modified_time":"2025-11-11T11:48:06+00:00","twitter_card":"summary_large_image","twitter_misc":{"Gesch\u00e4tzte Lesezeit":"2\u00a0Minuten"},"schema":{"@context":"https:\/\/schema.org","@graph":[{"@type":"WebPage","@id":"https:\/\/qblades.nl\/de\/about-us\/","url":"https:\/\/qblades.nl\/de\/about-us\/","name":"\u00dcber uns - Qblades","isPartOf":{"@id":"https:\/\/qblades.nl\/#website"},"datePublished":"2017-05-10T07:03:18+00:00","dateModified":"2025-11-11T11:48:06+00:00","breadcrumb":{"@id":"https:\/\/qblades.nl\/de\/about-us\/#breadcrumb"},"inLanguage":"de","potentialAction":[{"@type":"ReadAction","target":["https:\/\/qblades.nl\/de\/about-us\/"]}]},{"@type":"BreadcrumbList","@id":"https:\/\/qblades.nl\/de\/about-us\/#breadcrumb","itemListElement":[{"@type":"ListItem","position":1,"name":"Home","item":"https:\/\/qblades.nl\/de\/homepage\/"},{"@type":"ListItem","position":2,"name":"\u00dcber uns"}]},{"@type":"WebSite","@id":"https:\/\/qblades.nl\/#website","url":"https:\/\/qblades.nl\/","name":"Qblades","description":"importeur en distributeur van Multitool zaagbladen en accessoires","publisher":{"@id":"https:\/\/qblades.nl\/#organization"},"potentialAction":[{"@type":"SearchAction","target":{"@type":"EntryPoint","urlTemplate":"https:\/\/qblades.nl\/?s={search_term_string}"},"query-input":{"@type":"PropertyValueSpecification","valueRequired":true,"valueName":"search_term_string"}}],"inLanguage":"de"},{"@type":"Organization","@id":"https:\/\/qblades.nl\/#organization","name":"Qblades","url":"https:\/\/qblades.nl\/","logo":{"@type":"ImageObject","inLanguage":"de","@id":"https:\/\/qblades.nl\/#\/schema\/logo\/image\/","url":"http:\/\/qblades.nl\/wp-content\/uploads\/2022\/08\/logo-qblades.png","contentUrl":"http:\/\/qblades.nl\/wp-content\/uploads\/2022\/08\/logo-qblades.png","width":2840,"height":1420,"caption":"Qblades"},"image":{"@id":"https:\/\/qblades.nl\/#\/schema\/logo\/image\/"},"sameAs":["https:\/\/www.facebook.com\/qbladescom\/","https:\/\/www.linkedin.com\/company\/qblades"]}]}},"_links":{"self":[{"href":"https:\/\/qblades.nl\/de\/wp-json\/wp\/v2\/pages\/6294","targetHints":{"allow":["GET"]}}],"collection":[{"href":"https:\/\/qblades.nl\/de\/wp-json\/wp\/v2\/pages"}],"about":[{"href":"https:\/\/qblades.nl\/de\/wp-json\/wp\/v2\/types\/page"}],"author":[{"embeddable":true,"href":"https:\/\/qblades.nl\/de\/wp-json\/wp\/v2\/users\/1"}],"replies":[{"embeddable":true,"href":"https:\/\/qblades.nl\/de\/wp-json\/wp\/v2\/comments?post=6294"}],"version-history":[{"count":7,"href":"https:\/\/qblades.nl\/de\/wp-json\/wp\/v2\/pages\/6294\/revisions"}],"predecessor-version":[{"id":21352,"href":"https:\/\/qblades.nl\/de\/wp-json\/wp\/v2\/pages\/6294\/revisions\/21352"}],"wp:attachment":[{"href":"https:\/\/qblades.nl\/de\/wp-json\/wp\/v2\/media?parent=6294"}],"curies":[{"name":"wp","href":"https:\/\/api.w.org\/{rel}","templated":true}]}}