{"id":5040,"date":"2017-04-28T09:14:03","date_gmt":"2015-04-29T07:14:03","guid":{"rendered":"http:\/\/qblades.nl\/product\/un04-zaagblad-standaard-34x40mm-1st-3\/?lang=de"},"modified":"2016-04-20T14:47:35","modified_gmt":"2016-04-20T12:47:35","slug":"un04-zaagblad-standaard-34x40mm-1st-3","status":"publish","type":"product","link":"https:\/\/qblades.nl\/de\/product\/un04-zaagblad-standaard-34x40mm-1st-3\/","title":{"rendered":"UN04 S\u00e4geblatt 34x40mm"},"content":{"rendered":"<p>Geschr\u00e4nkte Verzahnung f\u00fcr alle Arbeiten mit Holz, Gips, Pappe und Kunststoff.<\/p>\n<p>Einfacher Anschnitt im Material an jeder beliebigen Stelle.<\/p>\n<p>Alle unsere Universals\u00e4gebl\u00e4tter und Zubeh\u00f6re sind auf den folgenden Multitool-Marken anwendbar.<\/p>\n<p><strong>Marken | Typennummern<br \/><\/strong>-Bosch oa. Type GOP 250 CE | GOP SCE Prof | GOP 10,8 V-Li | GOP 300<br \/>-Bosch oa. Type PMF 180 | PMF 10,8 Li | PMF 190E |PMF 250 CES<br \/>-Craftsman<br \/>-Einhell oa. Type BT-MG 180 v Li-ion | BT-MG 220 E<br \/>-Fein Multimaster oa. Type FMM 250 Q | AFMM 14<br \/>-Ferm Shaper oa. Type OTM 1003 model FOT-180 | OTM 1001<br \/>-Hitachi CV18DBL(W4)-EX<br \/>-Makita Multitool oa. Type BTM40Z, DTM41RMJX3<br \/>-MasterCraft<br \/>-Metabo MT18LTX<br \/>-Milwaukee Multitool oa. Type C12MT<br \/>-Parkside oa. PMFW 280 A2<br \/>-Ridgid Jobmax<br \/>-Ryobi RMT1801M<br \/>-Skill 1150<br \/>-W\u00fcrth Multitool<\/p>\n<p><strong>Mit Adapter (UN99) auch geeignet f\u00fcr:<\/strong><\/p>\n<p><strong>Marken | Typennummern<br \/><\/strong>\u2013 Renovator<br \/>\u2013 Worx Sonicrafter Multitool<\/p>\n<p>Wenn Ihr Multitool hier nicht aufgef\u00fchrt wird, lassen Sie uns das bitte wissen, dann k\u00f6nnen wir eine angemessene L\u00f6sung finden.<\/p>\n","protected":false},"excerpt":{"rendered":"<p><strong>Technische Daten<\/strong><\/p>\n<p>Material: HCS<\/p>\n<p>L\u00e4nge: 40mm<\/p>\n<p>Breite: 34mm<\/p>\n<p>Marke: Qblades<\/p>\n<p>\u00a0<\/p>\n<p><strong>Geeignet f\u00fcr Bosch, Fein Multimaster, Einhell, Makita, W\u00fcrth, Milwauke, Metabo, Hitachi und andere g\u00e4ngige Multi-Schneidger\u00e4te. (siehe unten)<\/strong><\/p>\n","protected":false},"featured_media":4257,"template":"","meta":{"_monsterinsights_skip_tracking":false,"_monsterinsights_sitenote_active":false,"_monsterinsights_sitenote_note":"","_monsterinsights_sitenote_category":0},"product_brand":[],"product_cat":[162],"product_tag":[405],"class_list":{"0":"post-5040","1":"product","2":"type-product","3":"status-publish","4":"has-post-thumbnail","6":"product_cat-houttoepasbaar-op-alle-gangbare-multitools-de","7":"product_tag-boschdremelfeinfermhoutmakitamultimasterparkside-pmfw-280pmfqbladesun04zaagbladzaagje-de","9":"first","10":"instock","11":"product-type-simple"},"yoast_head":"<!-- This site is optimized with the Yoast SEO plugin v27.1.1 - https:\/\/yoast.com\/product\/yoast-seo-wordpress\/ -->\n<title>UN04 S\u00e4geblatt 34x40mm - Qblades<\/title>\n<meta name=\"robots\" content=\"index, follow, max-snippet:-1, max-image-preview:large, max-video-preview:-1\" \/>\n<link rel=\"canonical\" href=\"https:\/\/qblades.nl\/de\/product\/un04-zaagblad-standaard-34x40mm-1st-3\/\" \/>\n<meta property=\"og:locale\" content=\"de_DE\" \/>\n<meta property=\"og:type\" content=\"article\" \/>\n<meta property=\"og:title\" content=\"UN04 S\u00e4geblatt 34x40mm - Qblades\" \/>\n<meta property=\"og:description\" content=\"Technische DatenMaterial: HCSL\u00e4nge: 40mmBreite: 34mmMarke: Qblades\u00a0Geeignet f\u00fcr Bosch, Fein Multimaster, Einhell, Makita, W\u00fcrth, Milwauke, Metabo, Hitachi und andere g\u00e4ngige Multi-Schneidger\u00e4te. (siehe unten)\" \/>\n<meta property=\"og:url\" content=\"https:\/\/qblades.nl\/de\/product\/un04-zaagblad-standaard-34x40mm-1st-3\/\" \/>\n<meta property=\"og:site_name\" content=\"Qblades\" \/>\n<meta property=\"article:publisher\" content=\"https:\/\/www.facebook.com\/qbladescom\/\" \/>\n<meta property=\"article:modified_time\" content=\"2016-04-20T12:47:35+00:00\" \/>\n<meta property=\"og:image\" content=\"https:\/\/qblades.nl\/wp-content\/uploads\/2015\/04\/QBLADES-UN04.jpg\" \/>\n\t<meta property=\"og:image:width\" content=\"2964\" \/>\n\t<meta property=\"og:image:height\" content=\"2964\" \/>\n\t<meta property=\"og:image:type\" content=\"image\/jpeg\" \/>\n<meta name=\"twitter:card\" content=\"summary_large_image\" \/>\n<meta name=\"twitter:label1\" content=\"Gesch\u00e4tzte Lesezeit\" \/>\n\t<meta name=\"twitter:data1\" content=\"1\u00a0Minute\" \/>\n<script type=\"application\/ld+json\" class=\"yoast-schema-graph\">{\"@context\":\"https:\/\/schema.org\",\"@graph\":[{\"@type\":\"WebPage\",\"@id\":\"https:\/\/qblades.nl\/de\/product\/un04-zaagblad-standaard-34x40mm-1st-3\/\",\"url\":\"https:\/\/qblades.nl\/de\/product\/un04-zaagblad-standaard-34x40mm-1st-3\/\",\"name\":\"UN04 S\u00e4geblatt 34x40mm - Qblades\",\"isPartOf\":{\"@id\":\"https:\/\/qblades.nl\/#website\"},\"primaryImageOfPage\":{\"@id\":\"https:\/\/qblades.nl\/de\/product\/un04-zaagblad-standaard-34x40mm-1st-3\/#primaryimage\"},\"image\":{\"@id\":\"https:\/\/qblades.nl\/de\/product\/un04-zaagblad-standaard-34x40mm-1st-3\/#primaryimage\"},\"thumbnailUrl\":\"https:\/\/qblades.nl\/wp-content\/uploads\/2015\/04\/QBLADES-UN04.jpg\",\"datePublished\":\"2015-04-29T07:14:03+00:00\",\"dateModified\":\"2016-04-20T12:47:35+00:00\",\"breadcrumb\":{\"@id\":\"https:\/\/qblades.nl\/de\/product\/un04-zaagblad-standaard-34x40mm-1st-3\/#breadcrumb\"},\"inLanguage\":\"de\",\"potentialAction\":[{\"@type\":\"ReadAction\",\"target\":[\"https:\/\/qblades.nl\/de\/product\/un04-zaagblad-standaard-34x40mm-1st-3\/\"]}]},{\"@type\":\"ImageObject\",\"inLanguage\":\"de\",\"@id\":\"https:\/\/qblades.nl\/de\/product\/un04-zaagblad-standaard-34x40mm-1st-3\/#primaryimage\",\"url\":\"https:\/\/qblades.nl\/wp-content\/uploads\/2015\/04\/QBLADES-UN04.jpg\",\"contentUrl\":\"https:\/\/qblades.nl\/wp-content\/uploads\/2015\/04\/QBLADES-UN04.jpg\",\"width\":2964,\"height\":2964},{\"@type\":\"BreadcrumbList\",\"@id\":\"https:\/\/qblades.nl\/de\/product\/un04-zaagblad-standaard-34x40mm-1st-3\/#breadcrumb\",\"itemListElement\":[{\"@type\":\"ListItem\",\"position\":1,\"name\":\"Home\",\"item\":\"https:\/\/qblades.nl\/de\/homepage\/\"},{\"@type\":\"ListItem\",\"position\":2,\"name\":\"Producten\",\"item\":\"https:\/\/qblades.nl\/products\/\"},{\"@type\":\"ListItem\",\"position\":3,\"name\":\"UN04 S\u00e4geblatt 34x40mm\"}]},{\"@type\":\"WebSite\",\"@id\":\"https:\/\/qblades.nl\/#website\",\"url\":\"https:\/\/qblades.nl\/\",\"name\":\"Qblades\",\"description\":\"importeur en distributeur van Multitool zaagbladen en accessoires\",\"publisher\":{\"@id\":\"https:\/\/qblades.nl\/#organization\"},\"potentialAction\":[{\"@type\":\"SearchAction\",\"target\":{\"@type\":\"EntryPoint\",\"urlTemplate\":\"https:\/\/qblades.nl\/?s={search_term_string}\"},\"query-input\":{\"@type\":\"PropertyValueSpecification\",\"valueRequired\":true,\"valueName\":\"search_term_string\"}}],\"inLanguage\":\"de\"},{\"@type\":\"Organization\",\"@id\":\"https:\/\/qblades.nl\/#organization\",\"name\":\"Qblades\",\"url\":\"https:\/\/qblades.nl\/\",\"logo\":{\"@type\":\"ImageObject\",\"inLanguage\":\"de\",\"@id\":\"https:\/\/qblades.nl\/#\/schema\/logo\/image\/\",\"url\":\"http:\/\/qblades.nl\/wp-content\/uploads\/2022\/08\/logo-qblades.png\",\"contentUrl\":\"http:\/\/qblades.nl\/wp-content\/uploads\/2022\/08\/logo-qblades.png\",\"width\":2840,\"height\":1420,\"caption\":\"Qblades\"},\"image\":{\"@id\":\"https:\/\/qblades.nl\/#\/schema\/logo\/image\/\"},\"sameAs\":[\"https:\/\/www.facebook.com\/qbladescom\/\",\"https:\/\/www.linkedin.com\/company\/qblades\"]}]}<\/script>\n<!-- \/ Yoast SEO plugin. -->","yoast_head_json":{"title":"UN04 S\u00e4geblatt 34x40mm - Qblades","robots":{"index":"index","follow":"follow","max-snippet":"max-snippet:-1","max-image-preview":"max-image-preview:large","max-video-preview":"max-video-preview:-1"},"canonical":"https:\/\/qblades.nl\/de\/product\/un04-zaagblad-standaard-34x40mm-1st-3\/","og_locale":"de_DE","og_type":"article","og_title":"UN04 S\u00e4geblatt 34x40mm - Qblades","og_description":"Technische DatenMaterial: HCSL\u00e4nge: 40mmBreite: 34mmMarke: Qblades\u00a0Geeignet f\u00fcr Bosch, Fein Multimaster, Einhell, Makita, W\u00fcrth, Milwauke, Metabo, Hitachi und andere g\u00e4ngige Multi-Schneidger\u00e4te. (siehe unten)","og_url":"https:\/\/qblades.nl\/de\/product\/un04-zaagblad-standaard-34x40mm-1st-3\/","og_site_name":"Qblades","article_publisher":"https:\/\/www.facebook.com\/qbladescom\/","article_modified_time":"2016-04-20T12:47:35+00:00","og_image":[{"width":2964,"height":2964,"url":"https:\/\/qblades.nl\/wp-content\/uploads\/2015\/04\/QBLADES-UN04.jpg","type":"image\/jpeg"}],"twitter_card":"summary_large_image","twitter_misc":{"Gesch\u00e4tzte Lesezeit":"1\u00a0Minute"},"schema":{"@context":"https:\/\/schema.org","@graph":[{"@type":"WebPage","@id":"https:\/\/qblades.nl\/de\/product\/un04-zaagblad-standaard-34x40mm-1st-3\/","url":"https:\/\/qblades.nl\/de\/product\/un04-zaagblad-standaard-34x40mm-1st-3\/","name":"UN04 S\u00e4geblatt 34x40mm - Qblades","isPartOf":{"@id":"https:\/\/qblades.nl\/#website"},"primaryImageOfPage":{"@id":"https:\/\/qblades.nl\/de\/product\/un04-zaagblad-standaard-34x40mm-1st-3\/#primaryimage"},"image":{"@id":"https:\/\/qblades.nl\/de\/product\/un04-zaagblad-standaard-34x40mm-1st-3\/#primaryimage"},"thumbnailUrl":"https:\/\/qblades.nl\/wp-content\/uploads\/2015\/04\/QBLADES-UN04.jpg","datePublished":"2015-04-29T07:14:03+00:00","dateModified":"2016-04-20T12:47:35+00:00","breadcrumb":{"@id":"https:\/\/qblades.nl\/de\/product\/un04-zaagblad-standaard-34x40mm-1st-3\/#breadcrumb"},"inLanguage":"de","potentialAction":[{"@type":"ReadAction","target":["https:\/\/qblades.nl\/de\/product\/un04-zaagblad-standaard-34x40mm-1st-3\/"]}]},{"@type":"ImageObject","inLanguage":"de","@id":"https:\/\/qblades.nl\/de\/product\/un04-zaagblad-standaard-34x40mm-1st-3\/#primaryimage","url":"https:\/\/qblades.nl\/wp-content\/uploads\/2015\/04\/QBLADES-UN04.jpg","contentUrl":"https:\/\/qblades.nl\/wp-content\/uploads\/2015\/04\/QBLADES-UN04.jpg","width":2964,"height":2964},{"@type":"BreadcrumbList","@id":"https:\/\/qblades.nl\/de\/product\/un04-zaagblad-standaard-34x40mm-1st-3\/#breadcrumb","itemListElement":[{"@type":"ListItem","position":1,"name":"Home","item":"https:\/\/qblades.nl\/de\/homepage\/"},{"@type":"ListItem","position":2,"name":"Producten","item":"https:\/\/qblades.nl\/products\/"},{"@type":"ListItem","position":3,"name":"UN04 S\u00e4geblatt 34x40mm"}]},{"@type":"WebSite","@id":"https:\/\/qblades.nl\/#website","url":"https:\/\/qblades.nl\/","name":"Qblades","description":"importeur en distributeur van Multitool zaagbladen en accessoires","publisher":{"@id":"https:\/\/qblades.nl\/#organization"},"potentialAction":[{"@type":"SearchAction","target":{"@type":"EntryPoint","urlTemplate":"https:\/\/qblades.nl\/?s={search_term_string}"},"query-input":{"@type":"PropertyValueSpecification","valueRequired":true,"valueName":"search_term_string"}}],"inLanguage":"de"},{"@type":"Organization","@id":"https:\/\/qblades.nl\/#organization","name":"Qblades","url":"https:\/\/qblades.nl\/","logo":{"@type":"ImageObject","inLanguage":"de","@id":"https:\/\/qblades.nl\/#\/schema\/logo\/image\/","url":"http:\/\/qblades.nl\/wp-content\/uploads\/2022\/08\/logo-qblades.png","contentUrl":"http:\/\/qblades.nl\/wp-content\/uploads\/2022\/08\/logo-qblades.png","width":2840,"height":1420,"caption":"Qblades"},"image":{"@id":"https:\/\/qblades.nl\/#\/schema\/logo\/image\/"},"sameAs":["https:\/\/www.facebook.com\/qbladescom\/","https:\/\/www.linkedin.com\/company\/qblades"]}]}},"_links":{"self":[{"href":"https:\/\/qblades.nl\/de\/wp-json\/wp\/v2\/product\/5040","targetHints":{"allow":["GET"]}}],"collection":[{"href":"https:\/\/qblades.nl\/de\/wp-json\/wp\/v2\/product"}],"about":[{"href":"https:\/\/qblades.nl\/de\/wp-json\/wp\/v2\/types\/product"}],"wp:featuredmedia":[{"embeddable":true,"href":"https:\/\/qblades.nl\/de\/wp-json\/wp\/v2\/media\/4257"}],"wp:attachment":[{"href":"https:\/\/qblades.nl\/de\/wp-json\/wp\/v2\/media?parent=5040"}],"wp:term":[{"taxonomy":"product_brand","embeddable":true,"href":"https:\/\/qblades.nl\/de\/wp-json\/wp\/v2\/product_brand?post=5040"},{"taxonomy":"product_cat","embeddable":true,"href":"https:\/\/qblades.nl\/de\/wp-json\/wp\/v2\/product_cat?post=5040"},{"taxonomy":"product_tag","embeddable":true,"href":"https:\/\/qblades.nl\/de\/wp-json\/wp\/v2\/product_tag?post=5040"}],"curies":[{"name":"wp","href":"https:\/\/api.w.org\/{rel}","templated":true}]}}