{"id":14511,"date":"2021-03-02T09:36:37","date_gmt":"2021-03-02T08:36:37","guid":{"rendered":"http:\/\/qblades.nl\/nieuwe-verpakking\/"},"modified":"2021-04-16T09:51:24","modified_gmt":"2021-04-16T07:51:24","slug":"nieuwe-verpakking","status":"publish","type":"page","link":"https:\/\/qblades.nl\/fr\/nieuwe-verpakking\/","title":{"rendered":"Nouveaux conditionnements"},"content":{"rendered":"\n<style type=\"text\/css\" data-created_by=\"avia_inline_auto\" id=\"style-css-av-20pbzc-a76f8dbd41a8ac2219d3adfb9f821469\">\n.flex_column.av-20pbzc-a76f8dbd41a8ac2219d3adfb9f821469{\nborder-radius:0px 0px 0px 0px;\npadding:0px 0px 0px 0px;\n}\n<\/style>\n<div  class='flex_column av-20pbzc-a76f8dbd41a8ac2219d3adfb9f821469 av_one_full  avia-builder-el-0  el_before_av_one_half  avia-builder-el-first  first flex_column_div av-zero-column-padding  '     ><section  class='av_textblock_section av-klrrbne6-03e997e4c40c3fca478a66dc2b34c3c0 '   itemscope=\"itemscope\" itemtype=\"https:\/\/schema.org\/CreativeWork\" ><div class='avia_textblock'  itemprop=\"text\" ><h1 style=\"padding-bottom: 30px;\">Nouveaux conditionnements<\/h1>\n<h3>QBLADES est la premi\u00e8re marque de lames pour outils multifonctions \u00e0 passer en emballages 100% sans plastique. Une contribution \u00e0 un meilleur environnement et un avantage pour tous les utilisateurs. En effet, il s&#8217;agit d&#8217;un emballage convivial avec des sp\u00e9cifications produit claires et avec une boite refermable.<\/h3>\n<\/div><\/section><\/div>\n<div class='flex_column_table av-20pbzc-3373ea4b66dfa5df38ddfb87b4dc038f sc-av_one_half av-equal-height-column-flextable'>\n<style type=\"text\/css\" data-created_by=\"avia_inline_auto\" id=\"style-css-av-20pbzc-3373ea4b66dfa5df38ddfb87b4dc038f\">\n.flex_column.av-20pbzc-3373ea4b66dfa5df38ddfb87b4dc038f{\nborder-radius:0px 0px 0px 0px;\npadding:0px 0px 0px 0px;\n}\n<\/style>\n<div  class='flex_column av-20pbzc-3373ea4b66dfa5df38ddfb87b4dc038f av_one_half  avia-builder-el-2  el_after_av_one_full  el_before_av_one_half  first flex_column_table_cell av-equal-height-column av-align-middle av-zero-column-padding  column-top-margin'     ><section  class='av_textblock_section av-klrrbne6-03e997e4c40c3fca478a66dc2b34c3c0 '   itemscope=\"itemscope\" itemtype=\"https:\/\/schema.org\/CreativeWork\" ><div class='avia_textblock'  itemprop=\"text\" ><h4>Specifications produit claires<\/h4>\n<p>Le conditionnement propose plus de place pour les informations produit. Par exemple, chaque boite est munie d&#8217;une photo du produit et d&#8217;une image du type de connexion, de facon \u00e0 ce que vous puissiez toujours choisir rapidement la bonne lame de scie pour votre outil multifonction. Les codes couleur fournissent un apercu direct dans les rayons pour s\u00e9lectionner facilement la lame de scie pour la bonne application.<\/p>\n<\/div><\/section><\/div>\n<div class='av-flex-placeholder'><\/div>\n<style type=\"text\/css\" data-created_by=\"avia_inline_auto\" id=\"style-css-av-20pbzc-f7f26e1516dd87337638bbeec87d1ad4\">\n.flex_column.av-20pbzc-f7f26e1516dd87337638bbeec87d1ad4{\nborder-radius:0px 0px 0px 0px;\npadding:0px 0px 0px 0px;\n}\n<\/style>\n<div  class='flex_column av-20pbzc-f7f26e1516dd87337638bbeec87d1ad4 av_one_half  avia-builder-el-4  el_after_av_one_half  el_before_av_one_half  flex_column_table_cell av-equal-height-column av-align-middle av-zero-column-padding  column-top-margin'     ><style type=\"text\/css\" data-created_by=\"avia_inline_auto\" id=\"style-css-av-klrrybcx-a8890ada9a03d1c674dc7e00f87b019b\">\n.avia-image-container.av-klrrybcx-a8890ada9a03d1c674dc7e00f87b019b img.avia_image{\nbox-shadow:none;\n}\n.avia-image-container.av-klrrybcx-a8890ada9a03d1c674dc7e00f87b019b .av-image-caption-overlay-center{\ncolor:#ffffff;\n}\n<\/style>\n<div  class='avia-image-container av-klrrybcx-a8890ada9a03d1c674dc7e00f87b019b av-styling- av-img-linked avia-align-center  avia-builder-el-5  avia-builder-el-no-sibling '   itemprop=\"image\" itemscope=\"itemscope\" itemtype=\"https:\/\/schema.org\/ImageObject\" ><div class=\"avia-image-container-inner\"><div class=\"avia-image-overlay-wrap\"><a href=\"https:\/\/qblades.nl\/wp-content\/uploads\/2021\/03\/duidelijke-productinformatie.jpg\" data-srcset=\"https:\/\/qblades.nl\/wp-content\/uploads\/2021\/03\/duidelijke-productinformatie.jpg 667w, https:\/\/qblades.nl\/wp-content\/uploads\/2021\/03\/duidelijke-productinformatie-300x300.jpg 300w, https:\/\/qblades.nl\/wp-content\/uploads\/2021\/03\/duidelijke-productinformatie-80x80.jpg 80w, https:\/\/qblades.nl\/wp-content\/uploads\/2021\/03\/duidelijke-productinformatie-36x36.jpg 36w, https:\/\/qblades.nl\/wp-content\/uploads\/2021\/03\/duidelijke-productinformatie-180x180.jpg 180w, https:\/\/qblades.nl\/wp-content\/uploads\/2021\/03\/duidelijke-productinformatie-100x100.jpg 100w, https:\/\/qblades.nl\/wp-content\/uploads\/2021\/03\/duidelijke-productinformatie-450x450.jpg 450w\" data-sizes=\"(max-width: 667px) 100vw, 667px\" class='avia_image '  aria-label='duidelijke-productinformatie'><img decoding=\"async\" fetchpriority=\"high\" class='wp-image-14285 avia-img-lazy-loading-not-14285 avia_image ' src=\"https:\/\/qblades.nl\/wp-content\/uploads\/2021\/03\/duidelijke-productinformatie.jpg\" alt='' title='duidelijke-productinformatie'  height=\"667\" width=\"667\"  itemprop=\"thumbnailUrl\" srcset=\"https:\/\/qblades.nl\/wp-content\/uploads\/2021\/03\/duidelijke-productinformatie.jpg 667w, https:\/\/qblades.nl\/wp-content\/uploads\/2021\/03\/duidelijke-productinformatie-300x300.jpg 300w, https:\/\/qblades.nl\/wp-content\/uploads\/2021\/03\/duidelijke-productinformatie-80x80.jpg 80w, https:\/\/qblades.nl\/wp-content\/uploads\/2021\/03\/duidelijke-productinformatie-36x36.jpg 36w, https:\/\/qblades.nl\/wp-content\/uploads\/2021\/03\/duidelijke-productinformatie-180x180.jpg 180w, https:\/\/qblades.nl\/wp-content\/uploads\/2021\/03\/duidelijke-productinformatie-100x100.jpg 100w, https:\/\/qblades.nl\/wp-content\/uploads\/2021\/03\/duidelijke-productinformatie-450x450.jpg 450w\" sizes=\"(max-width: 667px) 100vw, 667px\" \/><\/a><\/div><\/div><\/div><\/div><\/div><!--close column table wrapper. Autoclose: 1 -->\n<div class='flex_column_table av-20pbzc-3373ea4b66dfa5df38ddfb87b4dc038f sc-av_one_half av-equal-height-column-flextable'>\n<style type=\"text\/css\" data-created_by=\"avia_inline_auto\" id=\"style-css-av-20pbzc-3373ea4b66dfa5df38ddfb87b4dc038f\">\n.flex_column.av-20pbzc-3373ea4b66dfa5df38ddfb87b4dc038f{\nborder-radius:0px 0px 0px 0px;\npadding:0px 0px 0px 0px;\n}\n<\/style>\n<div  class='flex_column av-20pbzc-3373ea4b66dfa5df38ddfb87b4dc038f av_one_half  avia-builder-el-6  el_after_av_one_half  el_before_av_one_half  first flex_column_table_cell av-equal-height-column av-align-middle av-zero-column-padding  column-top-margin'     ><style type=\"text\/css\" data-created_by=\"avia_inline_auto\" id=\"style-css-av-klrrybcx-a4aca0c340592167ab8521d0ba0d2b34\">\n.avia-image-container.av-klrrybcx-a4aca0c340592167ab8521d0ba0d2b34 img.avia_image{\nbox-shadow:none;\n}\n.avia-image-container.av-klrrybcx-a4aca0c340592167ab8521d0ba0d2b34 .av-image-caption-overlay-center{\ncolor:#ffffff;\n}\n<\/style>\n<div  class='avia-image-container av-klrrybcx-a4aca0c340592167ab8521d0ba0d2b34 av-styling- av-img-linked avia-align-center  avia-builder-el-7  avia-builder-el-no-sibling '   itemprop=\"image\" itemscope=\"itemscope\" itemtype=\"https:\/\/schema.org\/ImageObject\" ><div class=\"avia-image-container-inner\"><div class=\"avia-image-overlay-wrap\"><a href=\"https:\/\/qblades.nl\/wp-content\/uploads\/2021\/03\/kleurcodes-1030x1030.jpg\" data-srcset=\"https:\/\/qblades.nl\/wp-content\/uploads\/2021\/03\/kleurcodes-1030x1030.jpg 1030w, https:\/\/qblades.nl\/wp-content\/uploads\/2021\/03\/kleurcodes-300x300.jpg 300w, https:\/\/qblades.nl\/wp-content\/uploads\/2021\/03\/kleurcodes-80x80.jpg 80w, https:\/\/qblades.nl\/wp-content\/uploads\/2021\/03\/kleurcodes-768x768.jpg 768w, https:\/\/qblades.nl\/wp-content\/uploads\/2021\/03\/kleurcodes-36x36.jpg 36w, https:\/\/qblades.nl\/wp-content\/uploads\/2021\/03\/kleurcodes-180x180.jpg 180w, https:\/\/qblades.nl\/wp-content\/uploads\/2021\/03\/kleurcodes-705x705.jpg 705w, https:\/\/qblades.nl\/wp-content\/uploads\/2021\/03\/kleurcodes-100x100.jpg 100w, https:\/\/qblades.nl\/wp-content\/uploads\/2021\/03\/kleurcodes-450x450.jpg 450w, https:\/\/qblades.nl\/wp-content\/uploads\/2021\/03\/kleurcodes.jpg 1200w\" data-sizes=\"(max-width: 1030px) 100vw, 1030px\" class='avia_image '  aria-label='kleurcodes'><img decoding=\"async\" fetchpriority=\"high\" class='wp-image-14290 avia-img-lazy-loading-not-14290 avia_image ' src=\"https:\/\/qblades.nl\/wp-content\/uploads\/2021\/03\/kleurcodes.jpg\" alt='' title='kleurcodes'  height=\"1200\" width=\"1200\"  itemprop=\"thumbnailUrl\" srcset=\"https:\/\/qblades.nl\/wp-content\/uploads\/2021\/03\/kleurcodes.jpg 1200w, https:\/\/qblades.nl\/wp-content\/uploads\/2021\/03\/kleurcodes-300x300.jpg 300w, https:\/\/qblades.nl\/wp-content\/uploads\/2021\/03\/kleurcodes-1030x1030.jpg 1030w, https:\/\/qblades.nl\/wp-content\/uploads\/2021\/03\/kleurcodes-80x80.jpg 80w, https:\/\/qblades.nl\/wp-content\/uploads\/2021\/03\/kleurcodes-768x768.jpg 768w, https:\/\/qblades.nl\/wp-content\/uploads\/2021\/03\/kleurcodes-36x36.jpg 36w, https:\/\/qblades.nl\/wp-content\/uploads\/2021\/03\/kleurcodes-180x180.jpg 180w, https:\/\/qblades.nl\/wp-content\/uploads\/2021\/03\/kleurcodes-705x705.jpg 705w, https:\/\/qblades.nl\/wp-content\/uploads\/2021\/03\/kleurcodes-100x100.jpg 100w, https:\/\/qblades.nl\/wp-content\/uploads\/2021\/03\/kleurcodes-450x450.jpg 450w\" sizes=\"(max-width: 1200px) 100vw, 1200px\" \/><\/a><\/div><\/div><\/div><\/div>\n<div class='av-flex-placeholder'><\/div>\n<style type=\"text\/css\" data-created_by=\"avia_inline_auto\" id=\"style-css-av-20pbzc-f7f26e1516dd87337638bbeec87d1ad4\">\n.flex_column.av-20pbzc-f7f26e1516dd87337638bbeec87d1ad4{\nborder-radius:0px 0px 0px 0px;\npadding:0px 0px 0px 0px;\n}\n<\/style>\n<div  class='flex_column av-20pbzc-f7f26e1516dd87337638bbeec87d1ad4 av_one_half  avia-builder-el-8  el_after_av_one_half  el_before_av_one_half  flex_column_table_cell av-equal-height-column av-align-middle av-zero-column-padding  column-top-margin'     ><section  class='av_textblock_section av-klrrbne6-03e997e4c40c3fca478a66dc2b34c3c0 '   itemscope=\"itemscope\" itemtype=\"https:\/\/schema.org\/CreativeWork\" ><div class='avia_textblock'  itemprop=\"text\" ><h4>Codes couleur<\/h4>\n<p>La bonne lame de scie pour chaque travail. Si vous sciez uniquement du bois ou du PVC, utilisez une lame de scie HCS (code couleur jaune). Si vous souhaitez scier des profiles, des clous ou m\u00eame un tube m\u00e9tallique en plus du bois, choisissez une lame de scie bim\u00e9tallique (code couleur bleu). Pour le remplacement d&#8217;un carrelage de salle de bain ou une autre r\u00e9paration dans de la pierre ou du b\u00e9ton, diff\u00e9rentes lames de scie au carbure ou diamant sont disponibles (code couleur violet). Qblades propose \u00e9galement divers accessoires dans sa gamme pour \u00e9liminer les r\u00e9sidus de mastic ou de colle (code couleur vert). De plus, des sets sont disponibles pour diverses applications (code couleur rouge).<\/p>\n<\/div><\/section><\/div><\/div><!--close column table wrapper. Autoclose: 1 -->\n<div class='flex_column_table av-20pbzc-3373ea4b66dfa5df38ddfb87b4dc038f sc-av_one_half av-equal-height-column-flextable'>\n<style type=\"text\/css\" data-created_by=\"avia_inline_auto\" id=\"style-css-av-20pbzc-3373ea4b66dfa5df38ddfb87b4dc038f\">\n.flex_column.av-20pbzc-3373ea4b66dfa5df38ddfb87b4dc038f{\nborder-radius:0px 0px 0px 0px;\npadding:0px 0px 0px 0px;\n}\n<\/style>\n<div  class='flex_column av-20pbzc-3373ea4b66dfa5df38ddfb87b4dc038f av_one_half  avia-builder-el-10  el_after_av_one_half  el_before_av_one_half  first flex_column_table_cell av-equal-height-column av-align-middle av-zero-column-padding  column-top-margin'     ><section  class='av_textblock_section av-klrrbne6-03e997e4c40c3fca478a66dc2b34c3c0 '   itemscope=\"itemscope\" itemtype=\"https:\/\/schema.org\/CreativeWork\" ><div class='avia_textblock'  itemprop=\"text\" ><h4>Conseils utilisateurs<\/h4>\n<p>La partie arri\u00e8re du conditionnement contient ders informations produit g\u00e9n\u00e9rales et des conseils d&#8217;utilisation pratiques. Comme par exemple des ic\u00f4nes qui indiquent les mat\u00e9riaux que vous pouvez couper avec la lame de scie de votre choix. Ou bien, des conseils; saviez vous qu&#8217;une lame de scie HCS coupe plus rapidement si vous poussez moins sur la lame? Ou, que les lames de scie BIM br\u00fblent moins vite \u00e0 une vitesse de coupe maximale de &#8221;4&#8221; et durent donc plus longtemps?<\/p>\n<\/div><\/section><\/div>\n<div class='av-flex-placeholder'><\/div>\n<style type=\"text\/css\" data-created_by=\"avia_inline_auto\" id=\"style-css-av-20pbzc-f7f26e1516dd87337638bbeec87d1ad4\">\n.flex_column.av-20pbzc-f7f26e1516dd87337638bbeec87d1ad4{\nborder-radius:0px 0px 0px 0px;\npadding:0px 0px 0px 0px;\n}\n<\/style>\n<div  class='flex_column av-20pbzc-f7f26e1516dd87337638bbeec87d1ad4 av_one_half  avia-builder-el-12  el_after_av_one_half  el_before_av_one_half  flex_column_table_cell av-equal-height-column av-align-middle av-zero-column-padding  column-top-margin'     ><style type=\"text\/css\" data-created_by=\"avia_inline_auto\" id=\"style-css-av-klrrybcx-c5326bbb3c64744d4b634ac3b515cbdb\">\n.avia-image-container.av-klrrybcx-c5326bbb3c64744d4b634ac3b515cbdb img.avia_image{\nbox-shadow:none;\n}\n.avia-image-container.av-klrrybcx-c5326bbb3c64744d4b634ac3b515cbdb .av-image-caption-overlay-center{\ncolor:#ffffff;\n}\n<\/style>\n<div  class='avia-image-container av-klrrybcx-c5326bbb3c64744d4b634ac3b515cbdb av-styling- av-img-linked avia-align-center  avia-builder-el-13  avia-builder-el-no-sibling '   itemprop=\"image\" itemscope=\"itemscope\" itemtype=\"https:\/\/schema.org\/ImageObject\" ><div class=\"avia-image-container-inner\"><div class=\"avia-image-overlay-wrap\"><a href=\"https:\/\/qblades.nl\/wp-content\/uploads\/2021\/03\/gebruikerstips.jpg\" data-srcset=\"https:\/\/qblades.nl\/wp-content\/uploads\/2021\/03\/gebruikerstips.jpg 1020w, https:\/\/qblades.nl\/wp-content\/uploads\/2021\/03\/gebruikerstips-300x294.jpg 300w, https:\/\/qblades.nl\/wp-content\/uploads\/2021\/03\/gebruikerstips-768x753.jpg 768w, https:\/\/qblades.nl\/wp-content\/uploads\/2021\/03\/gebruikerstips-36x36.jpg 36w, https:\/\/qblades.nl\/wp-content\/uploads\/2021\/03\/gebruikerstips-705x691.jpg 705w, https:\/\/qblades.nl\/wp-content\/uploads\/2021\/03\/gebruikerstips-450x441.jpg 450w\" data-sizes=\"(max-width: 1020px) 100vw, 1020px\" class='avia_image '  aria-label='gebruikerstips'><img decoding=\"async\" fetchpriority=\"high\" class='wp-image-14294 avia-img-lazy-loading-not-14294 avia_image ' src=\"https:\/\/qblades.nl\/wp-content\/uploads\/2021\/03\/gebruikerstips.jpg\" alt='' title='gebruikerstips'  height=\"1000\" width=\"1020\"  itemprop=\"thumbnailUrl\" srcset=\"https:\/\/qblades.nl\/wp-content\/uploads\/2021\/03\/gebruikerstips.jpg 1020w, https:\/\/qblades.nl\/wp-content\/uploads\/2021\/03\/gebruikerstips-300x294.jpg 300w, https:\/\/qblades.nl\/wp-content\/uploads\/2021\/03\/gebruikerstips-768x753.jpg 768w, https:\/\/qblades.nl\/wp-content\/uploads\/2021\/03\/gebruikerstips-36x36.jpg 36w, https:\/\/qblades.nl\/wp-content\/uploads\/2021\/03\/gebruikerstips-705x691.jpg 705w, https:\/\/qblades.nl\/wp-content\/uploads\/2021\/03\/gebruikerstips-450x441.jpg 450w\" sizes=\"(max-width: 1020px) 100vw, 1020px\" \/><\/a><\/div><\/div><\/div><\/div><\/div><!--close column table wrapper. Autoclose: 1 -->\n<div class='flex_column_table av-20pbzc-3373ea4b66dfa5df38ddfb87b4dc038f sc-av_one_half av-equal-height-column-flextable'>\n<style type=\"text\/css\" data-created_by=\"avia_inline_auto\" id=\"style-css-av-20pbzc-3373ea4b66dfa5df38ddfb87b4dc038f\">\n.flex_column.av-20pbzc-3373ea4b66dfa5df38ddfb87b4dc038f{\nborder-radius:0px 0px 0px 0px;\npadding:0px 0px 0px 0px;\n}\n<\/style>\n<div  class='flex_column av-20pbzc-3373ea4b66dfa5df38ddfb87b4dc038f av_one_half  avia-builder-el-14  el_after_av_one_half  el_before_av_one_half  first flex_column_table_cell av-equal-height-column av-align-middle av-zero-column-padding  column-top-margin'     ><style type=\"text\/css\" data-created_by=\"avia_inline_auto\" id=\"style-css-av-klrrybcx-1b853aedcabc7285102739fbb38ec3fa\">\n.avia-image-container.av-klrrybcx-1b853aedcabc7285102739fbb38ec3fa img.avia_image{\nbox-shadow:none;\n}\n.avia-image-container.av-klrrybcx-1b853aedcabc7285102739fbb38ec3fa .av-image-caption-overlay-center{\ncolor:#ffffff;\n}\n<\/style>\n<div  class='avia-image-container av-klrrybcx-1b853aedcabc7285102739fbb38ec3fa av-styling- av-img-linked avia-align-center  avia-builder-el-15  avia-builder-el-no-sibling '   itemprop=\"image\" itemscope=\"itemscope\" itemtype=\"https:\/\/schema.org\/ImageObject\" ><div class=\"avia-image-container-inner\"><div class=\"avia-image-overlay-wrap\"><a href=\"https:\/\/qblades.nl\/wp-content\/uploads\/2021\/03\/display.jpg\" data-srcset=\"https:\/\/qblades.nl\/wp-content\/uploads\/2021\/03\/display.jpg 1000w, https:\/\/qblades.nl\/wp-content\/uploads\/2021\/03\/display-300x300.jpg 300w, https:\/\/qblades.nl\/wp-content\/uploads\/2021\/03\/display-80x80.jpg 80w, https:\/\/qblades.nl\/wp-content\/uploads\/2021\/03\/display-768x768.jpg 768w, https:\/\/qblades.nl\/wp-content\/uploads\/2021\/03\/display-36x36.jpg 36w, https:\/\/qblades.nl\/wp-content\/uploads\/2021\/03\/display-180x180.jpg 180w, https:\/\/qblades.nl\/wp-content\/uploads\/2021\/03\/display-705x705.jpg 705w, https:\/\/qblades.nl\/wp-content\/uploads\/2021\/03\/display-100x100.jpg 100w, https:\/\/qblades.nl\/wp-content\/uploads\/2021\/03\/display-450x450.jpg 450w\" data-sizes=\"(max-width: 1000px) 100vw, 1000px\" class='avia_image '  aria-label='display'><img decoding=\"async\" fetchpriority=\"high\" class='wp-image-14298 avia-img-lazy-loading-not-14298 avia_image ' src=\"https:\/\/qblades.nl\/wp-content\/uploads\/2021\/03\/display.jpg\" alt='' title='display'  height=\"1000\" width=\"1000\"  itemprop=\"thumbnailUrl\" srcset=\"https:\/\/qblades.nl\/wp-content\/uploads\/2021\/03\/display.jpg 1000w, https:\/\/qblades.nl\/wp-content\/uploads\/2021\/03\/display-300x300.jpg 300w, https:\/\/qblades.nl\/wp-content\/uploads\/2021\/03\/display-80x80.jpg 80w, https:\/\/qblades.nl\/wp-content\/uploads\/2021\/03\/display-768x768.jpg 768w, https:\/\/qblades.nl\/wp-content\/uploads\/2021\/03\/display-36x36.jpg 36w, https:\/\/qblades.nl\/wp-content\/uploads\/2021\/03\/display-180x180.jpg 180w, https:\/\/qblades.nl\/wp-content\/uploads\/2021\/03\/display-705x705.jpg 705w, https:\/\/qblades.nl\/wp-content\/uploads\/2021\/03\/display-100x100.jpg 100w, https:\/\/qblades.nl\/wp-content\/uploads\/2021\/03\/display-450x450.jpg 450w\" sizes=\"(max-width: 1000px) 100vw, 1000px\" \/><\/a><\/div><\/div><\/div><\/div>\n<div class='av-flex-placeholder'><\/div>\n<style type=\"text\/css\" data-created_by=\"avia_inline_auto\" id=\"style-css-av-20pbzc-f7f26e1516dd87337638bbeec87d1ad4\">\n.flex_column.av-20pbzc-f7f26e1516dd87337638bbeec87d1ad4{\nborder-radius:0px 0px 0px 0px;\npadding:0px 0px 0px 0px;\n}\n<\/style>\n<div  class='flex_column av-20pbzc-f7f26e1516dd87337638bbeec87d1ad4 av_one_half  avia-builder-el-16  el_after_av_one_half  avia-builder-el-last  flex_column_table_cell av-equal-height-column av-align-middle av-zero-column-padding  column-top-margin'     ><section  class='av_textblock_section av-klrrbne6-03e997e4c40c3fca478a66dc2b34c3c0 '   itemscope=\"itemscope\" itemtype=\"https:\/\/schema.org\/CreativeWork\" ><div class='avia_textblock'  itemprop=\"text\" ><h4>Pr\u00e9sentation en magasin<\/h4>\n<p>\u00c0 partir de mi-Avril, nous ne livrerons que dans nos nouveaux conditionnements. Les mois suivants, nous commencerons \u00e0 mettre en place tous les rayons de nos distributeurs\/ partenaires Qblades. Les boites sont l\u00e9g\u00e8rement plus petites que les anciens conditionnements. Vous gagnerez donc de l&#8217;efficacit\u00e9 en espace rayon. Afin de ne pas plus compliquer le changement, nous nous sommes concentr\u00e9 uniquement sur le conditionnement. Rien d&#8217;autre ne change!<\/p>\n<p>Si vous avez des questions sur l&#8217;emballage, les diff\u00e9rentes applications ou des questions techniques, n&#8217;h\u00e9sitez surtout pas \u00e0 nous contacter. Nous serons ravis d&#8217;\u00eatre \u00e0 votre \u00e9coute.<\/p>\n<p>L&#8217;\u00e9quipe Qblades<\/p>\n<\/div><\/section><\/div><\/div><!--close column table wrapper. Autoclose: 1 -->\n","protected":false},"excerpt":{"rendered":"","protected":false},"author":1,"featured_media":0,"parent":0,"menu_order":0,"comment_status":"closed","ping_status":"closed","template":"","meta":{"_monsterinsights_skip_tracking":false,"_monsterinsights_sitenote_active":false,"_monsterinsights_sitenote_note":"","_monsterinsights_sitenote_category":0,"footnotes":""},"class_list":["post-14511","page","type-page","status-publish","hentry"],"yoast_head":"<!-- This site is optimized with the Yoast SEO plugin v27.1.1 - https:\/\/yoast.com\/product\/yoast-seo-wordpress\/ -->\n<title>Nouveaux conditionnements - Qblades<\/title>\n<meta name=\"robots\" content=\"index, follow, max-snippet:-1, max-image-preview:large, max-video-preview:-1\" \/>\n<link rel=\"canonical\" href=\"https:\/\/qblades.nl\/fr\/nieuwe-verpakking\/\" \/>\n<meta property=\"og:locale\" content=\"fr_FR\" \/>\n<meta property=\"og:type\" content=\"article\" \/>\n<meta property=\"og:title\" content=\"Nouveaux conditionnements - Qblades\" \/>\n<meta property=\"og:url\" content=\"https:\/\/qblades.nl\/fr\/nieuwe-verpakking\/\" \/>\n<meta property=\"og:site_name\" content=\"Qblades\" \/>\n<meta property=\"article:publisher\" content=\"https:\/\/www.facebook.com\/qbladescom\/\" \/>\n<meta property=\"article:modified_time\" content=\"2021-04-16T07:51:24+00:00\" \/>\n<meta name=\"twitter:card\" content=\"summary_large_image\" \/>\n<meta name=\"twitter:label1\" content=\"Dur\u00e9e de lecture estim\u00e9e\" \/>\n\t<meta name=\"twitter:data1\" content=\"5 minutes\" \/>\n<script type=\"application\/ld+json\" class=\"yoast-schema-graph\">{\"@context\":\"https:\/\/schema.org\",\"@graph\":[{\"@type\":\"WebPage\",\"@id\":\"https:\/\/qblades.nl\/fr\/nieuwe-verpakking\/\",\"url\":\"https:\/\/qblades.nl\/fr\/nieuwe-verpakking\/\",\"name\":\"Nouveaux conditionnements - Qblades\",\"isPartOf\":{\"@id\":\"https:\/\/qblades.nl\/#website\"},\"datePublished\":\"2021-03-02T08:36:37+00:00\",\"dateModified\":\"2021-04-16T07:51:24+00:00\",\"breadcrumb\":{\"@id\":\"https:\/\/qblades.nl\/fr\/nieuwe-verpakking\/#breadcrumb\"},\"inLanguage\":\"fr-FR\",\"potentialAction\":[{\"@type\":\"ReadAction\",\"target\":[\"https:\/\/qblades.nl\/fr\/nieuwe-verpakking\/\"]}]},{\"@type\":\"BreadcrumbList\",\"@id\":\"https:\/\/qblades.nl\/fr\/nieuwe-verpakking\/#breadcrumb\",\"itemListElement\":[{\"@type\":\"ListItem\",\"position\":1,\"name\":\"Home\",\"item\":\"https:\/\/qblades.nl\/fr\/homepage\/\"},{\"@type\":\"ListItem\",\"position\":2,\"name\":\"Nouveaux conditionnements\"}]},{\"@type\":\"WebSite\",\"@id\":\"https:\/\/qblades.nl\/#website\",\"url\":\"https:\/\/qblades.nl\/\",\"name\":\"Qblades\",\"description\":\"importeur en distributeur van Multitool zaagbladen en accessoires\",\"publisher\":{\"@id\":\"https:\/\/qblades.nl\/#organization\"},\"potentialAction\":[{\"@type\":\"SearchAction\",\"target\":{\"@type\":\"EntryPoint\",\"urlTemplate\":\"https:\/\/qblades.nl\/?s={search_term_string}\"},\"query-input\":{\"@type\":\"PropertyValueSpecification\",\"valueRequired\":true,\"valueName\":\"search_term_string\"}}],\"inLanguage\":\"fr-FR\"},{\"@type\":\"Organization\",\"@id\":\"https:\/\/qblades.nl\/#organization\",\"name\":\"Qblades\",\"url\":\"https:\/\/qblades.nl\/\",\"logo\":{\"@type\":\"ImageObject\",\"inLanguage\":\"fr-FR\",\"@id\":\"https:\/\/qblades.nl\/#\/schema\/logo\/image\/\",\"url\":\"http:\/\/qblades.nl\/wp-content\/uploads\/2022\/08\/logo-qblades.png\",\"contentUrl\":\"http:\/\/qblades.nl\/wp-content\/uploads\/2022\/08\/logo-qblades.png\",\"width\":2840,\"height\":1420,\"caption\":\"Qblades\"},\"image\":{\"@id\":\"https:\/\/qblades.nl\/#\/schema\/logo\/image\/\"},\"sameAs\":[\"https:\/\/www.facebook.com\/qbladescom\/\",\"https:\/\/www.linkedin.com\/company\/qblades\"]}]}<\/script>\n<!-- \/ Yoast SEO plugin. -->","yoast_head_json":{"title":"Nouveaux conditionnements - Qblades","robots":{"index":"index","follow":"follow","max-snippet":"max-snippet:-1","max-image-preview":"max-image-preview:large","max-video-preview":"max-video-preview:-1"},"canonical":"https:\/\/qblades.nl\/fr\/nieuwe-verpakking\/","og_locale":"fr_FR","og_type":"article","og_title":"Nouveaux conditionnements - Qblades","og_url":"https:\/\/qblades.nl\/fr\/nieuwe-verpakking\/","og_site_name":"Qblades","article_publisher":"https:\/\/www.facebook.com\/qbladescom\/","article_modified_time":"2021-04-16T07:51:24+00:00","twitter_card":"summary_large_image","twitter_misc":{"Dur\u00e9e de lecture estim\u00e9e":"5 minutes"},"schema":{"@context":"https:\/\/schema.org","@graph":[{"@type":"WebPage","@id":"https:\/\/qblades.nl\/fr\/nieuwe-verpakking\/","url":"https:\/\/qblades.nl\/fr\/nieuwe-verpakking\/","name":"Nouveaux conditionnements - Qblades","isPartOf":{"@id":"https:\/\/qblades.nl\/#website"},"datePublished":"2021-03-02T08:36:37+00:00","dateModified":"2021-04-16T07:51:24+00:00","breadcrumb":{"@id":"https:\/\/qblades.nl\/fr\/nieuwe-verpakking\/#breadcrumb"},"inLanguage":"fr-FR","potentialAction":[{"@type":"ReadAction","target":["https:\/\/qblades.nl\/fr\/nieuwe-verpakking\/"]}]},{"@type":"BreadcrumbList","@id":"https:\/\/qblades.nl\/fr\/nieuwe-verpakking\/#breadcrumb","itemListElement":[{"@type":"ListItem","position":1,"name":"Home","item":"https:\/\/qblades.nl\/fr\/homepage\/"},{"@type":"ListItem","position":2,"name":"Nouveaux conditionnements"}]},{"@type":"WebSite","@id":"https:\/\/qblades.nl\/#website","url":"https:\/\/qblades.nl\/","name":"Qblades","description":"importeur en distributeur van Multitool zaagbladen en accessoires","publisher":{"@id":"https:\/\/qblades.nl\/#organization"},"potentialAction":[{"@type":"SearchAction","target":{"@type":"EntryPoint","urlTemplate":"https:\/\/qblades.nl\/?s={search_term_string}"},"query-input":{"@type":"PropertyValueSpecification","valueRequired":true,"valueName":"search_term_string"}}],"inLanguage":"fr-FR"},{"@type":"Organization","@id":"https:\/\/qblades.nl\/#organization","name":"Qblades","url":"https:\/\/qblades.nl\/","logo":{"@type":"ImageObject","inLanguage":"fr-FR","@id":"https:\/\/qblades.nl\/#\/schema\/logo\/image\/","url":"http:\/\/qblades.nl\/wp-content\/uploads\/2022\/08\/logo-qblades.png","contentUrl":"http:\/\/qblades.nl\/wp-content\/uploads\/2022\/08\/logo-qblades.png","width":2840,"height":1420,"caption":"Qblades"},"image":{"@id":"https:\/\/qblades.nl\/#\/schema\/logo\/image\/"},"sameAs":["https:\/\/www.facebook.com\/qbladescom\/","https:\/\/www.linkedin.com\/company\/qblades"]}]}},"_links":{"self":[{"href":"https:\/\/qblades.nl\/fr\/wp-json\/wp\/v2\/pages\/14511","targetHints":{"allow":["GET"]}}],"collection":[{"href":"https:\/\/qblades.nl\/fr\/wp-json\/wp\/v2\/pages"}],"about":[{"href":"https:\/\/qblades.nl\/fr\/wp-json\/wp\/v2\/types\/page"}],"author":[{"embeddable":true,"href":"https:\/\/qblades.nl\/fr\/wp-json\/wp\/v2\/users\/1"}],"replies":[{"embeddable":true,"href":"https:\/\/qblades.nl\/fr\/wp-json\/wp\/v2\/comments?post=14511"}],"version-history":[{"count":5,"href":"https:\/\/qblades.nl\/fr\/wp-json\/wp\/v2\/pages\/14511\/revisions"}],"predecessor-version":[{"id":14636,"href":"https:\/\/qblades.nl\/fr\/wp-json\/wp\/v2\/pages\/14511\/revisions\/14636"}],"wp:attachment":[{"href":"https:\/\/qblades.nl\/fr\/wp-json\/wp\/v2\/media?parent=14511"}],"curies":[{"name":"wp","href":"https:\/\/api.w.org\/{rel}","templated":true}]}}