{"id":14796,"date":"2021-04-26T16:01:05","date_gmt":"2021-04-26T14:01:05","guid":{"rendered":"http:\/\/qblades.nl\/private-label\/"},"modified":"2026-02-18T13:29:25","modified_gmt":"2026-02-18T12:29:25","slug":"privatelabel","status":"publish","type":"page","link":"https:\/\/qblades.nl\/fr\/privatelabel\/","title":{"rendered":"Private Label"},"content":{"rendered":"\n<style type=\"text\/css\" data-created_by=\"avia_inline_auto\" id=\"style-css-av-mizqypfc-f0ae05a7df67dadf19e2735a13272714\">\n#top .hr.hr-invisible.av-mizqypfc-f0ae05a7df67dadf19e2735a13272714{\nheight:40px;\n}\n<\/style>\n<div  class='hr av-mizqypfc-f0ae05a7df67dadf19e2735a13272714 hr-invisible  avia-builder-el-0  el_before_av_one_fifth  avia-builder-el-first '><span class='hr-inner '><span class=\"hr-inner-style\"><\/span><\/span><\/div>\n<div  class='flex_column av-av_one_fifth-bea2f9001043b2450f2ac894d1b6393b av_one_fifth  avia-builder-el-1  el_after_av_hr  el_before_av_three_fifth  first flex_column_div  '     ><\/div>\n\n<style type=\"text\/css\" data-created_by=\"avia_inline_auto\" id=\"style-css-av-av_three_fifth-49f6e875884219cf77c24341e550af53\">\n.flex_column.av-av_three_fifth-49f6e875884219cf77c24341e550af53{\nborder-radius:0px 0px 0px 0px;\npadding:0px 0px 0px 0px;\n}\n<\/style>\n<div  class='flex_column av-av_three_fifth-49f6e875884219cf77c24341e550af53 av_three_fifth  avia-builder-el-2  el_after_av_one_fifth  el_before_av_one_fifth  flex_column_div av-zero-column-padding  '     ><section  class='av_textblock_section av-miyncyvv-b067ff7b349fce0208f8afa867d112a6 '   itemscope=\"itemscope\" itemtype=\"https:\/\/schema.org\/CreativeWork\" ><div class='avia_textblock'  itemprop=\"text\" ><h1 style=\"padding-bottom: 10px;\">Private label<\/h1>\n<h3 style=\"padding-bottom: 0px; text-transform: uppercase;\">Multitool &#8211; Scie Sabres &#8211; Scie Sateuses<\/h3>\n<\/div><\/section><\/div><div  class='flex_column av-av_one_fifth-4b43c9b03dde107542944c23c0a53a7c av_one_fifth  avia-builder-el-4  el_after_av_three_fifth  el_before_av_one_full  flex_column_div  '     ><\/div><\/p>\n<div  class='flex_column av-av_one_full-bea2f9001043b2450f2ac894d1b6393b av_one_full  avia-builder-el-5  el_after_av_one_fifth  el_before_av_one_fifth  first flex_column_div  column-top-margin'     ><style type=\"text\/css\" data-created_by=\"avia_inline_auto\" id=\"style-css-av-mlruhpe8-c97845b56562f2151bbc62c8714a7e5c\">\n.avia-image-container.av-mlruhpe8-c97845b56562f2151bbc62c8714a7e5c img.avia_image{\nbox-shadow:none;\n}\n.avia-image-container.av-mlruhpe8-c97845b56562f2151bbc62c8714a7e5c .av-image-caption-overlay-center{\ncolor:#ffffff;\n}\n<\/style>\n<div  class='avia-image-container av-mlruhpe8-c97845b56562f2151bbc62c8714a7e5c av-styling- avia-align-center  avia-builder-el-6  avia-builder-el-no-sibling '   itemprop=\"image\" itemscope=\"itemscope\" itemtype=\"https:\/\/schema.org\/ImageObject\" ><div class=\"avia-image-container-inner\"><div class=\"avia-image-overlay-wrap\"><img decoding=\"async\" fetchpriority=\"high\" class='wp-image-22269 avia-img-lazy-loading-not-22269 avia_image ' src=\"https:\/\/qblades.nl\/wp-content\/uploads\/2026\/02\/privatelabel-header.jpg\" alt='' title='privatelabel-header'  height=\"889\" width=\"1920\"  itemprop=\"thumbnailUrl\" srcset=\"https:\/\/qblades.nl\/wp-content\/uploads\/2026\/02\/privatelabel-header.jpg 1920w, https:\/\/qblades.nl\/wp-content\/uploads\/2026\/02\/privatelabel-header-300x139.jpg 300w, https:\/\/qblades.nl\/wp-content\/uploads\/2026\/02\/privatelabel-header-1030x477.jpg 1030w, https:\/\/qblades.nl\/wp-content\/uploads\/2026\/02\/privatelabel-header-768x356.jpg 768w, https:\/\/qblades.nl\/wp-content\/uploads\/2026\/02\/privatelabel-header-1536x711.jpg 1536w, https:\/\/qblades.nl\/wp-content\/uploads\/2026\/02\/privatelabel-header-1500x695.jpg 1500w, https:\/\/qblades.nl\/wp-content\/uploads\/2026\/02\/privatelabel-header-705x326.jpg 705w, https:\/\/qblades.nl\/wp-content\/uploads\/2026\/02\/privatelabel-header-450x208.jpg 450w\" sizes=\"(max-width: 1920px) 100vw, 1920px\" \/><\/div><\/div><\/div><\/div>\n<div  class='flex_column av-av_one_fifth-bea2f9001043b2450f2ac894d1b6393b av_one_fifth  avia-builder-el-7  el_after_av_one_full  el_before_av_three_fifth  first flex_column_div  column-top-margin'     ><\/div>\n\n<style type=\"text\/css\" data-created_by=\"avia_inline_auto\" id=\"style-css-av-av_three_fifth-705e2ed19379d3b0e363b523d5745661\">\n.flex_column.av-av_three_fifth-705e2ed19379d3b0e363b523d5745661{\nborder-radius:0px 0px 0px 0px;\npadding:0px 20px 0px 0px;\n}\n<\/style>\n<div  class='flex_column av-av_three_fifth-705e2ed19379d3b0e363b523d5745661 av_three_fifth  avia-builder-el-8  el_after_av_one_fifth  el_before_av_one_fifth  flex_column_div  column-top-margin'     ><section  class='av_textblock_section av-miyneaqe-7de7b7bb0a5cef997cf03dd0ec5163e8 '   itemscope=\"itemscope\" itemtype=\"https:\/\/schema.org\/CreativeWork\" ><div class='avia_textblock'  itemprop=\"text\" ><h3>Pourquoi Private Label?<\/h3>\n<p>Il y a plusieurs raisons de chercher \u00e0 d\u00e9velopper une gamme de produits sous votre propre marque; cr\u00e9er de la valeur ajout\u00e9, se distinguer de votre concurrence ou r\u00e9affirmer la position de votre marque premium. Dans chaque cas, vous recherchez un partenaire capable de vous accompagner avec une qualit\u00e9 professionnelle de produit et un taux de services \u00e0 la hauteur. Une assistance et une exp\u00e9rience pour des services sur mesure, un investissement \u00e0 faible risque et de la flexibilit\u00e9.<\/p>\n<p>En tant que marque, vous recherchez peut-\u00eatre un courant d\u2019affaire suppl\u00e9mentaires en ajoutant une nouvelle gamme \/ cat\u00e9gorie de produits. Mais vous souhaitez \u00e9galement minimaliser le risque sur votre investissement tout en b\u00e9n\u00e9ficiant de tous les avantages d\u2019une marque distributeur, tels que la croissance de votre chiffre d\u2019affaire et la satisfaction prouv\u00e9e de votre client\u00e8le.<\/p>\n<p>Nous proposons un concept de marque priv\u00e9e \u00e9prouv\u00e9 pour les lames de scie destin\u00e9es aux outils multifonctions, aux scies sauteuses et aux scies alternatives, garantissant une qualit\u00e9 constante du d\u00e9but \u00e0 la fin gr\u00e2ce \u00e0 notre exp\u00e9rience et \u00e0 notre expertise dans les domaines cl\u00e9s suivants\u00a0:<\/p>\n<\/div><\/section><\/div>\n<div  class='flex_column av-av_one_fifth-4b43c9b03dde107542944c23c0a53a7c av_one_fifth  avia-builder-el-10  el_after_av_three_fifth  el_before_av_hr  flex_column_div  column-top-margin'     ><\/div>\n\n<style type=\"text\/css\" data-created_by=\"avia_inline_auto\" id=\"style-css-av-av_hr-09b3f5fd4ae2b2c321426165b5492056\">\n#top .hr.hr-invisible.av-av_hr-09b3f5fd4ae2b2c321426165b5492056{\nheight:75px;\n}\n<\/style>\n<div  class='hr av-av_hr-09b3f5fd4ae2b2c321426165b5492056 hr-invisible  avia-builder-el-11  el_after_av_one_fifth  el_before_av_one_fifth '><span class='hr-inner '><span class=\"hr-inner-style\"><\/span><\/span><\/div>\n<div  class='flex_column av-av_one_fifth-bea2f9001043b2450f2ac894d1b6393b av_one_fifth  avia-builder-el-12  el_after_av_hr  el_before_av_three_fifth  first flex_column_div  '     ><\/div>\n\n<style type=\"text\/css\" data-created_by=\"avia_inline_auto\" id=\"style-css-av-av_three_fifth-037edd8f323ce572296e6effdc00eff9\">\n.flex_column.av-av_three_fifth-037edd8f323ce572296e6effdc00eff9{\nborder-radius:0px 0px 0px 0px;\npadding:0px 0px 0px 0px;\n}\n<\/style>\n<div  class='flex_column av-av_three_fifth-037edd8f323ce572296e6effdc00eff9 av_three_fifth  avia-builder-el-13  el_after_av_one_fifth  el_before_av_one_fifth  flex_column_div av-zero-column-padding  '     ><section  class='av_textblock_section av-miyneric-b0090d548bc5dc7cbaf8596780bf8635 '   itemscope=\"itemscope\" itemtype=\"https:\/\/schema.org\/CreativeWork\" ><div class='avia_textblock'  itemprop=\"text\" ><h4>Produit<\/h4>\n<p>La qualit\u00e9 de nos lames provient de la maitrise de toute la chaine de A \u00e0 Z , \u00e0 commencer par le bon choix de mati\u00e8re premi\u00e8re, les contr\u00f4les qualit\u00e9 avant et apr\u00e8s la production, les tests de performance permanents et la finalisation avec chaque lame de scie \u00e9tant manuellement emball\u00e9e et tri\u00e9e avant qu\u2019elle ne quitte notre site de production. Nous garantissons une homog\u00e9n\u00e9it\u00e9 de haute qualit\u00e9. Notre gamme comprend un pr\u00e9-s\u00e9l\u00e9ction efficace de types de lames de scie et d\u2019accessoires pour outils multifonctions les plus vendus (pr\u00e9s\u00e9lection de nos 20\/80). Notre gamme comprend une s\u00e9lection performante de lames de scie et d&#8217;accessoires parmi les plus vendus pour outils multifonctions, scies sauteuses et scies sabres. Notre assortiment pour outils multifonctions est compatible avec toutes les connexions courantes. Les scies sauteuses et les scies sabres sont dot\u00e9es d&#8217;une connexion universelle.<\/p>\n<\/div><\/section><br \/>\n\n<style type=\"text\/css\" data-created_by=\"avia_inline_auto\" id=\"style-css-av-av_image-154d180843a198867a1a18ec439feb23\">\n.avia-image-container.av-av_image-154d180843a198867a1a18ec439feb23 img.avia_image{\nbox-shadow:none;\n}\n.avia-image-container.av-av_image-154d180843a198867a1a18ec439feb23 .av-image-caption-overlay-center{\ncolor:#ffffff;\n}\n<\/style>\n<div  class='avia-image-container av-av_image-154d180843a198867a1a18ec439feb23 av-styling- av-img-linked avia-align-center  avia-builder-el-15  el_after_av_textblock  el_before_av_textblock '   itemprop=\"image\" itemscope=\"itemscope\" itemtype=\"https:\/\/schema.org\/ImageObject\" ><div class=\"avia-image-container-inner\"><div class=\"avia-image-overlay-wrap\"><a href=\"https:\/\/qblades.nl\/wp-content\/uploads\/2021\/04\/Qblades_Banner_Nieuwe-verpakking3-1030x415.jpg\" data-srcset=\"https:\/\/qblades.nl\/wp-content\/uploads\/2021\/04\/Qblades_Banner_Nieuwe-verpakking3-1030x415.jpg 1030w, https:\/\/qblades.nl\/wp-content\/uploads\/2021\/04\/Qblades_Banner_Nieuwe-verpakking3-300x121.jpg 300w, https:\/\/qblades.nl\/wp-content\/uploads\/2021\/04\/Qblades_Banner_Nieuwe-verpakking3-768x309.jpg 768w, https:\/\/qblades.nl\/wp-content\/uploads\/2021\/04\/Qblades_Banner_Nieuwe-verpakking3-705x284.jpg 705w, https:\/\/qblades.nl\/wp-content\/uploads\/2021\/04\/Qblades_Banner_Nieuwe-verpakking3-450x181.jpg 450w, https:\/\/qblades.nl\/wp-content\/uploads\/2021\/04\/Qblades_Banner_Nieuwe-verpakking3.jpg 1500w\" data-sizes=\"(max-width: 1030px) 100vw, 1030px\" class='avia_image '  aria-label='Qblades_Banner_Nieuwe-verpakking3'><img decoding=\"async\" fetchpriority=\"high\" class='wp-image-14738 avia-img-lazy-loading-not-14738 avia_image ' src=\"https:\/\/qblades.nl\/wp-content\/uploads\/2021\/04\/Qblades_Banner_Nieuwe-verpakking3.jpg\" alt='' title='Qblades_Banner_Nieuwe-verpakking3'  height=\"604\" width=\"1500\"  itemprop=\"thumbnailUrl\" srcset=\"https:\/\/qblades.nl\/wp-content\/uploads\/2021\/04\/Qblades_Banner_Nieuwe-verpakking3.jpg 1500w, https:\/\/qblades.nl\/wp-content\/uploads\/2021\/04\/Qblades_Banner_Nieuwe-verpakking3-300x121.jpg 300w, https:\/\/qblades.nl\/wp-content\/uploads\/2021\/04\/Qblades_Banner_Nieuwe-verpakking3-1030x415.jpg 1030w, https:\/\/qblades.nl\/wp-content\/uploads\/2021\/04\/Qblades_Banner_Nieuwe-verpakking3-768x309.jpg 768w, https:\/\/qblades.nl\/wp-content\/uploads\/2021\/04\/Qblades_Banner_Nieuwe-verpakking3-705x284.jpg 705w, https:\/\/qblades.nl\/wp-content\/uploads\/2021\/04\/Qblades_Banner_Nieuwe-verpakking3-450x181.jpg 450w\" sizes=\"(max-width: 1500px) 100vw, 1500px\" \/><\/a><\/div><\/div><\/div><br \/>\n<section  class='av_textblock_section av-miynf6nx-9fbfdfb409547b5e43cccafddf2ac98e '   itemscope=\"itemscope\" itemtype=\"https:\/\/schema.org\/CreativeWork\" ><div class='avia_textblock'  itemprop=\"text\" ><h4>Conditionnement<\/h4>\n<p>En tant que marque, vous essayez toujours de vous distinguer de vos concurrents. Le bon emballage peut \u00eatre un facteur essentiel de distinction. Nous avons d\u00e9velopp\u00e9 le premier emballage personnalisable, 100% sans plastique pour les lames de scie d\u2019outils multifonctions et ses accessoires. Cela vous permet de vous distinguer avec votre marque tout en monttrant votre position RSE, n\u00e9anmoins en gardant un design unique et des informations produit sp\u00e9cifiques.<\/p>\n<\/div><\/section><br \/>\n\n<style type=\"text\/css\" data-created_by=\"avia_inline_auto\" id=\"style-css-av-av_hr-af89a52d51412774536fa272e468f7cd\">\n#top .hr.hr-invisible.av-av_hr-af89a52d51412774536fa272e468f7cd{\nheight:30px;\n}\n<\/style>\n<div  class='hr av-av_hr-af89a52d51412774536fa272e468f7cd hr-invisible  avia-builder-el-17  el_after_av_textblock  el_before_av_textblock '><span class='hr-inner '><span class=\"hr-inner-style\"><\/span><\/span><\/div><br \/>\n<section  class='av_textblock_section av-miynfj4o-3ba5d840b16047917b3fb7ac39ea93d1 '   itemscope=\"itemscope\" itemtype=\"https:\/\/schema.org\/CreativeWork\" ><div class='avia_textblock'  itemprop=\"text\" ><h4>Logistique<\/h4>\n<p>Nous comprenons \u00e0 quel point la flexibilit\u00e9 est importante pour vous: c\u2019est pourquoi nous proposons des d\u00e9lais de livraison rapides afin de r\u00e9duire le risque de stock et de favoriser un retour sur investissement consid\u00e9rable, ainsi qu\u2019un assortiment et un stock ajustables. Nous vous permettons de d\u00e9marrer \u201ddoucement mais surement\u201d et d\u2019exploiter tous les avantages d\u2019une marque propre d\u00e8s le d\u00e9part sans risque d\u2019investissements \u00e9lev\u00e9s ou de capital consid\u00e9rable en stock. Une fois le succes de votre marque atteind aupr\u00e8s de vos distributeurs\/ adh\u00e9rents et de leurs clients, c\u2019est avec un \u201dservice level\u201d de presque 100% que nous nous efforcons de garantir votre demande croissante sans p\u00e9nurie ni retard.<\/p>\n<\/div><\/section><br \/>\n\n<style type=\"text\/css\" data-created_by=\"avia_inline_auto\" id=\"style-css-av-av_hr-af89a52d51412774536fa272e468f7cd\">\n#top .hr.hr-invisible.av-av_hr-af89a52d51412774536fa272e468f7cd{\nheight:30px;\n}\n<\/style>\n<div  class='hr av-av_hr-af89a52d51412774536fa272e468f7cd hr-invisible  avia-builder-el-19  el_after_av_textblock  el_before_av_textblock '><span class='hr-inner '><span class=\"hr-inner-style\"><\/span><\/span><\/div><br \/>\n<section  class='av_textblock_section av-miynfshb-da1f82d5e45f99df0d7a211213b4d57f '   itemscope=\"itemscope\" itemtype=\"https:\/\/schema.org\/CreativeWork\" ><div class='avia_textblock'  itemprop=\"text\" ><h4>Service<\/h4>\n<p>Un contact personnel et une compr\u00e9hension mutuelle des challenges sont essentiels pour une mise en \u0153uvre r\u00e9ussie d\u2019un projet. Nous nous engageons \u00e0 votre succ\u00e8s, en vous offrant un soutien actif dans le choix de la bonne gamme de produits, la strat\u00e9gie marketing et la cr\u00e9ation de \u201dcontents\u201d. Nous partageons avec vous notre exp\u00e9rience en marketing et en la vente de nombreuses MDD internationales et de notre propre marque, Qblades. Nous vous assistons m\u00eame dans le d\u00e9veloppement de votre emballage et vous aidons \u00e0 faire les bons choix tout au long des \u00e9tapes vers votre propre marque de lames de scie pour outils multifonction.<\/p>\n<\/div><\/section><\/p><\/div>\n<div  class='flex_column av-av_one_fifth-4b43c9b03dde107542944c23c0a53a7c av_one_fifth  avia-builder-el-21  el_after_av_three_fifth  el_before_av_one_fifth  flex_column_div  '     ><\/div>\n<div  class='flex_column av-av_one_fifth-bea2f9001043b2450f2ac894d1b6393b av_one_fifth  avia-builder-el-22  el_after_av_one_fifth  el_before_av_three_fifth  first flex_column_div  column-top-margin'     ><\/div>\n<div  class='flex_column av-av_three_fifth-4b43c9b03dde107542944c23c0a53a7c av_three_fifth  avia-builder-el-23  el_after_av_one_fifth  el_before_av_one_fifth  flex_column_div  column-top-margin'     ><section  class='av_textblock_section av-miyng7nb-feefb3c25e02f9d655e6c9cc498c85fe '   itemscope=\"itemscope\" itemtype=\"https:\/\/schema.org\/CreativeWork\" ><div class='avia_textblock'  itemprop=\"text\" ><h2 style=\"text-align: center;\">Int\u00e9ress\u00e9?<\/h2>\n<\/div><\/section><br \/>\n<div  class='avia-button-wrap av-miyngid7-91c454fe60828568e87d7089aa4ef60f-wrap avia-button-center  avia-builder-el-25  el_after_av_textblock  el_before_av_image '><a href='\/nl\/contact'  class='avia-button av-miyngid7-91c454fe60828568e87d7089aa4ef60f av-link-btn avia-icon_select-no avia-size-x-large avia-position-center avia-color-theme-color'  ><span class='avia_iconbox_title' >Contactez-nous!<\/span><\/a><\/div><br \/>\n\n<style type=\"text\/css\" data-created_by=\"avia_inline_auto\" id=\"style-css-av-av_image-fdc974cc9a32649278a89f3ac22d77a3\">\n.avia-image-container.av-av_image-fdc974cc9a32649278a89f3ac22d77a3 img.avia_image{\nbox-shadow:none;\n}\n.avia-image-container.av-av_image-fdc974cc9a32649278a89f3ac22d77a3 .av-image-caption-overlay-center{\ncolor:#ffffff;\n}\n<\/style>\n<div  class='avia-image-container av-av_image-fdc974cc9a32649278a89f3ac22d77a3 av-styling- avia-align-center  avia-builder-el-26  el_after_av_button  avia-builder-el-last '   itemprop=\"image\" itemscope=\"itemscope\" itemtype=\"https:\/\/schema.org\/ImageObject\" ><div class=\"avia-image-container-inner\"><div class=\"avia-image-overlay-wrap\"><img decoding=\"async\" fetchpriority=\"high\" class='wp-image-14744 avia-img-lazy-loading-not-14744 avia_image ' src=\"https:\/\/qblades.nl\/wp-content\/uploads\/2021\/04\/QBLADES_MAP_EUROPE.jpg\" alt='' title='QBLADES_MAP_EUROPE'  height=\"1148\" width=\"1500\"  itemprop=\"thumbnailUrl\" srcset=\"https:\/\/qblades.nl\/wp-content\/uploads\/2021\/04\/QBLADES_MAP_EUROPE.jpg 1500w, https:\/\/qblades.nl\/wp-content\/uploads\/2021\/04\/QBLADES_MAP_EUROPE-300x230.jpg 300w, https:\/\/qblades.nl\/wp-content\/uploads\/2021\/04\/QBLADES_MAP_EUROPE-1030x788.jpg 1030w, https:\/\/qblades.nl\/wp-content\/uploads\/2021\/04\/QBLADES_MAP_EUROPE-768x588.jpg 768w, https:\/\/qblades.nl\/wp-content\/uploads\/2021\/04\/QBLADES_MAP_EUROPE-705x540.jpg 705w, https:\/\/qblades.nl\/wp-content\/uploads\/2021\/04\/QBLADES_MAP_EUROPE-450x344.jpg 450w\" sizes=\"(max-width: 1500px) 100vw, 1500px\" \/><\/div><\/div><\/div><\/p><\/div>\n<div  class='flex_column av-av_one_fifth-4b43c9b03dde107542944c23c0a53a7c av_one_fifth  avia-builder-el-27  el_after_av_three_fifth  avia-builder-el-last  flex_column_div  column-top-margin'     ><\/div>\n","protected":false},"excerpt":{"rendered":"","protected":false},"author":1,"featured_media":0,"parent":0,"menu_order":0,"comment_status":"closed","ping_status":"closed","template":"","meta":{"_monsterinsights_skip_tracking":false,"_monsterinsights_sitenote_active":false,"_monsterinsights_sitenote_note":"","_monsterinsights_sitenote_category":0,"footnotes":""},"class_list":["post-14796","page","type-page","status-publish","hentry"],"yoast_head":"<!-- This site is optimized with the Yoast SEO plugin v27.1.1 - https:\/\/yoast.com\/product\/yoast-seo-wordpress\/ -->\n<title>Private Label - Qblades<\/title>\n<meta name=\"robots\" content=\"index, follow, max-snippet:-1, max-image-preview:large, max-video-preview:-1\" \/>\n<link rel=\"canonical\" href=\"https:\/\/qblades.nl\/fr\/privatelabel\/\" \/>\n<meta property=\"og:locale\" content=\"fr_FR\" \/>\n<meta property=\"og:type\" content=\"article\" \/>\n<meta property=\"og:title\" content=\"Private Label - Qblades\" \/>\n<meta property=\"og:url\" content=\"https:\/\/qblades.nl\/fr\/privatelabel\/\" \/>\n<meta property=\"og:site_name\" content=\"Qblades\" \/>\n<meta property=\"article:publisher\" content=\"https:\/\/www.facebook.com\/qbladescom\/\" \/>\n<meta property=\"article:modified_time\" content=\"2026-02-18T12:29:25+00:00\" \/>\n<meta name=\"twitter:card\" content=\"summary_large_image\" \/>\n<meta name=\"twitter:label1\" content=\"Dur\u00e9e de lecture estim\u00e9e\" \/>\n\t<meta name=\"twitter:data1\" content=\"37 minutes\" \/>\n<script type=\"application\/ld+json\" class=\"yoast-schema-graph\">{\"@context\":\"https:\/\/schema.org\",\"@graph\":[{\"@type\":\"WebPage\",\"@id\":\"https:\/\/qblades.nl\/fr\/privatelabel\/\",\"url\":\"https:\/\/qblades.nl\/fr\/privatelabel\/\",\"name\":\"Private Label - Qblades\",\"isPartOf\":{\"@id\":\"https:\/\/qblades.nl\/#website\"},\"datePublished\":\"2021-04-26T14:01:05+00:00\",\"dateModified\":\"2026-02-18T12:29:25+00:00\",\"breadcrumb\":{\"@id\":\"https:\/\/qblades.nl\/fr\/privatelabel\/#breadcrumb\"},\"inLanguage\":\"fr-FR\",\"potentialAction\":[{\"@type\":\"ReadAction\",\"target\":[\"https:\/\/qblades.nl\/fr\/privatelabel\/\"]}]},{\"@type\":\"BreadcrumbList\",\"@id\":\"https:\/\/qblades.nl\/fr\/privatelabel\/#breadcrumb\",\"itemListElement\":[{\"@type\":\"ListItem\",\"position\":1,\"name\":\"Home\",\"item\":\"https:\/\/qblades.nl\/fr\/homepage\/\"},{\"@type\":\"ListItem\",\"position\":2,\"name\":\"Private Label\"}]},{\"@type\":\"WebSite\",\"@id\":\"https:\/\/qblades.nl\/#website\",\"url\":\"https:\/\/qblades.nl\/\",\"name\":\"Qblades\",\"description\":\"importeur en distributeur van Multitool zaagbladen en accessoires\",\"publisher\":{\"@id\":\"https:\/\/qblades.nl\/#organization\"},\"potentialAction\":[{\"@type\":\"SearchAction\",\"target\":{\"@type\":\"EntryPoint\",\"urlTemplate\":\"https:\/\/qblades.nl\/?s={search_term_string}\"},\"query-input\":{\"@type\":\"PropertyValueSpecification\",\"valueRequired\":true,\"valueName\":\"search_term_string\"}}],\"inLanguage\":\"fr-FR\"},{\"@type\":\"Organization\",\"@id\":\"https:\/\/qblades.nl\/#organization\",\"name\":\"Qblades\",\"url\":\"https:\/\/qblades.nl\/\",\"logo\":{\"@type\":\"ImageObject\",\"inLanguage\":\"fr-FR\",\"@id\":\"https:\/\/qblades.nl\/#\/schema\/logo\/image\/\",\"url\":\"http:\/\/qblades.nl\/wp-content\/uploads\/2022\/08\/logo-qblades.png\",\"contentUrl\":\"http:\/\/qblades.nl\/wp-content\/uploads\/2022\/08\/logo-qblades.png\",\"width\":2840,\"height\":1420,\"caption\":\"Qblades\"},\"image\":{\"@id\":\"https:\/\/qblades.nl\/#\/schema\/logo\/image\/\"},\"sameAs\":[\"https:\/\/www.facebook.com\/qbladescom\/\",\"https:\/\/www.linkedin.com\/company\/qblades\"]}]}<\/script>\n<!-- \/ Yoast SEO plugin. -->","yoast_head_json":{"title":"Private Label - Qblades","robots":{"index":"index","follow":"follow","max-snippet":"max-snippet:-1","max-image-preview":"max-image-preview:large","max-video-preview":"max-video-preview:-1"},"canonical":"https:\/\/qblades.nl\/fr\/privatelabel\/","og_locale":"fr_FR","og_type":"article","og_title":"Private Label - Qblades","og_url":"https:\/\/qblades.nl\/fr\/privatelabel\/","og_site_name":"Qblades","article_publisher":"https:\/\/www.facebook.com\/qbladescom\/","article_modified_time":"2026-02-18T12:29:25+00:00","twitter_card":"summary_large_image","twitter_misc":{"Dur\u00e9e de lecture estim\u00e9e":"37 minutes"},"schema":{"@context":"https:\/\/schema.org","@graph":[{"@type":"WebPage","@id":"https:\/\/qblades.nl\/fr\/privatelabel\/","url":"https:\/\/qblades.nl\/fr\/privatelabel\/","name":"Private Label - Qblades","isPartOf":{"@id":"https:\/\/qblades.nl\/#website"},"datePublished":"2021-04-26T14:01:05+00:00","dateModified":"2026-02-18T12:29:25+00:00","breadcrumb":{"@id":"https:\/\/qblades.nl\/fr\/privatelabel\/#breadcrumb"},"inLanguage":"fr-FR","potentialAction":[{"@type":"ReadAction","target":["https:\/\/qblades.nl\/fr\/privatelabel\/"]}]},{"@type":"BreadcrumbList","@id":"https:\/\/qblades.nl\/fr\/privatelabel\/#breadcrumb","itemListElement":[{"@type":"ListItem","position":1,"name":"Home","item":"https:\/\/qblades.nl\/fr\/homepage\/"},{"@type":"ListItem","position":2,"name":"Private Label"}]},{"@type":"WebSite","@id":"https:\/\/qblades.nl\/#website","url":"https:\/\/qblades.nl\/","name":"Qblades","description":"importeur en distributeur van Multitool zaagbladen en accessoires","publisher":{"@id":"https:\/\/qblades.nl\/#organization"},"potentialAction":[{"@type":"SearchAction","target":{"@type":"EntryPoint","urlTemplate":"https:\/\/qblades.nl\/?s={search_term_string}"},"query-input":{"@type":"PropertyValueSpecification","valueRequired":true,"valueName":"search_term_string"}}],"inLanguage":"fr-FR"},{"@type":"Organization","@id":"https:\/\/qblades.nl\/#organization","name":"Qblades","url":"https:\/\/qblades.nl\/","logo":{"@type":"ImageObject","inLanguage":"fr-FR","@id":"https:\/\/qblades.nl\/#\/schema\/logo\/image\/","url":"http:\/\/qblades.nl\/wp-content\/uploads\/2022\/08\/logo-qblades.png","contentUrl":"http:\/\/qblades.nl\/wp-content\/uploads\/2022\/08\/logo-qblades.png","width":2840,"height":1420,"caption":"Qblades"},"image":{"@id":"https:\/\/qblades.nl\/#\/schema\/logo\/image\/"},"sameAs":["https:\/\/www.facebook.com\/qbladescom\/","https:\/\/www.linkedin.com\/company\/qblades"]}]}},"_links":{"self":[{"href":"https:\/\/qblades.nl\/fr\/wp-json\/wp\/v2\/pages\/14796","targetHints":{"allow":["GET"]}}],"collection":[{"href":"https:\/\/qblades.nl\/fr\/wp-json\/wp\/v2\/pages"}],"about":[{"href":"https:\/\/qblades.nl\/fr\/wp-json\/wp\/v2\/types\/page"}],"author":[{"embeddable":true,"href":"https:\/\/qblades.nl\/fr\/wp-json\/wp\/v2\/users\/1"}],"replies":[{"embeddable":true,"href":"https:\/\/qblades.nl\/fr\/wp-json\/wp\/v2\/comments?post=14796"}],"version-history":[{"count":11,"href":"https:\/\/qblades.nl\/fr\/wp-json\/wp\/v2\/pages\/14796\/revisions"}],"predecessor-version":[{"id":22321,"href":"https:\/\/qblades.nl\/fr\/wp-json\/wp\/v2\/pages\/14796\/revisions\/22321"}],"wp:attachment":[{"href":"https:\/\/qblades.nl\/fr\/wp-json\/wp\/v2\/media?parent=14796"}],"curies":[{"name":"wp","href":"https:\/\/api.w.org\/{rel}","templated":true}]}}