{"id":21225,"date":"2025-10-30T14:51:01","date_gmt":"2025-10-30T13:51:01","guid":{"rendered":"https:\/\/qblades.nl\/devenez-distributeur\/"},"modified":"2025-11-04T16:54:11","modified_gmt":"2025-11-04T15:54:11","slug":"devenez-distributeur","status":"publish","type":"page","link":"https:\/\/qblades.nl\/fr\/devenez-distributeur\/","title":{"rendered":"DEVENEZ DISTRIBUTEUR"},"content":{"rendered":"\n<style type=\"text\/css\" data-created_by=\"avia_inline_auto\" id=\"style-css-av-mhbuv4gr-37f52ca7f7c9588a9cb94868ac4debe4\">\n#top .hr.hr-invisible.av-mhbuv4gr-37f52ca7f7c9588a9cb94868ac4debe4{\nheight:40px;\n}\n<\/style>\n<div  class='hr av-mhbuv4gr-37f52ca7f7c9588a9cb94868ac4debe4 hr-invisible  avia-builder-el-0  el_before_av_one_fifth  avia-builder-el-first '><span class='hr-inner '><span class=\"hr-inner-style\"><\/span><\/span><\/div>\n<div  class='flex_column av-6az83g5-7967de950debdce4d022eef2670b02c2 av_one_fifth  avia-builder-el-1  el_after_av_hr  el_before_av_three_fifth  first flex_column_div  '     ><\/div>\n<div  class='flex_column av-5tfh1g5-b71ebfe891926d453e4a47be5217ed06 av_three_fifth  avia-builder-el-2  el_after_av_one_fifth  el_before_av_one_fifth  flex_column_div  '     ><section  class='av_textblock_section av-mgt5en0p-e93a19202cda67d94233ac3202d919c6 '   itemscope=\"itemscope\" itemtype=\"https:\/\/schema.org\/CreativeWork\" ><div class='avia_textblock'  itemprop=\"text\" ><h1 style=\"text-align: left;\">Qblades dans votre magasin<\/h1>\n<\/div><\/section><\/div>\n<div  class='flex_column av-5hse0qd-75456a7914973703795a293c0fe86098 av_one_fifth  avia-builder-el-4  el_after_av_three_fifth  el_before_av_one_full  flex_column_div  '     ><\/div>\n<div  class='flex_column av-4zc0es5-6634af0c7eb6b4bda90dcae2c93035d4 av_one_full  avia-builder-el-5  el_after_av_one_fifth  el_before_av_one_fifth  first flex_column_div  column-top-margin'     ><style type=\"text\/css\" data-created_by=\"avia_inline_auto\" id=\"style-css-av-mhaewumx-a06821b318851d82e5d88605211d2614\">\n.avia-image-container.av-mhaewumx-a06821b318851d82e5d88605211d2614 img.avia_image{\nbox-shadow:none;\n}\n.avia-image-container.av-mhaewumx-a06821b318851d82e5d88605211d2614 .av-image-caption-overlay-center{\ncolor:#ffffff;\n}\n<\/style>\n<div  class='avia-image-container av-mhaewumx-a06821b318851d82e5d88605211d2614 av-styling- avia-align-center  avia-builder-el-6  avia-builder-el-no-sibling '   itemprop=\"image\" itemscope=\"itemscope\" itemtype=\"https:\/\/schema.org\/ImageObject\" ><div class=\"avia-image-container-inner\"><div class=\"avia-image-overlay-wrap\"><img decoding=\"async\" fetchpriority=\"high\" class='wp-image-21176 avia-img-lazy-loading-not-21176 avia_image ' src=\"https:\/\/qblades.nl\/wp-content\/uploads\/2025\/10\/winkelpresentatie-dealerworden.jpg\" alt='dealer worden' title='winkelpresentatie-dealerworden'  height=\"880\" width=\"1920\"  itemprop=\"thumbnailUrl\" srcset=\"https:\/\/qblades.nl\/wp-content\/uploads\/2025\/10\/winkelpresentatie-dealerworden.jpg 1920w, https:\/\/qblades.nl\/wp-content\/uploads\/2025\/10\/winkelpresentatie-dealerworden-300x138.jpg 300w, https:\/\/qblades.nl\/wp-content\/uploads\/2025\/10\/winkelpresentatie-dealerworden-1030x472.jpg 1030w, https:\/\/qblades.nl\/wp-content\/uploads\/2025\/10\/winkelpresentatie-dealerworden-768x352.jpg 768w, https:\/\/qblades.nl\/wp-content\/uploads\/2025\/10\/winkelpresentatie-dealerworden-1536x704.jpg 1536w, https:\/\/qblades.nl\/wp-content\/uploads\/2025\/10\/winkelpresentatie-dealerworden-1500x688.jpg 1500w, https:\/\/qblades.nl\/wp-content\/uploads\/2025\/10\/winkelpresentatie-dealerworden-705x323.jpg 705w, https:\/\/qblades.nl\/wp-content\/uploads\/2025\/10\/winkelpresentatie-dealerworden-450x206.jpg 450w\" sizes=\"(max-width: 1920px) 100vw, 1920px\" \/><\/div><\/div><\/div><\/div>\n<div  class='flex_column av-ffwv05-f4779adc175e0cb4f26458647b0f7ab9 av_one_fifth  avia-builder-el-7  el_after_av_one_full  el_before_av_three_fifth  first flex_column_div  column-top-margin'     ><\/div>\n<div  class='flex_column av-42ms0c5-c66cc5345d399f7de2612464504e65eb av_three_fifth  avia-builder-el-8  el_after_av_one_fifth  el_before_av_one_fifth  flex_column_div  column-top-margin'     ><section  class='av_textblock_section av-mhaeysyy-c74972db97b6d3afd86255693aafb8ff '   itemscope=\"itemscope\" itemtype=\"https:\/\/schema.org\/CreativeWork\" ><div class='avia_textblock'  itemprop=\"text\" ><h3 data-start=\"202\" data-end=\"533\">Qblades conna\u00eet une croissance rapide. De plus en plus de professionnels font confiance \u00e0 nos lames de scie pour leur pr\u00e9cision, leur longue dur\u00e9e de vie et leurs performances constantes.<\/h3>\n<\/div><\/section><br \/>\n\n<style type=\"text\/css\" data-created_by=\"avia_inline_auto\" id=\"style-css-av-mhd7l0gq-943178e472fcdc10932ef12dc3b18be2\">\n#top .hr.hr-invisible.av-mhd7l0gq-943178e472fcdc10932ef12dc3b18be2{\nheight:20px;\n}\n<\/style>\n<div  class='hr av-mhd7l0gq-943178e472fcdc10932ef12dc3b18be2 hr-invisible  avia-builder-el-10  el_after_av_textblock  el_before_av_textblock '><span class='hr-inner '><span class=\"hr-inner-style\"><\/span><\/span><\/div><br \/>\n\n<style type=\"text\/css\" data-created_by=\"avia_inline_auto\" id=\"style-css-av-mhbxopja-d02c096267d97f2744a820b0a4560f7e\">\n#top .av_textblock_section.av-mhbxopja-d02c096267d97f2744a820b0a4560f7e .avia_textblock{\nfont-size:16px;\n}\n<\/style>\n<section  class='av_textblock_section av-mhbxopja-d02c096267d97f2744a820b0a4560f7e '   itemscope=\"itemscope\" itemtype=\"https:\/\/schema.org\/CreativeWork\" ><div class='avia_textblock'  itemprop=\"text\" ><h3 style=\"font-size: 1em;\"><img loading=\"lazy\" decoding=\"async\" class=\"alignleft wp-image-21161\" style=\"margin: 0 10 0 15!important;\" src=\"https:\/\/qblades.nl\/wp-content\/uploads\/2025\/10\/check.png\" alt=\"\" width=\"17\" height=\"15\" \/> Qualit\u00e9 tr\u00e8s \u00e9lev\u00e9e<\/h3>\n<h3 style=\"font-size: 1em;\"><img loading=\"lazy\" decoding=\"async\" class=\"wp-image-21161 alignleft\" style=\"margin: 0 10 0 15;\" src=\"https:\/\/qblades.nl\/wp-content\/uploads\/2025\/10\/check.png\" alt=\"\" width=\"17\" height=\"15\" \/> Large gamme de produits<\/h3>\n<h3 style=\"font-size: 1em;\"><img loading=\"lazy\" decoding=\"async\" class=\"wp-image-21161 alignleft\" style=\"margin: 0 10 0 15;\" src=\"https:\/\/qblades.nl\/wp-content\/uploads\/2025\/10\/check.png\" alt=\"\" width=\"17\" height=\"15\" \/> Toujours disponible en stock<\/h3>\n<h3 style=\"font-size: 1em;\"><img loading=\"lazy\" decoding=\"async\" class=\"wp-image-21161 alignleft\" style=\"margin: 0 10 0 15;\" src=\"https:\/\/qblades.nl\/wp-content\/uploads\/2025\/10\/check.png\" alt=\"\" width=\"17\" height=\"15\" \/> Prix comp\u00e9titifs<\/h3>\n<h3 style=\"font-size: 1em;\"><img loading=\"lazy\" decoding=\"async\" class=\"wp-image-21161 alignleft\" style=\"margin: 0 10 0 15;\" src=\"https:\/\/qblades.nl\/wp-content\/uploads\/2025\/10\/check.png\" alt=\"\" width=\"17\" height=\"15\" \/> Support professionnel et flexible<\/h3>\n<\/div><\/section><br \/>\n\n<style type=\"text\/css\" data-created_by=\"avia_inline_auto\" id=\"style-css-av-kic2r9-6e504fa60f262af8fc4302c6708a1c05\">\n#top .hr.hr-invisible.av-kic2r9-6e504fa60f262af8fc4302c6708a1c05{\nheight:20px;\n}\n<\/style>\n<div  class='hr av-kic2r9-6e504fa60f262af8fc4302c6708a1c05 hr-invisible  avia-builder-el-12  el_after_av_textblock  el_before_av_textblock '><span class='hr-inner '><span class=\"hr-inner-style\"><\/span><\/span><\/div><br \/>\n<section  class='av_textblock_section av-mhd7mkla-3d1f277c306a0f4696397d4481c0d344 '   itemscope=\"itemscope\" itemtype=\"https:\/\/schema.org\/CreativeWork\" ><div class='avia_textblock'  itemprop=\"text\" ><div>\n<p>Vous souhaitez proposer une marque qui fait vraiment la diff\u00e9rence ? Devenez revendeur Qblades et profitez de notre expertise, de notre soutien marketing et de notre service de livraison fiable.<\/p>\n<p>Laissez-nous vos coordonn\u00e9es ou contactez notre \u00e9quipe commerciale au <a href=\"tel:0031224769002\">+31 (0)224 \u2013 76 90 02<\/a>.<\/p>\n<\/div>\n<\/div><\/section><\/p><\/div><div  class='flex_column av-d5gbpx-592a65ac3d9f964e32f31652deb19ef6 av_one_fifth  avia-builder-el-14  el_after_av_three_fifth  el_before_av_one_fifth  flex_column_div  column-top-margin'     ><\/div><\/p>\n<div  class='flex_column av-2x0ioid-0ceec2cec069502f421af8edd8597942 av_one_fifth  avia-builder-el-15  el_after_av_one_fifth  el_before_av_three_fifth  first flex_column_div  column-top-margin'     ><\/div>\n\n<style type=\"text\/css\" data-created_by=\"avia_inline_auto\" id=\"style-css-av-2ln0qmt-4c1a649a1d1b66e45e86c036a002daca\">\n.flex_column.av-2ln0qmt-4c1a649a1d1b66e45e86c036a002daca{\npadding:50px 50px 50px 50px;\nbackground-color:#efefef;\n}\n<\/style>\n<div  class='flex_column av-2ln0qmt-4c1a649a1d1b66e45e86c036a002daca av_three_fifth  avia-builder-el-16  el_after_av_one_fifth  el_before_av_one_fifth  flex_column_div  column-top-margin'     ><section  class='av_textblock_section av-213g2z9-564d1297520f1b903106838c372a0ce0 '   itemscope=\"itemscope\" itemtype=\"https:\/\/schema.org\/CreativeWork\" ><div class='avia_textblock'  itemprop=\"text\" ><h2>JE VEUX DEVENIR REVENDEUR<\/h2>\n<\/div><\/section><br \/>\n\n<style type=\"text\/css\" data-created_by=\"avia_inline_auto\" id=\"style-css-av-1gta2ol-492e71a9b5c04dc2b2ce7d55f146fce3\">\n#top .hr.hr-invisible.av-1gta2ol-492e71a9b5c04dc2b2ce7d55f146fce3{\nheight:5px;\n}\n<\/style>\n<div  class='hr av-1gta2ol-492e71a9b5c04dc2b2ce7d55f146fce3 hr-invisible  avia-builder-el-18  el_after_av_textblock  el_before_av_textblock '><span class='hr-inner '><span class=\"hr-inner-style\"><\/span><\/span><\/div><br \/>\n<section  class='av_textblock_section av-111etw5-7c47d30d3e0cc7fefdec7f394f1381a2 '   itemscope=\"itemscope\" itemtype=\"https:\/\/schema.org\/CreativeWork\" ><div class='avia_textblock'  itemprop=\"text\" >\n<div class=\"wpcf7 no-js\" id=\"wpcf7-f21229-o1\" lang=\"nl-NL\" dir=\"ltr\" data-wpcf7-id=\"21229\">\n<div class=\"screen-reader-response\"><p role=\"status\" aria-live=\"polite\" aria-atomic=\"true\"><\/p> <ul><\/ul><\/div>\n<form action=\"\/fr\/wp-json\/wp\/v2\/pages\/21225#wpcf7-f21229-o1\" method=\"post\" class=\"wpcf7-form init\" aria-label=\"Contactformulier\" novalidate=\"novalidate\" data-status=\"init\">\n<fieldset class=\"hidden-fields-container\"><input type=\"hidden\" name=\"_wpcf7\" value=\"21229\" \/><input type=\"hidden\" name=\"_wpcf7_version\" value=\"6.1.5\" \/><input type=\"hidden\" name=\"_wpcf7_locale\" value=\"nl_NL\" \/><input type=\"hidden\" name=\"_wpcf7_unit_tag\" value=\"wpcf7-f21229-o1\" \/><input type=\"hidden\" name=\"_wpcf7_container_post\" value=\"0\" \/><input type=\"hidden\" name=\"_wpcf7_posted_data_hash\" value=\"\" \/><input type=\"hidden\" name=\"_wpcf7_recaptcha_response\" value=\"\" \/>\n<\/fieldset>\n<p><label><span class=\"wpcf7-form-control-wrap\" data-name=\"your-name\"><input size=\"40\" maxlength=\"400\" class=\"wpcf7-form-control wpcf7-text wpcf7-validates-as-required\" autocomplete=\"name\" aria-required=\"true\" aria-invalid=\"false\" placeholder=\"Nom *\" value=\"\" type=\"text\" name=\"your-name\" \/><\/span> <\/label>\n<\/p>\n<p><label><span class=\"wpcf7-form-control-wrap\" data-name=\"bedrijfsnaam\"><input size=\"40\" maxlength=\"400\" class=\"wpcf7-form-control wpcf7-text wpcf7-validates-as-required\" autocomplete=\"bedrijfsnaam\" aria-required=\"true\" aria-invalid=\"false\" placeholder=\"Nom de l&#039;entreprise *\" value=\"\" type=\"text\" name=\"bedrijfsnaam\" \/><\/span> <\/label>\n<\/p>\n<p><label><span class=\"wpcf7-form-control-wrap\" data-name=\"your-email\"><input size=\"40\" maxlength=\"400\" class=\"wpcf7-form-control wpcf7-email wpcf7-validates-as-required wpcf7-text wpcf7-validates-as-email\" autocomplete=\"email\" aria-required=\"true\" aria-invalid=\"false\" placeholder=\"Adresse email *\" value=\"\" type=\"email\" name=\"your-email\" \/><\/span> <\/label>\n<\/p>\n<p><label><span class=\"wpcf7-form-control-wrap\" data-name=\"tel-599\"><input size=\"40\" maxlength=\"400\" class=\"wpcf7-form-control wpcf7-tel wpcf7-text wpcf7-validates-as-tel\" aria-invalid=\"false\" placeholder=\"Num\u00e9ro de t\u00e9l\u00e9phone\" value=\"\" type=\"tel\" name=\"tel-599\" \/><\/span><\/label>\n<\/p>\n<p><label><span class=\"wpcf7-form-control-wrap\" data-name=\"website\"><input size=\"40\" maxlength=\"400\" class=\"wpcf7-form-control wpcf7-text\" aria-invalid=\"false\" placeholder=\"Website\" value=\"\" type=\"text\" name=\"website\" \/><\/span> <\/label>\n<\/p>\n<p><label><span class=\"wpcf7-form-control-wrap\" data-name=\"aantal-vestigingen\"><input class=\"wpcf7-form-control wpcf7-number wpcf7-validates-as-number\" aria-invalid=\"false\" placeholder=\"Nombre de lieux\" value=\"\" type=\"number\" name=\"aantal-vestigingen\" \/><\/span><\/label>\n<\/p>\n<p><label><span class=\"wpcf7-form-control-wrap\" data-name=\"overige-info\"><textarea cols=\"40\" rows=\"3\" maxlength=\"2000\" class=\"wpcf7-form-control wpcf7-textarea\" aria-invalid=\"false\" placeholder=\"Autres informations\" name=\"overige-info\"><\/textarea><\/span><\/label>\n<\/p>\n<p>* = requis\n<\/p>\n<p><input class=\"wpcf7-form-control wpcf7-submit has-spinner\" type=\"submit\" value=\"Envoyer une demande\" \/>\n<\/p><div class=\"wpcf7-response-output\" aria-hidden=\"true\"><\/div>\n<\/form>\n<\/div>\n\n<\/div><\/section><\/p><\/div><div  class='flex_column av-2on2yd-fd502d769bd490dc889a3a60ebe8a118 av_one_fifth  avia-builder-el-20  el_after_av_three_fifth  avia-builder-el-last  flex_column_div  column-top-margin'     ><\/div><\/p>\n","protected":false},"excerpt":{"rendered":"","protected":false},"author":1,"featured_media":0,"parent":0,"menu_order":0,"comment_status":"closed","ping_status":"closed","template":"","meta":{"_monsterinsights_skip_tracking":false,"_monsterinsights_sitenote_active":false,"_monsterinsights_sitenote_note":"","_monsterinsights_sitenote_category":0,"footnotes":""},"class_list":["post-21225","page","type-page","status-publish","hentry"],"yoast_head":"<!-- This site is optimized with the Yoast SEO plugin v27.1.1 - https:\/\/yoast.com\/product\/yoast-seo-wordpress\/ -->\n<title>DEVENEZ DISTRIBUTEUR - Qblades<\/title>\n<meta name=\"robots\" content=\"index, follow, max-snippet:-1, max-image-preview:large, max-video-preview:-1\" \/>\n<link rel=\"canonical\" href=\"https:\/\/qblades.nl\/fr\/devenez-distributeur\/\" \/>\n<meta property=\"og:locale\" content=\"fr_FR\" \/>\n<meta property=\"og:type\" content=\"article\" \/>\n<meta property=\"og:title\" content=\"DEVENEZ DISTRIBUTEUR - Qblades\" \/>\n<meta property=\"og:url\" content=\"https:\/\/qblades.nl\/fr\/devenez-distributeur\/\" \/>\n<meta property=\"og:site_name\" content=\"Qblades\" \/>\n<meta property=\"article:publisher\" content=\"https:\/\/www.facebook.com\/qbladescom\/\" \/>\n<meta property=\"article:modified_time\" content=\"2025-11-04T15:54:11+00:00\" \/>\n<meta property=\"og:image\" content=\"https:\/\/qblades.nl\/wp-content\/uploads\/2025\/10\/check.png\" \/>\n<meta name=\"twitter:card\" content=\"summary_large_image\" \/>\n<meta name=\"twitter:label1\" content=\"Dur\u00e9e de lecture estim\u00e9e\" \/>\n\t<meta name=\"twitter:data1\" content=\"2 minutes\" \/>\n<script type=\"application\/ld+json\" class=\"yoast-schema-graph\">{\"@context\":\"https:\/\/schema.org\",\"@graph\":[{\"@type\":\"WebPage\",\"@id\":\"https:\/\/qblades.nl\/fr\/devenez-distributeur\/\",\"url\":\"https:\/\/qblades.nl\/fr\/devenez-distributeur\/\",\"name\":\"DEVENEZ DISTRIBUTEUR - Qblades\",\"isPartOf\":{\"@id\":\"https:\/\/qblades.nl\/#website\"},\"primaryImageOfPage\":{\"@id\":\"https:\/\/qblades.nl\/fr\/devenez-distributeur\/#primaryimage\"},\"image\":{\"@id\":\"https:\/\/qblades.nl\/fr\/devenez-distributeur\/#primaryimage\"},\"thumbnailUrl\":\"https:\/\/qblades.nl\/wp-content\/uploads\/2025\/10\/check.png\",\"datePublished\":\"2025-10-30T13:51:01+00:00\",\"dateModified\":\"2025-11-04T15:54:11+00:00\",\"breadcrumb\":{\"@id\":\"https:\/\/qblades.nl\/fr\/devenez-distributeur\/#breadcrumb\"},\"inLanguage\":\"fr-FR\",\"potentialAction\":[{\"@type\":\"ReadAction\",\"target\":[\"https:\/\/qblades.nl\/fr\/devenez-distributeur\/\"]}]},{\"@type\":\"ImageObject\",\"inLanguage\":\"fr-FR\",\"@id\":\"https:\/\/qblades.nl\/fr\/devenez-distributeur\/#primaryimage\",\"url\":\"https:\/\/qblades.nl\/wp-content\/uploads\/2025\/10\/check.png\",\"contentUrl\":\"https:\/\/qblades.nl\/wp-content\/uploads\/2025\/10\/check.png\"},{\"@type\":\"BreadcrumbList\",\"@id\":\"https:\/\/qblades.nl\/fr\/devenez-distributeur\/#breadcrumb\",\"itemListElement\":[{\"@type\":\"ListItem\",\"position\":1,\"name\":\"Home\",\"item\":\"https:\/\/qblades.nl\/fr\/homepage\/\"},{\"@type\":\"ListItem\",\"position\":2,\"name\":\"DEVENEZ DISTRIBUTEUR\"}]},{\"@type\":\"WebSite\",\"@id\":\"https:\/\/qblades.nl\/#website\",\"url\":\"https:\/\/qblades.nl\/\",\"name\":\"Qblades\",\"description\":\"importeur en distributeur van Multitool zaagbladen en accessoires\",\"publisher\":{\"@id\":\"https:\/\/qblades.nl\/#organization\"},\"potentialAction\":[{\"@type\":\"SearchAction\",\"target\":{\"@type\":\"EntryPoint\",\"urlTemplate\":\"https:\/\/qblades.nl\/?s={search_term_string}\"},\"query-input\":{\"@type\":\"PropertyValueSpecification\",\"valueRequired\":true,\"valueName\":\"search_term_string\"}}],\"inLanguage\":\"fr-FR\"},{\"@type\":\"Organization\",\"@id\":\"https:\/\/qblades.nl\/#organization\",\"name\":\"Qblades\",\"url\":\"https:\/\/qblades.nl\/\",\"logo\":{\"@type\":\"ImageObject\",\"inLanguage\":\"fr-FR\",\"@id\":\"https:\/\/qblades.nl\/#\/schema\/logo\/image\/\",\"url\":\"http:\/\/qblades.nl\/wp-content\/uploads\/2022\/08\/logo-qblades.png\",\"contentUrl\":\"http:\/\/qblades.nl\/wp-content\/uploads\/2022\/08\/logo-qblades.png\",\"width\":2840,\"height\":1420,\"caption\":\"Qblades\"},\"image\":{\"@id\":\"https:\/\/qblades.nl\/#\/schema\/logo\/image\/\"},\"sameAs\":[\"https:\/\/www.facebook.com\/qbladescom\/\",\"https:\/\/www.linkedin.com\/company\/qblades\"]}]}<\/script>\n<!-- \/ Yoast SEO plugin. -->","yoast_head_json":{"title":"DEVENEZ DISTRIBUTEUR - Qblades","robots":{"index":"index","follow":"follow","max-snippet":"max-snippet:-1","max-image-preview":"max-image-preview:large","max-video-preview":"max-video-preview:-1"},"canonical":"https:\/\/qblades.nl\/fr\/devenez-distributeur\/","og_locale":"fr_FR","og_type":"article","og_title":"DEVENEZ DISTRIBUTEUR - Qblades","og_url":"https:\/\/qblades.nl\/fr\/devenez-distributeur\/","og_site_name":"Qblades","article_publisher":"https:\/\/www.facebook.com\/qbladescom\/","article_modified_time":"2025-11-04T15:54:11+00:00","og_image":[{"url":"https:\/\/qblades.nl\/wp-content\/uploads\/2025\/10\/check.png","type":"","width":"","height":""}],"twitter_card":"summary_large_image","twitter_misc":{"Dur\u00e9e de lecture estim\u00e9e":"2 minutes"},"schema":{"@context":"https:\/\/schema.org","@graph":[{"@type":"WebPage","@id":"https:\/\/qblades.nl\/fr\/devenez-distributeur\/","url":"https:\/\/qblades.nl\/fr\/devenez-distributeur\/","name":"DEVENEZ DISTRIBUTEUR - Qblades","isPartOf":{"@id":"https:\/\/qblades.nl\/#website"},"primaryImageOfPage":{"@id":"https:\/\/qblades.nl\/fr\/devenez-distributeur\/#primaryimage"},"image":{"@id":"https:\/\/qblades.nl\/fr\/devenez-distributeur\/#primaryimage"},"thumbnailUrl":"https:\/\/qblades.nl\/wp-content\/uploads\/2025\/10\/check.png","datePublished":"2025-10-30T13:51:01+00:00","dateModified":"2025-11-04T15:54:11+00:00","breadcrumb":{"@id":"https:\/\/qblades.nl\/fr\/devenez-distributeur\/#breadcrumb"},"inLanguage":"fr-FR","potentialAction":[{"@type":"ReadAction","target":["https:\/\/qblades.nl\/fr\/devenez-distributeur\/"]}]},{"@type":"ImageObject","inLanguage":"fr-FR","@id":"https:\/\/qblades.nl\/fr\/devenez-distributeur\/#primaryimage","url":"https:\/\/qblades.nl\/wp-content\/uploads\/2025\/10\/check.png","contentUrl":"https:\/\/qblades.nl\/wp-content\/uploads\/2025\/10\/check.png"},{"@type":"BreadcrumbList","@id":"https:\/\/qblades.nl\/fr\/devenez-distributeur\/#breadcrumb","itemListElement":[{"@type":"ListItem","position":1,"name":"Home","item":"https:\/\/qblades.nl\/fr\/homepage\/"},{"@type":"ListItem","position":2,"name":"DEVENEZ DISTRIBUTEUR"}]},{"@type":"WebSite","@id":"https:\/\/qblades.nl\/#website","url":"https:\/\/qblades.nl\/","name":"Qblades","description":"importeur en distributeur van Multitool zaagbladen en accessoires","publisher":{"@id":"https:\/\/qblades.nl\/#organization"},"potentialAction":[{"@type":"SearchAction","target":{"@type":"EntryPoint","urlTemplate":"https:\/\/qblades.nl\/?s={search_term_string}"},"query-input":{"@type":"PropertyValueSpecification","valueRequired":true,"valueName":"search_term_string"}}],"inLanguage":"fr-FR"},{"@type":"Organization","@id":"https:\/\/qblades.nl\/#organization","name":"Qblades","url":"https:\/\/qblades.nl\/","logo":{"@type":"ImageObject","inLanguage":"fr-FR","@id":"https:\/\/qblades.nl\/#\/schema\/logo\/image\/","url":"http:\/\/qblades.nl\/wp-content\/uploads\/2022\/08\/logo-qblades.png","contentUrl":"http:\/\/qblades.nl\/wp-content\/uploads\/2022\/08\/logo-qblades.png","width":2840,"height":1420,"caption":"Qblades"},"image":{"@id":"https:\/\/qblades.nl\/#\/schema\/logo\/image\/"},"sameAs":["https:\/\/www.facebook.com\/qbladescom\/","https:\/\/www.linkedin.com\/company\/qblades"]}]}},"_links":{"self":[{"href":"https:\/\/qblades.nl\/fr\/wp-json\/wp\/v2\/pages\/21225","targetHints":{"allow":["GET"]}}],"collection":[{"href":"https:\/\/qblades.nl\/fr\/wp-json\/wp\/v2\/pages"}],"about":[{"href":"https:\/\/qblades.nl\/fr\/wp-json\/wp\/v2\/types\/page"}],"author":[{"embeddable":true,"href":"https:\/\/qblades.nl\/fr\/wp-json\/wp\/v2\/users\/1"}],"replies":[{"embeddable":true,"href":"https:\/\/qblades.nl\/fr\/wp-json\/wp\/v2\/comments?post=21225"}],"version-history":[{"count":6,"href":"https:\/\/qblades.nl\/fr\/wp-json\/wp\/v2\/pages\/21225\/revisions"}],"predecessor-version":[{"id":21288,"href":"https:\/\/qblades.nl\/fr\/wp-json\/wp\/v2\/pages\/21225\/revisions\/21288"}],"wp:attachment":[{"href":"https:\/\/qblades.nl\/fr\/wp-json\/wp\/v2\/media?parent=21225"}],"curies":[{"name":"wp","href":"https:\/\/api.w.org\/{rel}","templated":true}]}}