{"id":6293,"date":"2017-05-10T09:02:57","date_gmt":"2017-05-10T07:02:57","guid":{"rendered":"http:\/\/qblades.nl\/about-us\/"},"modified":"2025-11-11T12:45:53","modified_gmt":"2025-11-11T11:45:53","slug":"about-us","status":"publish","type":"page","link":"https:\/\/qblades.nl\/fr\/about-us\/","title":{"rendered":"QUI NOUS SOMMES"},"content":{"rendered":"\n<style type=\"text\/css\" data-created_by=\"avia_inline_auto\" id=\"style-css-av-klulcu27-58f8cfd09199ab3eaeed592a0a9c3f7c\">\n#top .hr.hr-invisible.av-klulcu27-58f8cfd09199ab3eaeed592a0a9c3f7c{\nheight:40px;\n}\n<\/style>\n<div  class='hr av-klulcu27-58f8cfd09199ab3eaeed592a0a9c3f7c hr-invisible  avia-builder-el-0  el_before_av_one_fifth  avia-builder-el-first '><span class='hr-inner '><span class=\"hr-inner-style\"><\/span><\/span><\/div>\n<div  class='flex_column av-av_one_fifth-bea2f9001043b2450f2ac894d1b6393b av_one_fifth  avia-builder-el-1  el_after_av_hr  el_before_av_three_fifth  first flex_column_div  '     ><\/div>\n\n<style type=\"text\/css\" data-created_by=\"avia_inline_auto\" id=\"style-css-av-4fxldd-a1eac906c46ccde33c6264f74fff757f\">\n.flex_column.av-4fxldd-a1eac906c46ccde33c6264f74fff757f{\nborder-radius:0px 0px 0px 0px;\npadding:0px 0px 0px 0px;\n}\n<\/style>\n<div  class='flex_column av-4fxldd-a1eac906c46ccde33c6264f74fff757f av_three_fifth  avia-builder-el-2  el_after_av_one_fifth  el_before_av_one_fifth  flex_column_div av-zero-column-padding  '     ><section  class='av_textblock_section av-klularjz-b424bdd2b672fc42a98c858db1685c0a '   itemscope=\"itemscope\" itemtype=\"https:\/\/schema.org\/CreativeWork\" ><div class='avia_textblock'  itemprop=\"text\" ><h1>QUI NOUS SOMMES<\/h1>\n<\/div><\/section><br \/>\n<section  class='av_textblock_section av-k7x6deis-643935b8eafbf1f96a31c5055bd064cd '   itemscope=\"itemscope\" itemtype=\"https:\/\/schema.org\/CreativeWork\" ><div class='avia_textblock'  itemprop=\"text\" ><h3>La naissance de Qblades<\/h3>\n<p>Qblades a \u00e9t\u00e9 fond\u00e9e il y a 6 ans par deux professionnels passionn\u00e9s de la construction et du batiment et maintenant, leurs lames de scie se retrouvent sur tous les chantiers de construction au Pays Bas, mais \u00e9galement en Europe. Daan Broersen et George van Haaster avaient tous deux une entreprise de construction et rencontr\u00e9 des difficult\u00e9s face \u00e0 la mauvaise qualit\u00e9 des lame de scie qui n&#8217;\u00e9tait pas en fase avec le prix pay\u00e9 de +\/- 16,00\u20ac. De nos jours, chaque menuisier, \u00e9lectricien, plombier ou autre artisan dans la construction, a un outil multifonctions dans sa camionnette, mais en ce qui concerne les lames de scie, il n&#8217;y avait pas vraiment de bonne alternative.<\/p>\n<p>La solution apport\u00e9 par les lames de scie Qblades, qui garantissaient enfin plus de m\u00e8tre pour son argent, a cr\u00e9\u00e9 une forte demande en quincaillerie et chez les grossistes de materiel de construction. Cela leur a permis de se cr\u00e9er une place dans de nombreux magasins \u00e0 cot\u00e9 d&#8217;autre grandes marques. Gr\u00e2ce \u00e0 un excellent rapport qualit\u00e9\/prix, une gamme compl\u00e8te et beaucoup d&#8217;enthousiasme, les lames de scie sont d\u00e9sormais disponibles dans plus de 500 magasins au Benelux. De plus, nous travaillons en collaboration avec des importateurs et avec d&#8217;autres marques professionnelles dans toute l&#8217;Europe qui vendent le concept Qblades sous leur propre marque.<\/p>\n<p>Apr\u00e8s 2 ans de tests, Qblades a introduit une gamme compl\u00e8te de lames de scies sauteuses et de scies sabres en 2024. Au total, 60 nouveaux articles de tr\u00e8s haute qualit\u00e9 sont disponibles directement sur stock. Comme pour le multitool, l&#8217;assortiment est divis\u00e9 en diff\u00e9rentes cat\u00e9gories et se pr\u00e9sente bien entendu dans un emballage sans plastique. Entre-temps, la nouvelle gamme est disponible chez la plupart des revendeurs Qblades.<\/p>\n<\/div><\/section><br \/>\n<div  class='avia-video av-2zpvm9-75c4937a633d0f05f7ea6fc9892e0b3a avia-video-16-9 av-no-preview-image avia-video-load-always av-lazyload-immediate av-lazyload-video-embed'  itemprop=\"video\" itemtype=\"https:\/\/schema.org\/VideoObject\"  data-original_url='https:\/\/www.youtube.com\/watch?v=wxQ0-WhBsUk'><script type='text\/html' class='av-video-tmpl'><div class='avia-iframe-wrap'><iframe loading=\"lazy\" width=\"1500\" height=\"844\" src=\"https:\/\/www.youtube.com\/embed\/wxQ0-WhBsUk?feature=oembed&autoplay=0&loop=0&controls=1&mute=0\" frameborder=\"0\" allowfullscreen><\/iframe><\/div><\/script><div class='av-click-to-play-overlay'><div class=\"avia_playpause_icon\"><\/div><\/div><\/div><br \/>\n<section  class='av_textblock_section av-k7x6deis-4a7b4af8fc4a49702219574e1f94c7fa '   itemscope=\"itemscope\" itemtype=\"https:\/\/schema.org\/CreativeWork\" ><div class='avia_textblock'  itemprop=\"text\" ><h3>Le choix des professionnels<\/h3>\n<p>Au jour d&#8217;aujourd&#8217;hui, les outils multifonctions ne peuvent plus \u00eatre ignor\u00e9s dans le monde du batiment et du bricolage. Qblades fournit des lames de scie pour chaque outils multifonctions et vous offre le meilleur rapport qualit\u00e9 \/ prix.<\/p>\n<p>Les lames de scie multitools sont disponibles en 4 connexions diff\u00e9rentes.<br \/>\nOptez pour la facilit\u00e9 avec la nouvelle connexion Starlock (SL) ou utilisez la connexion universelle (UN), Supercut (SC) ou DeWalt (DW) actuelle. Toutes les lames de scie Qblades sont fabriqu\u00e9es \u00e0 partir de mat\u00e9riaux de haute qualit\u00e9 et sont \u00e0 un prix attractif. Bref, plus de m\u00e8tre pour votre argent! &#8221;<\/p>\n<h3>La bonne lame de scie pour chaque type de travaux<\/h3>\n<p>&#8220;Si vous ne sciez que du bois ou du PVC, utilisez une lame de scie HCS. Si vous souhaitez couper des profiles, des clous ou m\u00eame un tube m\u00e9tallique et \u00e9galement du bois, choisissez dans ce cas une lame bim\u00e9tallique. Les lames de scie extra robustes de Qblades r\u00e9pondent pr\u00e9sentes \u00e0 toutes les exigences quotidiennes des professionnels.<\/p>\n<p>Diff\u00e9rentes lames de scie avec carbure ou diamant sont disponibles pour remplacer un carrelage de salle de bain ou une autre r\u00e9paration dans de la pierre ou du b\u00e9ton. Qblades propose \u00e9galement divers accessoires dans sa gamme pour \u00e9liminer les r\u00e9sidus de mastique ou de colle.<\/p>\n<p>Nous vous souhaitons bonne chance avec vos prochain projet de bricolage!<\/p>\n<p>Ce qui suit s&#8217;applique sur tout l&#8217;assortiment des lames de scie: Toujours 10 + 1 gratuite!<br \/>\nDisponible chez des grossiste de materiel de bricolage.<\/p>\n<p>L&#8217;\u00e9quipe Qblades.<\/p>\n<\/div><\/section><\/p><\/div>\n<div  class='flex_column av-av_one_fifth-4b43c9b03dde107542944c23c0a53a7c av_one_fifth  avia-builder-el-7  el_after_av_three_fifth  avia-builder-el-last  flex_column_div  '     ><\/div>\n","protected":false},"excerpt":{"rendered":"","protected":false},"author":1,"featured_media":0,"parent":0,"menu_order":0,"comment_status":"closed","ping_status":"closed","template":"","meta":{"_monsterinsights_skip_tracking":false,"_monsterinsights_sitenote_active":false,"_monsterinsights_sitenote_note":"","_monsterinsights_sitenote_category":0,"footnotes":""},"class_list":["post-6293","page","type-page","status-publish","hentry"],"yoast_head":"<!-- This site is optimized with the Yoast SEO plugin v27.1.1 - https:\/\/yoast.com\/product\/yoast-seo-wordpress\/ -->\n<title>QUI NOUS SOMMES - Qblades<\/title>\n<meta name=\"robots\" content=\"index, follow, max-snippet:-1, max-image-preview:large, max-video-preview:-1\" \/>\n<link rel=\"canonical\" href=\"https:\/\/qblades.nl\/fr\/about-us\/\" \/>\n<meta property=\"og:locale\" content=\"fr_FR\" \/>\n<meta property=\"og:type\" content=\"article\" \/>\n<meta property=\"og:title\" content=\"QUI NOUS SOMMES - Qblades\" \/>\n<meta property=\"og:url\" content=\"https:\/\/qblades.nl\/fr\/about-us\/\" \/>\n<meta property=\"og:site_name\" content=\"Qblades\" \/>\n<meta property=\"article:publisher\" content=\"https:\/\/www.facebook.com\/qbladescom\/\" \/>\n<meta property=\"article:modified_time\" content=\"2025-11-11T11:45:53+00:00\" \/>\n<meta name=\"twitter:card\" content=\"summary_large_image\" \/>\n<meta name=\"twitter:label1\" content=\"Dur\u00e9e de lecture estim\u00e9e\" \/>\n\t<meta name=\"twitter:data1\" content=\"3 minutes\" \/>\n<script type=\"application\/ld+json\" class=\"yoast-schema-graph\">{\"@context\":\"https:\/\/schema.org\",\"@graph\":[{\"@type\":\"WebPage\",\"@id\":\"https:\/\/qblades.nl\/fr\/about-us\/\",\"url\":\"https:\/\/qblades.nl\/fr\/about-us\/\",\"name\":\"QUI NOUS SOMMES - Qblades\",\"isPartOf\":{\"@id\":\"https:\/\/qblades.nl\/#website\"},\"datePublished\":\"2017-05-10T07:02:57+00:00\",\"dateModified\":\"2025-11-11T11:45:53+00:00\",\"breadcrumb\":{\"@id\":\"https:\/\/qblades.nl\/fr\/about-us\/#breadcrumb\"},\"inLanguage\":\"fr-FR\",\"potentialAction\":[{\"@type\":\"ReadAction\",\"target\":[\"https:\/\/qblades.nl\/fr\/about-us\/\"]}]},{\"@type\":\"BreadcrumbList\",\"@id\":\"https:\/\/qblades.nl\/fr\/about-us\/#breadcrumb\",\"itemListElement\":[{\"@type\":\"ListItem\",\"position\":1,\"name\":\"Home\",\"item\":\"https:\/\/qblades.nl\/fr\/homepage\/\"},{\"@type\":\"ListItem\",\"position\":2,\"name\":\"QUI NOUS SOMMES\"}]},{\"@type\":\"WebSite\",\"@id\":\"https:\/\/qblades.nl\/#website\",\"url\":\"https:\/\/qblades.nl\/\",\"name\":\"Qblades\",\"description\":\"importeur en distributeur van Multitool zaagbladen en accessoires\",\"publisher\":{\"@id\":\"https:\/\/qblades.nl\/#organization\"},\"potentialAction\":[{\"@type\":\"SearchAction\",\"target\":{\"@type\":\"EntryPoint\",\"urlTemplate\":\"https:\/\/qblades.nl\/?s={search_term_string}\"},\"query-input\":{\"@type\":\"PropertyValueSpecification\",\"valueRequired\":true,\"valueName\":\"search_term_string\"}}],\"inLanguage\":\"fr-FR\"},{\"@type\":\"Organization\",\"@id\":\"https:\/\/qblades.nl\/#organization\",\"name\":\"Qblades\",\"url\":\"https:\/\/qblades.nl\/\",\"logo\":{\"@type\":\"ImageObject\",\"inLanguage\":\"fr-FR\",\"@id\":\"https:\/\/qblades.nl\/#\/schema\/logo\/image\/\",\"url\":\"http:\/\/qblades.nl\/wp-content\/uploads\/2022\/08\/logo-qblades.png\",\"contentUrl\":\"http:\/\/qblades.nl\/wp-content\/uploads\/2022\/08\/logo-qblades.png\",\"width\":2840,\"height\":1420,\"caption\":\"Qblades\"},\"image\":{\"@id\":\"https:\/\/qblades.nl\/#\/schema\/logo\/image\/\"},\"sameAs\":[\"https:\/\/www.facebook.com\/qbladescom\/\",\"https:\/\/www.linkedin.com\/company\/qblades\"]}]}<\/script>\n<!-- \/ Yoast SEO plugin. -->","yoast_head_json":{"title":"QUI NOUS SOMMES - Qblades","robots":{"index":"index","follow":"follow","max-snippet":"max-snippet:-1","max-image-preview":"max-image-preview:large","max-video-preview":"max-video-preview:-1"},"canonical":"https:\/\/qblades.nl\/fr\/about-us\/","og_locale":"fr_FR","og_type":"article","og_title":"QUI NOUS SOMMES - Qblades","og_url":"https:\/\/qblades.nl\/fr\/about-us\/","og_site_name":"Qblades","article_publisher":"https:\/\/www.facebook.com\/qbladescom\/","article_modified_time":"2025-11-11T11:45:53+00:00","twitter_card":"summary_large_image","twitter_misc":{"Dur\u00e9e de lecture estim\u00e9e":"3 minutes"},"schema":{"@context":"https:\/\/schema.org","@graph":[{"@type":"WebPage","@id":"https:\/\/qblades.nl\/fr\/about-us\/","url":"https:\/\/qblades.nl\/fr\/about-us\/","name":"QUI NOUS SOMMES - Qblades","isPartOf":{"@id":"https:\/\/qblades.nl\/#website"},"datePublished":"2017-05-10T07:02:57+00:00","dateModified":"2025-11-11T11:45:53+00:00","breadcrumb":{"@id":"https:\/\/qblades.nl\/fr\/about-us\/#breadcrumb"},"inLanguage":"fr-FR","potentialAction":[{"@type":"ReadAction","target":["https:\/\/qblades.nl\/fr\/about-us\/"]}]},{"@type":"BreadcrumbList","@id":"https:\/\/qblades.nl\/fr\/about-us\/#breadcrumb","itemListElement":[{"@type":"ListItem","position":1,"name":"Home","item":"https:\/\/qblades.nl\/fr\/homepage\/"},{"@type":"ListItem","position":2,"name":"QUI NOUS SOMMES"}]},{"@type":"WebSite","@id":"https:\/\/qblades.nl\/#website","url":"https:\/\/qblades.nl\/","name":"Qblades","description":"importeur en distributeur van Multitool zaagbladen en accessoires","publisher":{"@id":"https:\/\/qblades.nl\/#organization"},"potentialAction":[{"@type":"SearchAction","target":{"@type":"EntryPoint","urlTemplate":"https:\/\/qblades.nl\/?s={search_term_string}"},"query-input":{"@type":"PropertyValueSpecification","valueRequired":true,"valueName":"search_term_string"}}],"inLanguage":"fr-FR"},{"@type":"Organization","@id":"https:\/\/qblades.nl\/#organization","name":"Qblades","url":"https:\/\/qblades.nl\/","logo":{"@type":"ImageObject","inLanguage":"fr-FR","@id":"https:\/\/qblades.nl\/#\/schema\/logo\/image\/","url":"http:\/\/qblades.nl\/wp-content\/uploads\/2022\/08\/logo-qblades.png","contentUrl":"http:\/\/qblades.nl\/wp-content\/uploads\/2022\/08\/logo-qblades.png","width":2840,"height":1420,"caption":"Qblades"},"image":{"@id":"https:\/\/qblades.nl\/#\/schema\/logo\/image\/"},"sameAs":["https:\/\/www.facebook.com\/qbladescom\/","https:\/\/www.linkedin.com\/company\/qblades"]}]}},"_links":{"self":[{"href":"https:\/\/qblades.nl\/fr\/wp-json\/wp\/v2\/pages\/6293","targetHints":{"allow":["GET"]}}],"collection":[{"href":"https:\/\/qblades.nl\/fr\/wp-json\/wp\/v2\/pages"}],"about":[{"href":"https:\/\/qblades.nl\/fr\/wp-json\/wp\/v2\/types\/page"}],"author":[{"embeddable":true,"href":"https:\/\/qblades.nl\/fr\/wp-json\/wp\/v2\/users\/1"}],"replies":[{"embeddable":true,"href":"https:\/\/qblades.nl\/fr\/wp-json\/wp\/v2\/comments?post=6293"}],"version-history":[{"count":10,"href":"https:\/\/qblades.nl\/fr\/wp-json\/wp\/v2\/pages\/6293\/revisions"}],"predecessor-version":[{"id":21349,"href":"https:\/\/qblades.nl\/fr\/wp-json\/wp\/v2\/pages\/6293\/revisions\/21349"}],"wp:attachment":[{"href":"https:\/\/qblades.nl\/fr\/wp-json\/wp\/v2\/media?parent=6293"}],"curies":[{"name":"wp","href":"https:\/\/api.w.org\/{rel}","templated":true}]}}