{"id":5039,"date":"2017-04-28T09:14:03","date_gmt":"2015-04-29T07:14:03","guid":{"rendered":"http:\/\/qblades.nl\/product\/un04-zaagblad-standaard-34x40mm-1st-3\/?lang=fr"},"modified":"2016-04-20T14:45:57","modified_gmt":"2016-04-20T12:45:57","slug":"un04-zaagblad-standaard-34x40mm-1st-3","status":"publish","type":"product","link":"https:\/\/qblades.nl\/fr\/product\/un04-zaagblad-standaard-34x40mm-1st-3\/","title":{"rendered":"UN04 Lame de scie 34x40mm"},"content":{"rendered":"<p>Dentelures altern\u00e9es, pour toutes les activit\u00e9s sur bois, plaque de pl\u00e2tre et plastique.<br \/>Simple incision dans le mat\u00e9riau \u00e0 n\u2019importe quel emplacement.<\/p>\n<p>Toutes nos lames de scie et accessoires universels s\u2019adaptent aux marques de multifonctions suivantes.<\/p>\n<p><strong>Marques | Num\u00e9ros de type<br \/><\/strong>-Bosch oa. Type GOP 250 CE | GOP SCE Prof | GOP 10,8 V-Li | GOP 300<br \/>-Bosch oa. Type PMF 180 | PMF 10,8 Li | PMF 190E |PMF 250 CES<br \/>-Craftsman<br \/>-Einhell oa. Type BT-MG 180 v Li-ion | BT-MG 220 E<br \/>-Fein Multimaster oa. Type FMM 250 Q | AFMM 14<br \/>-Ferm Shaper oa. Type OTM 1003 model FOT-180 | OTM 1001<br \/>-Hitachi CV18DBL(W4)-EX<br \/>-Makita Multitool oa. Type BTM40Z, DTM41RMJX3<br \/>-MasterCraft<br \/>-Metabo MT18LTX<br \/>-Milwaukee Multitool oa. Type C12MT<br \/>-Parkside oa. PMFW 280 A2<br \/>-Ridgid Jobmax<br \/>-Ryobi RMT1801M<br \/>-Skill 1150<br \/>-W\u00fcrth Multitool<\/p>\n<p><strong>\u00c9galement adaptable avec adaptateur (UN99) sur:<\/strong><\/p>\n<p><strong>Marques | Num\u00e9ros de type<br \/><\/strong>\u2013 Renovator<br \/>\u2013 Worx Sonicrafter Multitool<\/p>\n<p>Si votre multifonction n\u2019est pas list\u00e9, veuillez nous le faire savoir afin que nous puissions trouver une solution adapt\u00e9e.<\/p>\n","protected":false},"excerpt":{"rendered":"<p><strong>Caract\u00e9ristiques techniques<\/strong><\/p>\n<p>Mat\u00e9riau: HCS<\/p>\n<p>Longueur:40mm<\/p>\n<p>Largeur: 34mm<\/p>\n<p>Marque: Qblades<\/p>\n<p>\u00a0<\/p>\n<p><strong>Adaptable sur Bosch, Fein Multimaster, Einhell, Makita, W\u00fcrth, Milwauke, Metabo, Hitachi et d\u2019autres multifonctions courants (voir ci-dessous).<\/strong><\/p>\n","protected":false},"featured_media":4256,"template":"","meta":{"_monsterinsights_skip_tracking":false,"_monsterinsights_sitenote_active":false,"_monsterinsights_sitenote_note":"","_monsterinsights_sitenote_category":0},"product_brand":[],"product_cat":[161],"product_tag":[404],"class_list":{"0":"post-5039","1":"product","2":"type-product","3":"status-publish","4":"has-post-thumbnail","6":"product_cat-houttoepasbaar-op-alle-gangbare-multitools-fr","7":"product_tag-boschdremelfeinfermhoutmakitamultimasterparkside-pmfw-280pmfqbladesun04zaagbladzaagje-fr","9":"first","10":"instock","11":"product-type-simple"},"yoast_head":"<!-- This site is optimized with the Yoast SEO plugin v27.1.1 - https:\/\/yoast.com\/product\/yoast-seo-wordpress\/ -->\n<title>UN04 Lame de scie 34x40mm - Qblades<\/title>\n<meta name=\"robots\" content=\"index, follow, max-snippet:-1, max-image-preview:large, max-video-preview:-1\" \/>\n<link rel=\"canonical\" href=\"https:\/\/qblades.nl\/fr\/product\/un04-zaagblad-standaard-34x40mm-1st-3\/\" \/>\n<meta property=\"og:locale\" content=\"fr_FR\" \/>\n<meta property=\"og:type\" content=\"article\" \/>\n<meta property=\"og:title\" content=\"UN04 Lame de scie 34x40mm - Qblades\" \/>\n<meta property=\"og:description\" content=\"Caract\u00e9ristiques techniquesMat\u00e9riau: HCSLongueur:40mmLargeur: 34mmMarque: Qblades\u00a0Adaptable sur Bosch, Fein Multimaster, Einhell, Makita, W\u00fcrth, Milwauke, Metabo, Hitachi et d\u2019autres multifonctions courants (voir ci-dessous).\" \/>\n<meta property=\"og:url\" content=\"https:\/\/qblades.nl\/fr\/product\/un04-zaagblad-standaard-34x40mm-1st-3\/\" \/>\n<meta property=\"og:site_name\" content=\"Qblades\" \/>\n<meta property=\"article:publisher\" content=\"https:\/\/www.facebook.com\/qbladescom\/\" \/>\n<meta property=\"article:modified_time\" content=\"2016-04-20T12:45:57+00:00\" \/>\n<meta property=\"og:image\" content=\"https:\/\/qblades.nl\/wp-content\/uploads\/2015\/04\/QBLADES-UN04.jpg\" \/>\n\t<meta property=\"og:image:width\" content=\"2964\" \/>\n\t<meta property=\"og:image:height\" content=\"2964\" \/>\n\t<meta property=\"og:image:type\" content=\"image\/jpeg\" \/>\n<meta name=\"twitter:card\" content=\"summary_large_image\" \/>\n<meta name=\"twitter:label1\" content=\"Dur\u00e9e de lecture estim\u00e9e\" \/>\n\t<meta name=\"twitter:data1\" content=\"1 minute\" \/>\n<script type=\"application\/ld+json\" class=\"yoast-schema-graph\">{\"@context\":\"https:\/\/schema.org\",\"@graph\":[{\"@type\":\"WebPage\",\"@id\":\"https:\/\/qblades.nl\/fr\/product\/un04-zaagblad-standaard-34x40mm-1st-3\/\",\"url\":\"https:\/\/qblades.nl\/fr\/product\/un04-zaagblad-standaard-34x40mm-1st-3\/\",\"name\":\"UN04 Lame de scie 34x40mm - Qblades\",\"isPartOf\":{\"@id\":\"https:\/\/qblades.nl\/#website\"},\"primaryImageOfPage\":{\"@id\":\"https:\/\/qblades.nl\/fr\/product\/un04-zaagblad-standaard-34x40mm-1st-3\/#primaryimage\"},\"image\":{\"@id\":\"https:\/\/qblades.nl\/fr\/product\/un04-zaagblad-standaard-34x40mm-1st-3\/#primaryimage\"},\"thumbnailUrl\":\"https:\/\/qblades.nl\/wp-content\/uploads\/2015\/04\/QBLADES-UN04.jpg\",\"datePublished\":\"2015-04-29T07:14:03+00:00\",\"dateModified\":\"2016-04-20T12:45:57+00:00\",\"breadcrumb\":{\"@id\":\"https:\/\/qblades.nl\/fr\/product\/un04-zaagblad-standaard-34x40mm-1st-3\/#breadcrumb\"},\"inLanguage\":\"fr-FR\",\"potentialAction\":[{\"@type\":\"ReadAction\",\"target\":[\"https:\/\/qblades.nl\/fr\/product\/un04-zaagblad-standaard-34x40mm-1st-3\/\"]}]},{\"@type\":\"ImageObject\",\"inLanguage\":\"fr-FR\",\"@id\":\"https:\/\/qblades.nl\/fr\/product\/un04-zaagblad-standaard-34x40mm-1st-3\/#primaryimage\",\"url\":\"https:\/\/qblades.nl\/wp-content\/uploads\/2015\/04\/QBLADES-UN04.jpg\",\"contentUrl\":\"https:\/\/qblades.nl\/wp-content\/uploads\/2015\/04\/QBLADES-UN04.jpg\",\"width\":2964,\"height\":2964},{\"@type\":\"BreadcrumbList\",\"@id\":\"https:\/\/qblades.nl\/fr\/product\/un04-zaagblad-standaard-34x40mm-1st-3\/#breadcrumb\",\"itemListElement\":[{\"@type\":\"ListItem\",\"position\":1,\"name\":\"Home\",\"item\":\"https:\/\/qblades.nl\/fr\/homepage\/\"},{\"@type\":\"ListItem\",\"position\":2,\"name\":\"Producten\",\"item\":\"https:\/\/qblades.nl\/products\/\"},{\"@type\":\"ListItem\",\"position\":3,\"name\":\"UN04 Lame de scie 34x40mm\"}]},{\"@type\":\"WebSite\",\"@id\":\"https:\/\/qblades.nl\/#website\",\"url\":\"https:\/\/qblades.nl\/\",\"name\":\"Qblades\",\"description\":\"importeur en distributeur van Multitool zaagbladen en accessoires\",\"publisher\":{\"@id\":\"https:\/\/qblades.nl\/#organization\"},\"potentialAction\":[{\"@type\":\"SearchAction\",\"target\":{\"@type\":\"EntryPoint\",\"urlTemplate\":\"https:\/\/qblades.nl\/?s={search_term_string}\"},\"query-input\":{\"@type\":\"PropertyValueSpecification\",\"valueRequired\":true,\"valueName\":\"search_term_string\"}}],\"inLanguage\":\"fr-FR\"},{\"@type\":\"Organization\",\"@id\":\"https:\/\/qblades.nl\/#organization\",\"name\":\"Qblades\",\"url\":\"https:\/\/qblades.nl\/\",\"logo\":{\"@type\":\"ImageObject\",\"inLanguage\":\"fr-FR\",\"@id\":\"https:\/\/qblades.nl\/#\/schema\/logo\/image\/\",\"url\":\"http:\/\/qblades.nl\/wp-content\/uploads\/2022\/08\/logo-qblades.png\",\"contentUrl\":\"http:\/\/qblades.nl\/wp-content\/uploads\/2022\/08\/logo-qblades.png\",\"width\":2840,\"height\":1420,\"caption\":\"Qblades\"},\"image\":{\"@id\":\"https:\/\/qblades.nl\/#\/schema\/logo\/image\/\"},\"sameAs\":[\"https:\/\/www.facebook.com\/qbladescom\/\",\"https:\/\/www.linkedin.com\/company\/qblades\"]}]}<\/script>\n<!-- \/ Yoast SEO plugin. -->","yoast_head_json":{"title":"UN04 Lame de scie 34x40mm - Qblades","robots":{"index":"index","follow":"follow","max-snippet":"max-snippet:-1","max-image-preview":"max-image-preview:large","max-video-preview":"max-video-preview:-1"},"canonical":"https:\/\/qblades.nl\/fr\/product\/un04-zaagblad-standaard-34x40mm-1st-3\/","og_locale":"fr_FR","og_type":"article","og_title":"UN04 Lame de scie 34x40mm - Qblades","og_description":"Caract\u00e9ristiques techniquesMat\u00e9riau: HCSLongueur:40mmLargeur: 34mmMarque: Qblades\u00a0Adaptable sur Bosch, Fein Multimaster, Einhell, Makita, W\u00fcrth, Milwauke, Metabo, Hitachi et d\u2019autres multifonctions courants (voir ci-dessous).","og_url":"https:\/\/qblades.nl\/fr\/product\/un04-zaagblad-standaard-34x40mm-1st-3\/","og_site_name":"Qblades","article_publisher":"https:\/\/www.facebook.com\/qbladescom\/","article_modified_time":"2016-04-20T12:45:57+00:00","og_image":[{"width":2964,"height":2964,"url":"https:\/\/qblades.nl\/wp-content\/uploads\/2015\/04\/QBLADES-UN04.jpg","type":"image\/jpeg"}],"twitter_card":"summary_large_image","twitter_misc":{"Dur\u00e9e de lecture estim\u00e9e":"1 minute"},"schema":{"@context":"https:\/\/schema.org","@graph":[{"@type":"WebPage","@id":"https:\/\/qblades.nl\/fr\/product\/un04-zaagblad-standaard-34x40mm-1st-3\/","url":"https:\/\/qblades.nl\/fr\/product\/un04-zaagblad-standaard-34x40mm-1st-3\/","name":"UN04 Lame de scie 34x40mm - Qblades","isPartOf":{"@id":"https:\/\/qblades.nl\/#website"},"primaryImageOfPage":{"@id":"https:\/\/qblades.nl\/fr\/product\/un04-zaagblad-standaard-34x40mm-1st-3\/#primaryimage"},"image":{"@id":"https:\/\/qblades.nl\/fr\/product\/un04-zaagblad-standaard-34x40mm-1st-3\/#primaryimage"},"thumbnailUrl":"https:\/\/qblades.nl\/wp-content\/uploads\/2015\/04\/QBLADES-UN04.jpg","datePublished":"2015-04-29T07:14:03+00:00","dateModified":"2016-04-20T12:45:57+00:00","breadcrumb":{"@id":"https:\/\/qblades.nl\/fr\/product\/un04-zaagblad-standaard-34x40mm-1st-3\/#breadcrumb"},"inLanguage":"fr-FR","potentialAction":[{"@type":"ReadAction","target":["https:\/\/qblades.nl\/fr\/product\/un04-zaagblad-standaard-34x40mm-1st-3\/"]}]},{"@type":"ImageObject","inLanguage":"fr-FR","@id":"https:\/\/qblades.nl\/fr\/product\/un04-zaagblad-standaard-34x40mm-1st-3\/#primaryimage","url":"https:\/\/qblades.nl\/wp-content\/uploads\/2015\/04\/QBLADES-UN04.jpg","contentUrl":"https:\/\/qblades.nl\/wp-content\/uploads\/2015\/04\/QBLADES-UN04.jpg","width":2964,"height":2964},{"@type":"BreadcrumbList","@id":"https:\/\/qblades.nl\/fr\/product\/un04-zaagblad-standaard-34x40mm-1st-3\/#breadcrumb","itemListElement":[{"@type":"ListItem","position":1,"name":"Home","item":"https:\/\/qblades.nl\/fr\/homepage\/"},{"@type":"ListItem","position":2,"name":"Producten","item":"https:\/\/qblades.nl\/products\/"},{"@type":"ListItem","position":3,"name":"UN04 Lame de scie 34x40mm"}]},{"@type":"WebSite","@id":"https:\/\/qblades.nl\/#website","url":"https:\/\/qblades.nl\/","name":"Qblades","description":"importeur en distributeur van Multitool zaagbladen en accessoires","publisher":{"@id":"https:\/\/qblades.nl\/#organization"},"potentialAction":[{"@type":"SearchAction","target":{"@type":"EntryPoint","urlTemplate":"https:\/\/qblades.nl\/?s={search_term_string}"},"query-input":{"@type":"PropertyValueSpecification","valueRequired":true,"valueName":"search_term_string"}}],"inLanguage":"fr-FR"},{"@type":"Organization","@id":"https:\/\/qblades.nl\/#organization","name":"Qblades","url":"https:\/\/qblades.nl\/","logo":{"@type":"ImageObject","inLanguage":"fr-FR","@id":"https:\/\/qblades.nl\/#\/schema\/logo\/image\/","url":"http:\/\/qblades.nl\/wp-content\/uploads\/2022\/08\/logo-qblades.png","contentUrl":"http:\/\/qblades.nl\/wp-content\/uploads\/2022\/08\/logo-qblades.png","width":2840,"height":1420,"caption":"Qblades"},"image":{"@id":"https:\/\/qblades.nl\/#\/schema\/logo\/image\/"},"sameAs":["https:\/\/www.facebook.com\/qbladescom\/","https:\/\/www.linkedin.com\/company\/qblades"]}]}},"_links":{"self":[{"href":"https:\/\/qblades.nl\/fr\/wp-json\/wp\/v2\/product\/5039","targetHints":{"allow":["GET"]}}],"collection":[{"href":"https:\/\/qblades.nl\/fr\/wp-json\/wp\/v2\/product"}],"about":[{"href":"https:\/\/qblades.nl\/fr\/wp-json\/wp\/v2\/types\/product"}],"wp:featuredmedia":[{"embeddable":true,"href":"https:\/\/qblades.nl\/fr\/wp-json\/wp\/v2\/media\/4256"}],"wp:attachment":[{"href":"https:\/\/qblades.nl\/fr\/wp-json\/wp\/v2\/media?parent=5039"}],"wp:term":[{"taxonomy":"product_brand","embeddable":true,"href":"https:\/\/qblades.nl\/fr\/wp-json\/wp\/v2\/product_brand?post=5039"},{"taxonomy":"product_cat","embeddable":true,"href":"https:\/\/qblades.nl\/fr\/wp-json\/wp\/v2\/product_cat?post=5039"},{"taxonomy":"product_tag","embeddable":true,"href":"https:\/\/qblades.nl\/fr\/wp-json\/wp\/v2\/product_tag?post=5039"}],"curies":[{"name":"wp","href":"https:\/\/api.w.org\/{rel}","templated":true}]}}